{"id":536,"date":"2024-04-13T16:54:36","date_gmt":"2024-04-13T09:54:36","guid":{"rendered":"https:\/\/tuibanhmidep.com\/bai-viet\/shop\/in-80000-tui-giay-dung-banh-mi-giay-kraft-lua-chon-an-toan-va-than-thien-voi-moi-truong-skubmd_5865\/"},"modified":"2024-04-13T16:54:36","modified_gmt":"2024-04-13T09:54:36","slug":"in-80000-tui-giay-dung-banh-mi-giay-kraft-lua-chon-an-toan-va-than-thien-voi-moi-truong-skubmd_5865","status":"publish","type":"product","link":"https:\/\/tuibanhmidep.com\/bai-viet\/shop\/in-80000-tui-giay-dung-banh-mi-giay-kraft-lua-chon-an-toan-va-than-thien-voi-moi-truong-skubmd_5865\/","title":{"rendered":"In 80000 T\u00fai Gi\u1ea5y \u0110\u1ef1ng B\u00e1nh M\u00ec Gi\u1ea5y Kraft: L\u1ef1a Ch\u1ecdn An To\u00e0n v\u00e0 Th\u00e2n Thi\u1ec7n V\u1edbi M\u00f4i Tr\u01b0\u1eddng (SKU:BMD_5865)"},"content":{"rendered":"<h2>T\u1ea1i Sao Ch\u1ecdn T\u00fai Gi\u1ea5y \u0110\u1ef1ng B\u00e1nh M\u00ec Gi\u1ea5y Kraft?<\/h2>\n<p><strong>L\u1ee3i \u00edch c\u1ee7a gi\u1ea5y Kraft \u0111\u1ed1i v\u1edbi t\u00fai \u0111\u1ef1ng th\u1ef1c ph\u1ea9m<\/strong><br \/>\nGi\u1ea5y Kraft, m\u1ed9t lo\u1ea1i gi\u1ea5y th\u00f4 v\u00e0 ch\u1eafc, l\u00e0 l\u1ef1a ch\u1ecdn l\u00fd t\u01b0\u1edfng cho c\u00e1c t\u00fai \u0111\u1ef1ng b\u00e1nh m\u00ec b\u1edfi v\u00ec n\u00f3 kh\u00f4ng ch\u1ec9 th\u00e2n thi\u1ec7n v\u1edbi m\u00f4i tr\u01b0\u1eddng m\u00e0 c\u00f2n \u0111\u1ea3m b\u1ea3o \u0111\u1ed9 an to\u00e0n cao khi ti\u1ebfp x\u00fac v\u1edbi th\u1ef1c ph\u1ea9m. T\u00fai gi\u1ea5y \u0111\u1ef1ng b\u00e1nh m\u00ec l\u00e0m t\u1eeb gi\u1ea5y Kraft kh\u00f4ng ch\u1ee9a ch\u1ea5t \u0111\u1ed9c h\u1ea1i, kh\u00f4ng g\u00e2y h\u1ea1i cho s\u1ee9c kh\u1ecfe ng\u01b0\u1eddi ti\u00eau d\u00f9ng v\u00e0 l\u00e0 s\u1ef1 l\u1ef1a ch\u1ecdn b\u1ec1n v\u1eefng, c\u00f3 th\u1ec3 t\u00e1i ch\u1ebf ho\u00e0n to\u00e0n.<\/p>\n<h3>K\u00edch Th\u01b0\u1edbc v\u00e0 Thi\u1ebft K\u1ebf C\u1ee7a T\u00fai Gi\u1ea5y \u0110\u1ef1ng B\u00e1nh M\u00ec<\/h3>\n<p>Th\u00f4ng th\u01b0\u1eddng, m\u1ed9t t\u00fai gi\u1ea5y \u0111\u1ef1ng b\u00e1nh m\u00ec c\u00f3 k\u00edch th\u01b0\u1edbc ngang 9.5cm, cao 24.5cm v\u00e0 hai b\u00ean h\u00f4ng r\u1ed9ng 4.5cm, \u0111\u1ee7 r\u1ed9ng \u0111\u1ec3 \u0111\u1ef1ng m\u1ed9t \u1ed5 b\u00e1nh m\u00ec Vi\u1ec7t Nam m\u00e0 kh\u00f4ng l\u00e0m m\u1ea5t \u0111i h\u00ecnh d\u00e1ng hay v\u1ebb ngo\u00e0i c\u1ee7a b\u00e1nh. \u0110\u00e2y l\u00e0 k\u00edch th\u01b0\u1edbc ti\u00eau chu\u1ea9n gi\u00fap ng\u01b0\u1eddi b\u00e1n v\u00e0 ng\u01b0\u1eddi mua b\u00e1nh m\u00ec d\u1ec5 d\u00e0ng s\u1eed d\u1ee5ng v\u00e0 mang \u0111i.<\/p>\n<p><strong>Kh\u1ea3 n\u0103ng Ph\u00e2n H\u1ee7y Sinh H\u1ecdc v\u00e0 B\u1ea3o V\u1ec7 M\u00f4i Tr\u01b0\u1eddng<\/strong><br \/>\nT\u00fai gi\u1ea5y \u0111\u1ef1ng b\u00e1nh m\u00ec gi\u1ea5y Kraft kh\u00f4ng ch\u1ec9 an to\u00e0n khi ti\u1ebfp x\u00fac v\u1edbi th\u1ef1c ph\u1ea9m m\u00e0 c\u00f2n g\u00f3p ph\u1ea7n b\u1ea3o v\u1ec7 m\u00f4i tr\u01b0\u1eddng nh\u1edd v\u00e0o kh\u1ea3 n\u0103ng ph\u00e2n h\u1ee7y sinh h\u1ecdc. S\u1eed d\u1ee5ng t\u00fai gi\u1ea5y trong vi\u1ec7c \u0111\u1ef1ng b\u00e1nh m\u00ec g\u00f3p ph\u1ea7n gi\u1ea3m l\u01b0\u1ee3ng r\u00e1c th\u1ea3i nh\u1ef1a, t\u1eeb \u0111\u00f3 h\u1ed7 tr\u1ee3 chi\u1ebfn l\u01b0\u1ee3c b\u1ea3o v\u1ec7 m\u00f4i tr\u01b0\u1eddng b\u1ec1n v\u1eefng.<\/p>\n<h3>S\u1ef1 \u0110a D\u1ea1ng C\u1ee7a C\u00e1c Lo\u1ea1i T\u00fai \u0110\u1ef1ng B\u00e1nh M\u00ec<\/h3>\n<p>Ngo\u00e0i ra, c\u00e1c t\u00fai gi\u1ea5y \u0111\u1ef1ng b\u00e1nh m\u00ec c\u00f2n c\u00f3 th\u1ec3 \u0111\u01b0\u1ee3c s\u1ea3n xu\u1ea5t v\u1edbi nhi\u1ec1u lo\u1ea1i gi\u1ea5y kh\u00e1c nhau nh\u01b0 gi\u1ea5y MG hay gi\u1ea5y th\u1ef1c ph\u1ea9m kh\u00e1c, t\u00f9y thu\u1ed9c v\u00e0o nhu c\u1ea7u v\u00e0 s\u1edf th\u00edch c\u1ee7a kh\u00e1ch h\u00e0ng. Tuy nhi\u00ean, gi\u1ea5y Kraft v\u1eabn \u0111\u01b0\u1ee3c \u01b0a chu\u1ed9ng v\u00ec \u0111\u1ed9 b\u1ec1n v\u00e0 kh\u1ea3 n\u0103ng ch\u1ecbu \u0111\u1ef1ng m\u00f4i tr\u01b0\u1eddng t\u1ed1t, \u0111\u1eb7c bi\u1ec7t l\u00e0 trong c\u00e1c \u0111i\u1ec1u ki\u1ec7n \u1ea9m \u01b0\u1edbt hay d\u1ea7u m\u1ee1 t\u1eeb th\u1ef1c ph\u1ea9m.<\/p>\n<p>t\u00fai gi\u1ea5y \u0111\u1ef1ng b\u00e1nh m\u00ec, gi\u1ea5y Kraft, t\u00fai gi\u1ea5y th\u00e2n thi\u1ec7n m\u00f4i tr\u01b0\u1eddng, t\u00fai gi\u1ea5y an to\u00e0n th\u1ef1c ph\u1ea9m, t\u00fai gi\u1ea5y ph\u00e2n h\u1ee7y sinh h\u1ecdc, t\u00fai gi\u1ea5y ti\u00eau chu\u1ea9n, bao b\u00e1nh m\u00ec gi\u1ea5y Kraft<\/p>\n","protected":false},"excerpt":{"rendered":"<p>K\u00edch th\u01b0\u1edbc 9.5&#215;4.5x24cm, \u0111\u1ecbnh l\u01b0\u1ee3ng gi\u1ea5y 50gsm. Kh\u00e1m ph\u00e1 nh\u1eefng \u01b0u \u0111i\u1ec3m v\u01b0\u1ee3t tr\u1ed9i c\u1ee7a t\u00fai gi\u1ea5y \u0111\u1ef1ng b\u00e1nh m\u00ec gi\u1ea5y Kraft, m\u1ed9t gi\u1ea3i ph\u00e1p th\u00e2n thi\u1ec7n v\u1edbi m\u00f4i tr\u01b0\u1eddng v\u00e0 an to\u00e0n cho th\u1ef1c ph\u1ea9m.<\/p>\n","protected":false},"featured_media":537,"template":"","meta":[],"product_brand":[],"product_cat":[72],"product_tag":[],"class_list":{"0":"post-536","1":"product","2":"type-product","3":"status-publish","4":"has-post-thumbnail","6":"product_cat-san-pham-tui-banh-mi","8":"first","9":"instock","10":"virtual","11":"product-type-simple"},"_links":{"self":[{"href":"https:\/\/tuibanhmidep.com\/bai-viet\/wp-json\/wp\/v2\/product\/536","targetHints":{"allow":["GET"]}}],"collection":[{"href":"https:\/\/tuibanhmidep.com\/bai-viet\/wp-json\/wp\/v2\/product"}],"about":[{"href":"https:\/\/tuibanhmidep.com\/bai-viet\/wp-json\/wp\/v2\/types\/product"}],"wp:featuredmedia":[{"embeddable":true,"href":"https:\/\/tuibanhmidep.com\/bai-viet\/wp-json\/wp\/v2\/media\/537"}],"wp:attachment":[{"href":"https:\/\/tuibanhmidep.com\/bai-viet\/wp-json\/wp\/v2\/media?parent=536"}],"wp:term":[{"taxonomy":"product_brand","embeddable":true,"href":"https:\/\/tuibanhmidep.com\/bai-viet\/wp-json\/wp\/v2\/product_brand?post=536"},{"taxonomy":"product_cat","embeddable":true,"href":"https:\/\/tuibanhmidep.com\/bai-viet\/wp-json\/wp\/v2\/product_cat?post=536"},{"taxonomy":"product_tag","embeddable":true,"href":"https:\/\/tuibanhmidep.com\/bai-viet\/wp-json\/wp\/v2\/product_tag?post=536"}],"curies":[{"name":"wp","href":"https:\/\/api.w.org\/{rel}","templated":true}]}}