{"id":524,"date":"2024-04-13T13:46:58","date_gmt":"2024-04-13T06:46:58","guid":{"rendered":"https:\/\/tuibanhmidep.com\/bai-viet\/shop\/in-70000-tui-giay-banh-mi-giay-kraft-lua-chon-than-thien-moi-truong-cho-thuc-pham-an-toan-skubmd_1911\/"},"modified":"2024-04-13T13:46:58","modified_gmt":"2024-04-13T06:46:58","slug":"in-70000-tui-giay-banh-mi-giay-kraft-lua-chon-than-thien-moi-truong-cho-thuc-pham-an-toan-skubmd_1911","status":"publish","type":"product","link":"https:\/\/tuibanhmidep.com\/bai-viet\/shop\/in-70000-tui-giay-banh-mi-giay-kraft-lua-chon-than-thien-moi-truong-cho-thuc-pham-an-toan-skubmd_1911\/","title":{"rendered":"In 70000 T\u00fai Gi\u1ea5y B\u00e1nh M\u00ec Gi\u1ea5y Kraft, L\u1ef1a Ch\u1ecdn Th\u00e2n Thi\u1ec7n M\u00f4i Tr\u01b0\u1eddng Cho Th\u1ef1c Ph\u1ea9m An To\u00e0n (SKU:BMD_1911)"},"content":{"rendered":"<h2>T\u1ed5ng Quan v\u1ec1 T\u00fai Gi\u1ea5y B\u00e1nh M\u00ec Gi\u1ea5y Kraft<\/h2>\n<p><strong>T\u00ednh n\u0103ng \u01b0u vi\u1ec7t c\u1ee7a gi\u1ea5y Kraft<\/strong><\/p>\n<p>T\u00fai gi\u1ea5y b\u00e1nh m\u00ec \u0111\u01b0\u1ee3c l\u00e0m t\u1eeb gi\u1ea5y Kraft kh\u00f4ng ch\u1ec9 b\u1ec1n v\u00e0 ch\u1eafc m\u00e0 c\u00f2n \u0111\u1ea3m b\u1ea3o an to\u00e0n khi ti\u1ebfp x\u00fac v\u1edbi th\u1ef1c ph\u1ea9m. Gi\u1ea5y Kraft, v\u1edbi kh\u1ea3 n\u0103ng ph\u00e2n h\u1ee7y sinh h\u1ecdc, tr\u1edf th\u00e0nh l\u1ef1a ch\u1ecdn h\u00e0ng \u0111\u1ea7u cho nh\u1eefng ai quan t\u00e2m \u0111\u1ebfn m\u00f4i tr\u01b0\u1eddng v\u00e0 s\u1ee9c kh\u1ecfe. S\u1eed d\u1ee5ng t\u00fai gi\u1ea5y Kraft g\u00f3p ph\u1ea7n gi\u1ea3m thi\u1ec3u r\u00e1c th\u1ea3i nh\u1ef1a, m\u1ed9t v\u1ea5n \u0111\u1ec1 \u0111ang ng\u00e0y c\u00e0ng tr\u1edf n\u00ean b\u1ee9c x\u00fac to\u00e0n c\u1ea7u.<\/p>\n<h3>Thi\u1ebft K\u1ebf v\u00e0 K\u00edch Th\u01b0\u1edbc C\u1ee7a T\u00fai Gi\u1ea5y B\u00e1nh M\u00ec<\/h3>\n<p><strong>K\u00edch th\u01b0\u1edbc chu\u1ea9n cho \u1ed5 b\u00e1nh m\u00ec Vi\u1ec7t Nam<\/strong><\/p>\n<p>T\u00fai gi\u1ea5y b\u00e1nh m\u00ec c\u00f3 k\u00edch th\u01b0\u1edbc ngang 9.5cm, cao 24.5cm v\u00e0 s\u00e2u 4.5cm \u1edf hai b\u00ean h\u00f4ng, t\u1ea1o \u0111i\u1ec1u ki\u1ec7n thu\u1eadn l\u1ee3i \u0111\u1ec3 \u0111\u1ef1ng v\u1eeba v\u1eb7n m\u1ed9t \u1ed5 b\u00e1nh m\u00ec Vi\u1ec7t Nam. Thi\u1ebft k\u1ebf kh\u00f4ng quai x\u00e1ch v\u00e0 \u0111\u01a1n gi\u1ea3n n\u00e0y kh\u00f4ng nh\u1eefng gi\u00fap ti\u1ebft ki\u1ec7m chi ph\u00ed s\u1ea3n xu\u1ea5t m\u00e0 c\u00f2n d\u1ec5 d\u00e0ng s\u1eed d\u1ee5ng, ph\u00f9 h\u1ee3p v\u1edbi nhu c\u1ea7u nhanh ch\u00f3ng c\u1ee7a ng\u01b0\u1eddi ti\u00eau d\u00f9ng.<\/p>\n<h3>\u0110\u1eb7c \u0110i\u1ec3m An To\u00e0n v\u00e0 Ti\u1ec7n L\u1ee3i<\/h3>\n<p><strong>An to\u00e0n cho s\u1ee9c kh\u1ecfe ng\u01b0\u1eddi d\u00f9ng<\/strong><\/p>\n<p>Kh\u00e1c v\u1edbi c\u00e1c lo\u1ea1i t\u00fai nh\u1ef1a, t\u00fai gi\u1ea5y b\u00e1nh m\u00ec gi\u1ea5y Kraft \u0111\u1ea3m b\u1ea3o kh\u00f4ng ch\u1ee9a ch\u1ea5t \u0111\u1ed9c h\u1ea1i, kh\u00f4ng \u1ea3nh h\u01b0\u1edfng \u0111\u1ebfn ch\u1ea5t l\u01b0\u1ee3ng th\u1ef1c ph\u1ea9m b\u00ean trong. \u0110\u00e2y l\u00e0 l\u1ef1a ch\u1ecdn tuy\u1ec7t v\u1eddi cho nh\u1eefng ai \u01b0u ti\u00ean s\u1ee9c kh\u1ecfe v\u00e0 mu\u1ed1n tr\u00e1nh c\u00e1c nguy c\u01a1 ti\u1ec1m \u1ea9n t\u1eeb c\u00e1c bao b\u00ec \u0111\u1ef1ng th\u1ef1c ph\u1ea9m kh\u00e1c.<\/p>\n<h3>\u1ee8ng D\u1ee5ng R\u1ed9ng R\u00e3i<\/h3>\n<p><strong>Ph\u1ed5 bi\u1ebfn trong c\u00e1c ti\u1ec7m b\u00e1nh m\u00ec v\u00e0 qu\u00e1n \u0103n nhanh<\/strong><\/p>\n<p>T\u00fai gi\u1ea5y b\u00e1nh m\u00ec ng\u00e0y c\u00e0ng \u0111\u01b0\u1ee3c \u01b0a chu\u1ed9ng s\u1eed d\u1ee5ng r\u1ed9ng r\u00e3i t\u1ea1i c\u00e1c c\u1eeda h\u00e0ng b\u00e1nh m\u00ec v\u00e0 qu\u00e1n \u0103n nhanh. S\u1ef1 th\u00e2n thi\u1ec7n v\u1edbi m\u00f4i tr\u01b0\u1eddng v\u00e0 ti\u1ec7n l\u1ee3i c\u1ee7a ch\u00fang l\u00e0m cho ch\u00fang tr\u1edf th\u00e0nh l\u1ef1a ch\u1ecdn ph\u1ed5 bi\u1ebfn, thay th\u1ebf cho t\u00fai nh\u1ef1a. S\u1eed d\u1ee5ng t\u00fai gi\u1ea5y kh\u00f4ng ch\u1ec9 gi\u00fap c\u1eeda h\u00e0ng n\u00e2ng cao h\u00ecnh \u1ea3nh th\u00e2n thi\u1ec7n v\u1edbi m\u00f4i tr\u01b0\u1eddng m\u00e0 c\u00f2n g\u00f3p ph\u1ea7n b\u1ea3o v\u1ec7 s\u1ee9c kh\u1ecfe c\u1ed9ng \u0111\u1ed3ng.<\/p>\n<p>t\u00fai gi\u1ea5y b\u00e1nh m\u00ec, gi\u1ea5y Kraft, t\u00fai b\u00e1nh m\u00ec th\u00e2n thi\u1ec7n m\u00f4i tr\u01b0\u1eddng, t\u00fai \u0111\u1ef1ng th\u1ef1c ph\u1ea9m, t\u00fai gi\u1ea5y an to\u00e0n, t\u00fai kh\u00f4ng quai x\u00e1ch, k\u00edch th\u01b0\u1edbc t\u00fai b\u00e1nh m\u00ec<\/p>\n","protected":false},"excerpt":{"rendered":"<p>K\u00edch th\u01b0\u1edbc 9.5&#215;4.5x24cm, \u0111\u1ecbnh l\u01b0\u1ee3ng gi\u1ea5y 50gsm. Kh\u00e1m ph\u00e1 t\u00fai gi\u1ea5y b\u00e1nh m\u00ec gi\u1ea5y Kraft \u2013 Gi\u1ea3i ph\u00e1p \u0111\u1ef1ng b\u00e1nh m\u00ec th\u00e2n thi\u1ec7n v\u1edbi m\u00f4i tr\u01b0\u1eddng, an to\u00e0n cho s\u1ee9c kh\u1ecfe ng\u01b0\u1eddi ti\u00eau d\u00f9ng.<\/p>\n","protected":false},"featured_media":525,"template":"","meta":[],"product_brand":[],"product_cat":[72],"product_tag":[],"class_list":{"0":"post-524","1":"product","2":"type-product","3":"status-publish","4":"has-post-thumbnail","6":"product_cat-san-pham-tui-banh-mi","8":"first","9":"instock","10":"virtual","11":"product-type-simple"},"_links":{"self":[{"href":"https:\/\/tuibanhmidep.com\/bai-viet\/wp-json\/wp\/v2\/product\/524","targetHints":{"allow":["GET"]}}],"collection":[{"href":"https:\/\/tuibanhmidep.com\/bai-viet\/wp-json\/wp\/v2\/product"}],"about":[{"href":"https:\/\/tuibanhmidep.com\/bai-viet\/wp-json\/wp\/v2\/types\/product"}],"wp:featuredmedia":[{"embeddable":true,"href":"https:\/\/tuibanhmidep.com\/bai-viet\/wp-json\/wp\/v2\/media\/525"}],"wp:attachment":[{"href":"https:\/\/tuibanhmidep.com\/bai-viet\/wp-json\/wp\/v2\/media?parent=524"}],"wp:term":[{"taxonomy":"product_brand","embeddable":true,"href":"https:\/\/tuibanhmidep.com\/bai-viet\/wp-json\/wp\/v2\/product_brand?post=524"},{"taxonomy":"product_cat","embeddable":true,"href":"https:\/\/tuibanhmidep.com\/bai-viet\/wp-json\/wp\/v2\/product_cat?post=524"},{"taxonomy":"product_tag","embeddable":true,"href":"https:\/\/tuibanhmidep.com\/bai-viet\/wp-json\/wp\/v2\/product_tag?post=524"}],"curies":[{"name":"wp","href":"https:\/\/api.w.org\/{rel}","templated":true}]}}