{"id":504,"date":"2024-04-13T08:31:10","date_gmt":"2024-04-13T01:31:10","guid":{"rendered":"https:\/\/tuibanhmidep.com\/bai-viet\/shop\/in-7000-tui-giay-dung-banh-mi-giay-kraft-su-lua-chon-than-thien-voi-moi-truong-skubmd_8379\/"},"modified":"2024-04-13T08:31:10","modified_gmt":"2024-04-13T01:31:10","slug":"in-7000-tui-giay-dung-banh-mi-giay-kraft-su-lua-chon-than-thien-voi-moi-truong-skubmd_8379","status":"publish","type":"product","link":"https:\/\/tuibanhmidep.com\/bai-viet\/shop\/in-7000-tui-giay-dung-banh-mi-giay-kraft-su-lua-chon-than-thien-voi-moi-truong-skubmd_8379\/","title":{"rendered":"In 7000 T\u00fai Gi\u1ea5y \u0110\u1ef1ng B\u00e1nh M\u00ec Gi\u1ea5y Kraft: S\u1ef1 L\u1ef1a Ch\u1ecdn Th\u00e2n Thi\u1ec7n V\u1edbi M\u00f4i Tr\u01b0\u1eddng (SKU:BMD_8379)"},"content":{"rendered":"<h2>Gi\u1edbi Thi\u1ec7u V\u1ec1 T\u00fai Gi\u1ea5y \u0110\u1ef1ng B\u00e1nh M\u00ec<\/h2>\n<p><strong>Vai tr\u00f2 c\u1ee7a t\u00fai gi\u1ea5y trong vi\u1ec7c b\u1ea3o qu\u1ea3n b\u00e1nh m\u00ec<\/strong><br \/>\nT\u00fai gi\u1ea5y \u0111\u1ef1ng b\u00e1nh m\u00ec, \u0111\u01b0\u1ee3c l\u00e0m t\u1eeb gi\u1ea5y Kraft, kh\u00f4ng ch\u1ec9 l\u00e0 m\u1ed9t gi\u1ea3i ph\u00e1p b\u1ea3o qu\u1ea3n b\u00e1nh m\u00ec hi\u1ec7u qu\u1ea3 m\u00e0 c\u00f2n l\u00e0 m\u1ed9t l\u1ef1a ch\u1ecdn th\u00e2n thi\u1ec7n v\u1edbi m\u00f4i tr\u01b0\u1eddng. T\u00fai n\u00e0y \u0111\u01b0\u1ee3c thi\u1ebft k\u1ebf \u0111\u1ec3 \u0111\u1ef1ng ch\u00ednh x\u00e1c m\u1ed9t \u1ed5 b\u00e1nh m\u00ec Vi\u1ec7t Nam, v\u1edbi k\u00edch th\u01b0\u1edbc ti\u00eau chu\u1ea9n l\u00e0 r\u1ed9ng 9.5 cm, cao 24.5 cm v\u00e0 m\u1ed7i b\u00ean h\u00f4ng r\u1ed9ng 4.5 cm.<\/p>\n<h3>T\u00ednh an to\u00e0n v\u00e0 th\u00e2n thi\u1ec7n v\u1edbi m\u00f4i tr\u01b0\u1eddng c\u1ee7a gi\u1ea5y Kraft<\/h3>\n<p>Gi\u1ea5y Kraft, lo\u1ea1i gi\u1ea5y \u0111\u01b0\u1ee3c s\u1eed d\u1ee5ng \u0111\u1ec3 l\u00e0m t\u00fai b\u00e1nh m\u00ec, l\u00e0 m\u1ed9t lo\u1ea1i gi\u1ea5y an to\u00e0n cho th\u1ef1c ph\u1ea9m. N\u00f3 kh\u00f4ng ch\u1ec9 b\u1ea3o \u0111\u1ea3m s\u1ef1 an to\u00e0n khi ti\u1ebfp x\u00fac tr\u1ef1c ti\u1ebfp v\u1edbi th\u1ef1c ph\u1ea9m m\u00e0 c\u00f2n c\u00f3 th\u1ec3 t\u00e1i ch\u1ebf \u0111\u01b0\u1ee3c, g\u00f3p ph\u1ea7n gi\u1ea3m thi\u1ec3u r\u00e1c th\u1ea3i v\u00e0 \u00f4 nhi\u1ec5m m\u00f4i tr\u01b0\u1eddng. T\u00fai gi\u1ea5y n\u00e0y c\u0169ng kh\u00f4ng c\u00f3 quai x\u00e1ch, gi\u00fap gi\u1ea3m thi\u1ec3u chi ph\u00ed s\u1ea3n xu\u1ea5t v\u00e0 t\u00e1c \u0111\u1ed9ng \u0111\u1ebfn m\u00f4i tr\u01b0\u1eddng.<\/p>\n<p><strong>L\u1ee3i \u00edch c\u1ee7a vi\u1ec7c s\u1eed d\u1ee5ng t\u00fai gi\u1ea5y \u0111\u1ef1ng b\u00e1nh m\u00ec<\/strong><br \/>\nS\u1eed d\u1ee5ng t\u00fai gi\u1ea5y \u0111\u1ef1ng b\u00e1nh m\u00ec kh\u00f4ng ch\u1ec9 gi\u00fap b\u1ea3o v\u1ec7 b\u00e1nh m\u00ec kh\u1ecfi c\u00e1c y\u1ebfu t\u1ed1 b\u00ean ngo\u00e0i nh\u01b0 b\u1ee5i b\u1ea9n v\u00e0 vi khu\u1ea9n, m\u00e0 c\u00f2n gi\u00fap gi\u1eef cho b\u00e1nh m\u00ec gi\u1eef \u0111\u01b0\u1ee3c \u0111\u1ed9 t\u01b0\u01a1i ngon v\u00e0 m\u1ec1m m\u1ea1i l\u00e2u h\u01a1n. Ngo\u00e0i ra, vi\u1ec7c s\u1eed d\u1ee5ng t\u00fai gi\u1ea5y c\u00f2n ph\u1ea3n \u00e1nh \u00fd th\u1ee9c b\u1ea3o v\u1ec7 m\u00f4i tr\u01b0\u1eddng c\u1ee7a ng\u01b0\u1eddi ti\u00eau d\u00f9ng v\u00e0 c\u00e1c doanh nghi\u1ec7p, h\u01b0\u1edbng t\u1edbi m\u1ed9t th\u1ebf gi\u1edbi b\u1ec1n v\u1eefng h\u01a1n.<\/p>\n<h3>C\u00e1c \u0111i\u1ec3m c\u1ea7n l\u01b0u \u00fd khi s\u1eed d\u1ee5ng t\u00fai gi\u1ea5y \u0111\u1ef1ng b\u00e1nh m\u00ec<\/h3>\n<p>M\u1eb7c d\u00f9 t\u00fai gi\u1ea5y \u0111\u1ef1ng b\u00e1nh m\u00ec mang l\u1ea1i nhi\u1ec1u l\u1ee3i \u00edch, ng\u01b0\u1eddi ti\u00eau d\u00f9ng c\u1ea7n l\u01b0u \u00fd r\u1eb1ng t\u00fai n\u00e0y kh\u00f4ng th\u1ec3 \u0103n \u0111\u01b0\u1ee3c v\u00e0 ch\u1ec9 ph\u00f9 h\u1ee3p \u0111\u1ec3 \u0111\u1ef1ng th\u1ef1c ph\u1ea9m nh\u01b0 b\u00e1nh m\u00ec. Kh\u00f4ng n\u00ean s\u1eed d\u1ee5ng t\u00fai n\u00e0y \u0111\u1ec3 \u0111\u1ef1ng c\u00e1c lo\u1ea1i th\u1ef1c ph\u1ea9m c\u00f3 d\u1ea7u m\u1ee1 qu\u00e1 nhi\u1ec1u ho\u1eb7c th\u1ef1c ph\u1ea9m \u01b0\u1edbt v\u00ec c\u00f3 th\u1ec3 l\u00e0m r\u00e1ch t\u00fai v\u00e0 l\u00e0m gi\u1ea3m hi\u1ec7u qu\u1ea3 b\u1ea3o qu\u1ea3n.<\/p>\n<p>t\u00fai gi\u1ea5y \u0111\u1ef1ng b\u00e1nh m\u00ec, t\u00fai gi\u1ea5y Kraft, b\u1ea3o v\u1ec7 m\u00f4i tr\u01b0\u1eddng, an to\u00e0n th\u1ef1c ph\u1ea9m, t\u00fai gi\u1ea5y b\u00e1nh m\u00ec, bao b\u00e1nh m\u00ec<\/p>\n","protected":false},"excerpt":{"rendered":"<p>K\u00edch th\u01b0\u1edbc 9.5&#215;4.5x24cm, \u0111\u1ecbnh l\u01b0\u1ee3ng gi\u1ea5y 50gsm. T\u00fai gi\u1ea5y \u0111\u1ef1ng b\u00e1nh m\u00ec l\u00e0 m\u1ed9t l\u1ef1a ch\u1ecdn an to\u00e0n v\u00e0 th\u00e2n thi\u1ec7n v\u1edbi m\u00f4i tr\u01b0\u1eddng, \u0111\u1ea3m b\u1ea3o t\u00ednh ti\u1ec7n d\u1ee5ng v\u00e0 b\u1ea3o v\u1ec7 th\u1ef1c ph\u1ea9m m\u1ed9t c\u00e1ch hi\u1ec7u qu\u1ea3.<\/p>\n","protected":false},"featured_media":505,"template":"","meta":[],"product_brand":[],"product_cat":[72],"product_tag":[],"class_list":{"0":"post-504","1":"product","2":"type-product","3":"status-publish","4":"has-post-thumbnail","6":"product_cat-san-pham-tui-banh-mi","8":"first","9":"instock","10":"virtual","11":"product-type-simple"},"_links":{"self":[{"href":"https:\/\/tuibanhmidep.com\/bai-viet\/wp-json\/wp\/v2\/product\/504","targetHints":{"allow":["GET"]}}],"collection":[{"href":"https:\/\/tuibanhmidep.com\/bai-viet\/wp-json\/wp\/v2\/product"}],"about":[{"href":"https:\/\/tuibanhmidep.com\/bai-viet\/wp-json\/wp\/v2\/types\/product"}],"wp:featuredmedia":[{"embeddable":true,"href":"https:\/\/tuibanhmidep.com\/bai-viet\/wp-json\/wp\/v2\/media\/505"}],"wp:attachment":[{"href":"https:\/\/tuibanhmidep.com\/bai-viet\/wp-json\/wp\/v2\/media?parent=504"}],"wp:term":[{"taxonomy":"product_brand","embeddable":true,"href":"https:\/\/tuibanhmidep.com\/bai-viet\/wp-json\/wp\/v2\/product_brand?post=504"},{"taxonomy":"product_cat","embeddable":true,"href":"https:\/\/tuibanhmidep.com\/bai-viet\/wp-json\/wp\/v2\/product_cat?post=504"},{"taxonomy":"product_tag","embeddable":true,"href":"https:\/\/tuibanhmidep.com\/bai-viet\/wp-json\/wp\/v2\/product_tag?post=504"}],"curies":[{"name":"wp","href":"https:\/\/api.w.org\/{rel}","templated":true}]}}