{"id":500,"date":"2024-04-13T07:28:46","date_gmt":"2024-04-13T00:28:46","guid":{"rendered":"https:\/\/tuibanhmidep.com\/bai-viet\/shop\/in-6000-tui-giay-dung-banh-mi-bang-giay-kraft-giai-phap-dong-goi-ben-vung-va-an-toan-cho-thuc-pham-skubmd_6341\/"},"modified":"2024-04-13T07:28:46","modified_gmt":"2024-04-13T00:28:46","slug":"in-6000-tui-giay-dung-banh-mi-bang-giay-kraft-giai-phap-dong-goi-ben-vung-va-an-toan-cho-thuc-pham-skubmd_6341","status":"publish","type":"product","link":"https:\/\/tuibanhmidep.com\/bai-viet\/shop\/in-6000-tui-giay-dung-banh-mi-bang-giay-kraft-giai-phap-dong-goi-ben-vung-va-an-toan-cho-thuc-pham-skubmd_6341\/","title":{"rendered":"In 6000 T\u00fai Gi\u1ea5y \u0110\u1ef1ng B\u00e1nh M\u00ec B\u1eb1ng Gi\u1ea5y Kraft: Gi\u1ea3i Ph\u00e1p \u0110\u00f3ng G\u00f3i B\u1ec1n V\u1eefng V\u00e0 An To\u00e0n Cho Th\u1ef1c Ph\u1ea9m (SKU:BMD_6341)"},"content":{"rendered":"<h2>T\u1ea1i Sao N\u00ean Ch\u1ecdn T\u00fai Gi\u1ea5y \u0110\u1ef1ng B\u00e1nh M\u00ec?<\/h2>\n<p><strong>V\u1eadt li\u1ec7u th\u00e2n thi\u1ec7n v\u1edbi m\u00f4i tr\u01b0\u1eddng:<\/strong> T\u00fai gi\u1ea5y \u0111\u1ef1ng b\u00e1nh m\u00ec \u0111\u01b0\u1ee3c l\u00e0m t\u1eeb gi\u1ea5y Kraft, m\u1ed9t lo\u1ea1i gi\u1ea5y n\u1ed5i ti\u1ebfng v\u1ec1 \u0111\u1ed9 b\u1ec1n v\u00e0 kh\u1ea3 n\u0103ng ph\u00e2n h\u1ee7y sinh h\u1ecdc, l\u00e0m cho ch\u00fang tr\u1edf th\u00e0nh m\u1ed9t l\u1ef1a ch\u1ecdn th\u00e2n thi\u1ec7n v\u1edbi m\u00f4i tr\u01b0\u1eddng. Kh\u00e1c v\u1edbi c\u00e1c lo\u1ea1i bao b\u00ec nh\u1ef1a, gi\u1ea5y Kraft c\u00f3 th\u1ec3 ph\u00e2n h\u1ee7y t\u1ef1 nhi\u00ean, gi\u00fap gi\u1ea3m thi\u1ec3u t\u00e1c \u0111\u1ed9ng \u0111\u1ebfn m\u00f4i tr\u01b0\u1eddng.<\/p>\n<h3>An To\u00e0n Cho Th\u1ef1c Ph\u1ea9m<\/h3>\n<p><strong>L\u1ef1a ch\u1ecdn t\u1ed1i \u01b0u cho s\u1ee9c kh\u1ecfe:<\/strong> S\u1eed d\u1ee5ng gi\u1ea5y Kraft trong s\u1ea3n xu\u1ea5t t\u00fai \u0111\u1ef1ng b\u00e1nh m\u00ec kh\u00f4ng ch\u1ec9 \u0111em l\u1ea1i l\u1ee3i \u00edch v\u1ec1 m\u1eb7t m\u00f4i tr\u01b0\u1eddng m\u00e0 c\u00f2n \u0111\u1ea3m b\u1ea3o an to\u00e0n th\u1ef1c ph\u1ea9m. Gi\u1ea5y Kraft th\u01b0\u1eddng \u0111\u01b0\u1ee3c x\u1eed l\u00fd \u0111\u1ec3 \u0111\u1ea1t ti\u00eau chu\u1ea9n ti\u1ebfp x\u00fac tr\u1ef1c ti\u1ebfp v\u1edbi th\u1ef1c ph\u1ea9m, kh\u00f4ng ch\u1ee9a h\u00f3a ch\u1ea5t \u0111\u1ed9c h\u1ea1i, \u0111\u1ea3m b\u1ea3o an to\u00e0n cho ng\u01b0\u1eddi ti\u00eau d\u00f9ng.<\/p>\n<p><strong>Thi\u1ebft k\u1ebf kh\u00f4ng quai, d\u1ec5 s\u1eed d\u1ee5ng:<\/strong> T\u00fai gi\u1ea5y n\u00e0y \u0111\u01b0\u1ee3c thi\u1ebft k\u1ebf \u0111\u1eb7c bi\u1ec7t kh\u00f4ng c\u00f3 quai x\u00e1ch, gi\u00fap c\u1ea7m n\u1eafm d\u1ec5 d\u00e0ng v\u00e0 thu\u1eadn ti\u1ec7n cho vi\u1ec7c \u0111\u1ef1ng \u1ed5 b\u00e1nh m\u00ec Vi\u1ec7t Nam c\u1ee1 trung b\u00ecnh. K\u00edch th\u01b0\u1edbc ti\u00eau chu\u1ea9n c\u1ee7a t\u00fai l\u00e0 9.5cm ngang, 24.5cm cao v\u00e0 m\u1ed7i b\u00ean h\u00f4ng r\u1ed9ng 4.5cm, t\u1ea1o \u0111i\u1ec1u ki\u1ec7n t\u1ed1i \u01b0u \u0111\u1ec3 \u0111\u1ef1ng b\u00e1nh m\u00ec m\u00e0 kh\u00f4ng g\u00e2y b\u1ea5t k\u1ef3 s\u1ef1 ch\u00e8n \u00e9p n\u00e0o \u0111\u1ebfn h\u00ecnh d\u1ea1ng c\u1ee7a b\u00e1nh.<\/p>\n<h3>T\u0103ng C\u01b0\u1eddng Nh\u1eadn Di\u1ec7n Th\u01b0\u01a1ng Hi\u1ec7u<\/h3>\n<p><strong>T\u00f9y ch\u1ecdn c\u00e1 nh\u00e2n h\u00f3a:<\/strong> M\u1ed9t l\u1ee3i th\u1ebf n\u1ed5i b\u1eadt kh\u00e1c c\u1ee7a t\u00fai gi\u1ea5y \u0111\u1ef1ng b\u00e1nh m\u00ec l\u00e0 kh\u1ea3 n\u0103ng c\u00e1 nh\u00e2n h\u00f3a cao. Do b\u1ec1 m\u1eb7t c\u1ee7a gi\u1ea5y Kraft t\u01b0\u01a1ng \u0111\u1ed1i d\u1ec5 in \u1ea5n, c\u00e1c doanh nghi\u1ec7p c\u00f3 th\u1ec3 d\u1ec5 d\u00e0ng in logo ho\u1eb7c th\u00f4ng \u0111i\u1ec7p th\u01b0\u01a1ng hi\u1ec7u c\u1ee7a m\u00ecnh l\u00ean t\u00fai, gi\u00fap t\u0103ng c\u01b0\u1eddng nh\u1eadn di\u1ec7n th\u01b0\u01a1ng hi\u1ec7u m\u1ed7i khi s\u1ea3n ph\u1ea9m \u0111\u01b0\u1ee3c ti\u00eau th\u1ee5.<\/p>\n<p><strong>K\u1ebft c\u1ea5u b\u1ec1n ch\u1eafc:<\/strong> T\u00fai gi\u1ea5y Kraft c\u00f2n \u0111\u01b0\u1ee3c bi\u1ebft \u0111\u1ebfn v\u1edbi \u0111\u1ed9 b\u1ec1n cao, c\u00f3 kh\u1ea3 n\u0103ng ch\u1ecbu \u0111\u01b0\u1ee3c tr\u1ecdng l\u01b0\u1ee3ng t\u01b0\u01a1ng \u0111\u1ed1i m\u00e0 kh\u00f4ng b\u1ecb r\u00e1ch hay h\u01b0 h\u1ecfng d\u1ec5 d\u00e0ng. \u0110i\u1ec1u n\u00e0y \u0111\u1ea3m b\u1ea3o r\u1eb1ng b\u00e1nh m\u00ec c\u1ee7a b\u1ea1n s\u1ebd \u0111\u01b0\u1ee3c b\u1ea3o qu\u1ea3n an to\u00e0n trong qu\u00e1 tr\u00ecnh v\u1eadn chuy\u1ec3n v\u00e0 b\u00e1n l\u1ebb.<\/p>\n<p>t\u00fai gi\u1ea5y \u0111\u1ef1ng b\u00e1nh m\u00ec, gi\u1ea5y Kraft, an to\u00e0n th\u1ef1c ph\u1ea9m, b\u1ea3o v\u1ec7 m\u00f4i tr\u01b0\u1eddng, bao b\u00ec th\u00e2n thi\u1ec7n m\u00f4i tr\u01b0\u1eddng, bao b\u00ec b\u00e1nh m\u00ec, gi\u1ea3i ph\u00e1p \u0111\u00f3ng g\u00f3i b\u1ec1n v\u1eefng, t\u00fai kh\u00f4ng quai, c\u00e1 nh<\/p>\n<p>\u00e2n h\u00f3a bao b\u00ec, nh\u1eadn di\u1ec7n th\u01b0\u01a1ng hi\u1ec7u<\/p>\n","protected":false},"excerpt":{"rendered":"<p>K\u00edch th\u01b0\u1edbc 9.5&#215;4.5x24cm, \u0111\u1ecbnh l\u01b0\u1ee3ng gi\u1ea5y 50gsm. T\u00fai gi\u1ea5y \u0111\u1ef1ng b\u00e1nh m\u00ec, l\u00e0m t\u1eeb gi\u1ea5y Kraft, \u0111\u1ea3m b\u1ea3o an to\u00e0n v\u00e0 th\u00e2n thi\u1ec7n v\u1edbi m\u00f4i tr\u01b0\u1eddng, l\u00e0 l\u1ef1a ch\u1ecdn ho\u00e0n h\u1ea3o cho vi\u1ec7c b\u1ea3o qu\u1ea3n b\u00e1nh m\u00ec.<\/p>\n","protected":false},"featured_media":501,"template":"","meta":[],"product_brand":[],"product_cat":[72],"product_tag":[],"class_list":{"0":"post-500","1":"product","2":"type-product","3":"status-publish","4":"has-post-thumbnail","6":"product_cat-san-pham-tui-banh-mi","8":"first","9":"instock","10":"virtual","11":"product-type-simple"},"_links":{"self":[{"href":"https:\/\/tuibanhmidep.com\/bai-viet\/wp-json\/wp\/v2\/product\/500","targetHints":{"allow":["GET"]}}],"collection":[{"href":"https:\/\/tuibanhmidep.com\/bai-viet\/wp-json\/wp\/v2\/product"}],"about":[{"href":"https:\/\/tuibanhmidep.com\/bai-viet\/wp-json\/wp\/v2\/types\/product"}],"wp:featuredmedia":[{"embeddable":true,"href":"https:\/\/tuibanhmidep.com\/bai-viet\/wp-json\/wp\/v2\/media\/501"}],"wp:attachment":[{"href":"https:\/\/tuibanhmidep.com\/bai-viet\/wp-json\/wp\/v2\/media?parent=500"}],"wp:term":[{"taxonomy":"product_brand","embeddable":true,"href":"https:\/\/tuibanhmidep.com\/bai-viet\/wp-json\/wp\/v2\/product_brand?post=500"},{"taxonomy":"product_cat","embeddable":true,"href":"https:\/\/tuibanhmidep.com\/bai-viet\/wp-json\/wp\/v2\/product_cat?post=500"},{"taxonomy":"product_tag","embeddable":true,"href":"https:\/\/tuibanhmidep.com\/bai-viet\/wp-json\/wp\/v2\/product_tag?post=500"}],"curies":[{"name":"wp","href":"https:\/\/api.w.org\/{rel}","templated":true}]}}