{"id":488,"date":"2024-04-12T20:13:32","date_gmt":"2024-04-12T13:13:32","guid":{"rendered":"https:\/\/tuibanhmidep.com\/bai-viet\/shop\/in-10000-tui-giay-banh-mi-giay-kraft-mot-lua-chon-an-toan-va-tien-loi-cho-viec-dung-banh-mi-skubmd_9669\/"},"modified":"2024-04-12T20:13:32","modified_gmt":"2024-04-12T13:13:32","slug":"in-10000-tui-giay-banh-mi-giay-kraft-mot-lua-chon-an-toan-va-tien-loi-cho-viec-dung-banh-mi-skubmd_9669","status":"publish","type":"product","link":"https:\/\/tuibanhmidep.com\/bai-viet\/shop\/in-10000-tui-giay-banh-mi-giay-kraft-mot-lua-chon-an-toan-va-tien-loi-cho-viec-dung-banh-mi-skubmd_9669\/","title":{"rendered":"In 10000 T\u00fai Gi\u1ea5y B\u00e1nh M\u00ec Gi\u1ea5y Kraft, M\u1ed9t L\u1ef1a Ch\u1ecdn An To\u00e0n V\u00e0 Ti\u1ec7n L\u1ee3i Cho Vi\u1ec7c \u0110\u1ef1ng B\u00e1nh M\u00ec (SKU:BMD_9669)"},"content":{"rendered":"<h2>Gi\u1edbi Thi\u1ec7u T\u00fai Gi\u1ea5y \u0110\u1ef1ng B\u00e1nh M\u00ec<\/h2>\n<p><strong>\u0110\u1eb7c \u0111i\u1ec3m N\u1ed5i B\u1eadt C\u1ee7a T\u00fai Gi\u1ea5y B\u00e1nh M\u00ec Gi\u1ea5y Kraft<\/strong><\/p>\n<p>T\u00fai gi\u1ea5y b\u00e1nh m\u00ec l\u00e0 m\u1ed9t ph\u1ee5 ki\u1ec7n kh\u00f4ng th\u1ec3 thi\u1ebfu trong vi\u1ec7c \u0111\u1ef1ng v\u00e0 b\u1ea3o qu\u1ea3n b\u00e1nh m\u00ec m\u1ed7i ng\u00e0y. \u0110\u01b0\u1ee3c l\u00e0m t\u1eeb gi\u1ea5y Kraft, lo\u1ea1i gi\u1ea5y an to\u00e0n s\u1eed d\u1ee5ng cho th\u1ef1c ph\u1ea9m, t\u00fai b\u00e1nh m\u00ec kh\u00f4ng ch\u1ec9 \u0111\u1ea3m b\u1ea3o v\u1ec7 sinh m\u00e0 c\u00f2n g\u00f3p ph\u1ea7n b\u1ea3o v\u1ec7 m\u00f4i tr\u01b0\u1eddng nh\u1edd t\u00ednh ph\u00e2n h\u1ee7y sinh h\u1ecdc cao. Kh\u00f4ng ch\u1ee9a b\u1ea5t k\u1ef3 th\u00e0nh ph\u1ea7n \u0111\u1ed9c h\u1ea1i n\u00e0o, t\u00fai gi\u1ea5y b\u00e1nh m\u00ec l\u00e0 s\u1ef1 l\u1ef1a ch\u1ecdn tuy\u1ec7t v\u1eddi cho m\u1ecdi ng\u01b0\u1eddi, nh\u1ea5t l\u00e0 trong b\u1ed1i c\u1ea3nh ng\u00e0y c\u00e0ng nhi\u1ec1u ng\u01b0\u1eddi ti\u00eau d\u00f9ng quan t\u00e2m \u0111\u1ebfn s\u1ee9c kh\u1ecfe v\u00e0 m\u00f4i tr\u01b0\u1eddng.<\/p>\n<h3>T\u1ea1i Sao N\u00ean Ch\u1ecdn T\u00fai Gi\u1ea5y B\u00e1nh M\u00ec Gi\u1ea5y Kraft?<\/h3>\n<p>T\u00fai gi\u1ea5y b\u00e1nh m\u00ec t\u1eeb gi\u1ea5y Kraft kh\u00f4ng ch\u1ec9 an to\u00e0n khi ti\u1ebfp x\u00fac tr\u1ef1c ti\u1ebfp v\u1edbi th\u1ef1c ph\u1ea9m m\u00e0 c\u00f2n mang l\u1ea1i gi\u1ea3i ph\u00e1p ti\u1ec7n l\u1ee3i cho vi\u1ec7c \u0111\u1ef1ng b\u00e1nh m\u00ec. M\u1eb7c d\u00f9 kh\u00f4ng c\u00f3 quai x\u00e1ch, k\u00edch th\u01b0\u1edbc chu\u1ea9n c\u1ee7a t\u00fai b\u00e1nh m\u00ec l\u00e0 9.5cm x 24.5cm, v\u1edbi m\u1ed7i b\u00ean h\u00f4ng r\u1ed9ng 4.5cm, t\u1ea1o n\u00ean m\u1ed9t kh\u00f4ng gian r\u1ed9ng r\u00e3i \u0111\u1ec3 \u0111\u1ef1ng m\u1ed9t \u1ed5 b\u00e1nh m\u00ec Vi\u1ec7t Nam ho\u00e0n h\u1ea3o m\u00e0 kh\u00f4ng s\u1ee3 b\u1ecb d\u1eadp n\u00e1t hay m\u1ea5t v\u1ec7 sinh.<\/p>\n<p><strong>L\u1ee3i \u00cdch V\u1ec1 M\u1eb7t Sinh Th\u00e1i C\u1ee7a Vi\u1ec7c S\u1eed D\u1ee5ng T\u00fai Gi\u1ea5y B\u00e1nh M\u00ec<\/strong><\/p>\n<p>M\u1ed9t trong nh\u1eefng l\u1ee3i \u00edch l\u1edbn nh\u1ea5t c\u1ee7a vi\u1ec7c s\u1eed d\u1ee5ng t\u00fai gi\u1ea5y \u0111\u1ef1ng b\u00e1nh m\u00ec l\u00e0 kh\u1ea3 n\u0103ng ph\u00e2n h\u1ee7y sinh h\u1ecdc. Gi\u1ea5y Kraft \u0111\u01b0\u1ee3c s\u1eed d\u1ee5ng \u0111\u1ec3 s\u1ea3n xu\u1ea5t t\u00fai b\u00e1nh m\u00ec c\u00f3 th\u1ec3 ph\u00e2n h\u1ee7y ho\u00e0n to\u00e0n trong m\u00f4i tr\u01b0\u1eddng t\u1ef1 nhi\u00ean, gi\u1ea3m thi\u1ec3u r\u00e1c th\u1ea3i nh\u1ef1a v\u00e0 \u1ea3nh h\u01b0\u1edfng t\u00edch c\u1ef1c \u0111\u1ebfn m\u00f4i tr\u01b0\u1eddng. \u0110i\u1ec1u n\u00e0y kh\u00f4ng nh\u1eefng gi\u00fap b\u1ea3o v\u1ec7 tr\u00e1i \u0111\u1ea5t m\u00e0 c\u00f2n t\u1ea1o ra m\u1ed9t chu tr\u00ecnh ti\u00eau d\u00f9ng b\u1ec1n v\u1eefng cho c\u00e1c th\u1ebf h\u1ec7 t\u01b0\u01a1ng lai.<\/p>\n<h3>M\u1eb9o S\u1eed D\u1ee5ng V\u00e0 B\u1ea3o Qu\u1ea3n T\u00fai Gi\u1ea5y \u0110\u1ef1ng B\u00e1nh M\u00ec<\/h3>\n<p>\u0110\u1ec3 t\u1ed1i \u01b0u h\u00f3a vi\u1ec7c s\u1eed d\u1ee5ng t\u00fai gi\u1ea5y \u0111\u1ef1ng b\u00e1nh m\u00ec, ng\u01b0\u1eddi ti\u00eau d\u00f9ng n\u00ean b\u1ea3o qu\u1ea3n t\u00fai \u1edf n\u01a1i kh\u00f4 r\u00e1o, tr\u00e1nh \u1ea9m \u01b0\u1edbt \u0111\u1ec3 gi\u1eef cho t\u00fai kh\u00f4ng b\u1ecb r\u00e1ch ho\u1eb7c h\u1ecfng tr\u01b0\u1edbc khi s\u1eed d\u1ee5ng. Ngo\u00e0i ra, m\u1eb7c d\u00f9 t\u00fai gi\u1ea5y b\u00e1nh m\u00ec l\u00e0 m\u1ed9t gi\u1ea3i ph\u00e1p \u0111\u1ef1ng th\u1ef1c ph\u1ea9m hi\u1ec7u qu\u1ea3, nh\u01b0ng n\u00f3 kh\u00f4ng th\u1ec3 t\u00e1i s\u1eed d\u1ee5ng nhi\u1ec1u l\u1ea7n nh\u01b0 c\u00e1c lo\u1ea1i t\u00fai c\u00f3 \u0111\u1ed9 b\u1ec1n cao h\u01a1n.<\/p>\n<p>t\u00fai gi\u1ea5y b<\/p>\n<p>\u00e1nh m\u00ec, gi\u1ea5y Kraft, b\u1ea3o v\u1ec7 m\u00f4i tr\u01b0\u1eddng, an to\u00e0n th\u1ef1c ph\u1ea9m, gi\u1ea3i ph\u00e1p \u0111\u1ef1ng b\u00e1nh m\u00ec, t\u00fai gi\u1ea5y ph\u00e2n h\u1ee7y sinh h\u1ecdc, t\u00fai b\u00e1nh m\u00ec kh\u00f4ng quai x\u00e1ch, k\u00edch th\u01b0\u1edbc t\u00fai b\u00e1nh m\u00ec<\/p>\n","protected":false},"excerpt":{"rendered":"<p>K\u00edch th\u01b0\u1edbc 9.5&#215;4.5x24cm, \u0111\u1ecbnh l\u01b0\u1ee3ng gi\u1ea5y 50gsm. T\u00ecm hi\u1ec3u v\u1ec1 t\u00fai gi\u1ea5y \u0111\u1ef1ng b\u00e1nh m\u00ec t\u1eeb gi\u1ea5y Kraft, m\u1ed9t gi\u1ea3i ph\u00e1p an to\u00e0n v\u00e0 th\u00e2n thi\u1ec7n v\u1edbi m\u00f4i tr\u01b0\u1eddng.<\/p>\n","protected":false},"featured_media":489,"template":"","meta":[],"product_brand":[],"product_cat":[72],"product_tag":[],"class_list":{"0":"post-488","1":"product","2":"type-product","3":"status-publish","4":"has-post-thumbnail","6":"product_cat-san-pham-tui-banh-mi","8":"first","9":"instock","10":"virtual","11":"product-type-simple"},"_links":{"self":[{"href":"https:\/\/tuibanhmidep.com\/bai-viet\/wp-json\/wp\/v2\/product\/488","targetHints":{"allow":["GET"]}}],"collection":[{"href":"https:\/\/tuibanhmidep.com\/bai-viet\/wp-json\/wp\/v2\/product"}],"about":[{"href":"https:\/\/tuibanhmidep.com\/bai-viet\/wp-json\/wp\/v2\/types\/product"}],"wp:featuredmedia":[{"embeddable":true,"href":"https:\/\/tuibanhmidep.com\/bai-viet\/wp-json\/wp\/v2\/media\/489"}],"wp:attachment":[{"href":"https:\/\/tuibanhmidep.com\/bai-viet\/wp-json\/wp\/v2\/media?parent=488"}],"wp:term":[{"taxonomy":"product_brand","embeddable":true,"href":"https:\/\/tuibanhmidep.com\/bai-viet\/wp-json\/wp\/v2\/product_brand?post=488"},{"taxonomy":"product_cat","embeddable":true,"href":"https:\/\/tuibanhmidep.com\/bai-viet\/wp-json\/wp\/v2\/product_cat?post=488"},{"taxonomy":"product_tag","embeddable":true,"href":"https:\/\/tuibanhmidep.com\/bai-viet\/wp-json\/wp\/v2\/product_tag?post=488"}],"curies":[{"name":"wp","href":"https:\/\/api.w.org\/{rel}","templated":true}]}}