{"id":480,"date":"2024-04-12T18:08:34","date_gmt":"2024-04-12T11:08:34","guid":{"rendered":"https:\/\/tuibanhmidep.com\/bai-viet\/shop\/in-9000-tui-giay-dung-banh-mi-bang-giay-kraft-giai-phap-bao-ve-moi-truong-hieu-qua-skubmd_181\/"},"modified":"2024-04-12T18:08:34","modified_gmt":"2024-04-12T11:08:34","slug":"in-9000-tui-giay-dung-banh-mi-bang-giay-kraft-giai-phap-bao-ve-moi-truong-hieu-qua-skubmd_181","status":"publish","type":"product","link":"https:\/\/tuibanhmidep.com\/bai-viet\/shop\/in-9000-tui-giay-dung-banh-mi-bang-giay-kraft-giai-phap-bao-ve-moi-truong-hieu-qua-skubmd_181\/","title":{"rendered":"In 9000 T\u00fai gi\u1ea5y \u0111\u1ef1ng b\u00e1nh m\u00ec b\u1eb1ng gi\u1ea5y Kraft: Gi\u1ea3i ph\u00e1p b\u1ea3o v\u1ec7 m\u00f4i tr\u01b0\u1eddng hi\u1ec7u qu\u1ea3 (SKU:BMD_181)"},"content":{"rendered":"<h2>Gi\u1edbi thi\u1ec7u v\u1ec1 t\u00fai gi\u1ea5y \u0111\u1ef1ng b\u00e1nh m\u00ec<\/h2>\n<p><strong>T\u00fai gi\u1ea5y \u0111\u1ef1ng b\u00e1nh m\u00ec<\/strong> l\u00e0 s\u1ea3n ph\u1ea9m \u0111\u01b0\u1ee3c thi\u1ebft k\u1ebf \u0111\u1eb7c bi\u1ec7t \u0111\u1ec3 ch\u1ee9a m\u1ed9t \u1ed5 b\u00e1nh m\u00ec Vi\u1ec7t Nam v\u1edbi k\u00edch th\u01b0\u1edbc chu\u1ea9n l\u00e0 r\u1ed9ng 9.5cm, cao 24.5cm v\u00e0 m\u00e9p h\u00f4ng 4.5cm. Lo\u1ea1i t\u00fai n\u00e0y \u0111\u01b0\u1ee3c l\u00e0m t\u1eeb <strong>gi\u1ea5y Kraft<\/strong>, m\u1ed9t lo\u1ea1i gi\u1ea5y th\u00e2n thi\u1ec7n v\u1edbi m\u00f4i tr\u01b0\u1eddng v\u00e0 an to\u00e0n \u0111\u1ec3 ti\u1ebfp x\u00fac tr\u1ef1c ti\u1ebfp v\u1edbi th\u1ef1c ph\u1ea9m.<\/p>\n<h3>L\u1ee3i \u00edch c\u1ee7a vi\u1ec7c s\u1eed d\u1ee5ng gi\u1ea5y Kraft cho t\u00fai \u0111\u1ef1ng b\u00e1nh m\u00ec<\/h3>\n<p>Gi\u1ea5y Kraft \u0111\u01b0\u1ee3c \u01b0a chu\u1ed9ng s\u1eed d\u1ee5ng trong s\u1ea3n xu\u1ea5t t\u00fai \u0111\u1ef1ng b\u00e1nh m\u00ec kh\u00f4ng ch\u1ec9 v\u00ec \u0111\u1ed9 b\u1ec1n v\u00e0 kh\u1ea3 n\u0103ng ch\u1ecbu l\u1ef1c t\u1ed1t m\u00e0 c\u00f2n b\u1edfi t\u00ednh b\u1ea3o v\u1ec7 m\u00f4i tr\u01b0\u1eddng c\u1ee7a n\u00f3. T\u00fai gi\u1ea5y Kraft c\u00f3 th\u1ec3 ph\u00e2n h\u1ee7y sinh h\u1ecdc, gi\u1ea3m thi\u1ec3u t\u00e1c \u0111\u1ed9ng ti\u00eau c\u1ef1c \u0111\u1ebfn m\u00f4i tr\u01b0\u1eddng so v\u1edbi c\u00e1c lo\u1ea1i t\u00fai nh\u1ef1a.<\/p>\n<h3>T\u00ednh n\u0103ng c\u1ee7a t\u00fai gi\u1ea5y \u0111\u1ef1ng b\u00e1nh m\u00ec<\/h3>\n<p>T\u00fai gi\u1ea5y \u0111\u1ef1ng b\u00e1nh m\u00ec \u0111\u01b0\u1ee3c thi\u1ebft k\u1ebf \u0111\u1eb7c bi\u1ec7t \u0111\u1ec3 ph\u00f9 h\u1ee3p v\u1edbi k\u00edch th\u01b0\u1edbc c\u1ee7a b\u00e1nh m\u00ec Vi\u1ec7t Nam. T\u00fai kh\u00f4ng c\u00f3 quai x\u00e1ch, \u0111i\u1ec1u n\u00e0y l\u00e0m n\u1ed5i b\u1eadt t\u00ednh ch\u1ea5t ti\u1ec7n l\u1ee3i v\u00e0 th\u00e2n thi\u1ec7n khi s\u1eed d\u1ee5ng. Ngo\u00e0i ra, lo\u1ea1i t\u00fai n\u00e0y \u0111\u01b0\u1ee3c bi\u1ebft \u0111\u1ebfn v\u1edbi kh\u1ea3 n\u0103ng ch\u1ed1ng d\u1ea7u m\u1ee1, gi\u1eef cho b\u00e1nh m\u00ec lu\u00f4n ngon v\u00e0 h\u1ea5p d\u1eabn trong qu\u00e1 tr\u00ecnh v\u1eadn chuy\u1ec3n.<\/p>\n<p><strong>S\u1ef1 th\u00e2n thi\u1ec7n v\u1edbi m\u00f4i tr\u01b0\u1eddng c\u1ee7a t\u00fai gi\u1ea5y<\/strong><br \/>\nM\u1ed9t trong nh\u1eefng l\u1ee3i \u00edch ch\u00ednh c\u1ee7a t\u00fai gi\u1ea5y \u0111\u1ef1ng b\u00e1nh m\u00ec l\u00e0 kh\u1ea3 n\u0103ng ph\u00e2n h\u1ee7y sinh h\u1ecdc. \u0110i\u1ec1u n\u00e0y kh\u00f4ng nh\u1eefng gi\u00fap gi\u1ea3m l\u01b0\u1ee3ng r\u00e1c th\u1ea3i nh\u1ef1a m\u00e0 c\u00f2n g\u00f3p ph\u1ea7n v\u00e0o c\u00e1c n\u1ed7 l\u1ef1c b\u1ea3o v\u1ec7 m\u00f4i tr\u01b0\u1eddng. Ng\u01b0\u1eddi ti\u00eau d\u00f9ng ng\u00e0y c\u00e0ng \u01b0a chu\u1ed9ng c\u00e1c s\u1ea3n ph\u1ea9m th\u00e2n thi\u1ec7n v\u1edbi m\u00f4i tr\u01b0\u1eddng, v\u00e0 t\u00fai gi\u1ea5y \u0111\u1ef1ng b\u00e1nh m\u00ec l\u00e0 m\u1ed9t trong nh\u1eefng s\u1ea3n ph\u1ea9m \u0111\u00f3.<\/p>\n<h3>K\u1ebft lu\u1eadn<\/h3>\n<p>T\u00fai gi\u1ea5y \u0111\u1ef1ng b\u00e1nh m\u00ec b\u1eb1ng gi\u1ea5y Kraft kh\u00f4ng ch\u1ec9 mang l\u1ea1i l\u1ee3i \u00edch trong vi\u1ec7c b\u1ea3o qu\u1ea3n th\u1ef1c ph\u1ea9m m\u00e0 c\u00f2n trong vi\u1ec7c b\u1ea3o v\u1ec7 m\u00f4i tr\u01b0\u1eddng. \u0110\u00e2y l\u00e0 l\u1ef1a ch\u1ecdn tuy\u1ec7t v\u1eddi cho nh\u1eefng ai \u0111ang t\u00ecm ki\u1ebfm m\u1ed9t gi\u1ea3i ph\u00e1p \u0111\u00f3ng g\u00f3i th\u1ef1c ph\u1ea9m v\u1eeba an to\u00e0n v\u1eeba b\u1ec1n v\u1eefng.<\/p>\n<p>t\u00fai gi\u1ea5y \u0111\u1ef1ng b\u00e1nh m\u00ec, gi\u1ea5y Kraft, b\u1ea3o v\u1ec7 m\u00f4i tr\u01b0\u1eddng, th\u00e2n thi\u1ec7n m\u00f4i tr\u01b0\u1eddng, \u0111\u00f3ng g\u00f3i th\u1ef1c ph\u1ea9m an to\u00e0n, t\u00fai kh\u00f4ng quai, t\u00fai gi\u1ea5y ph\u00e2n h\u1ee7y sinh h\u1ecdc<\/p>\n","protected":false},"excerpt":{"rendered":"<p>K\u00edch th\u01b0\u1edbc 9.5&#215;4.5x24cm, \u0111\u1ecbnh l\u01b0\u1ee3ng gi\u1ea5y 50gsm. T\u00fai gi\u1ea5y \u0111\u1ef1ng b\u00e1nh m\u00ec b\u1eb1ng gi\u1ea5y Kraft kh\u00f4ng ch\u1ec9 an to\u00e0n v\u1edbi th\u1ef1c ph\u1ea9m m\u00e0 c\u00f2n th\u00e2n thi\u1ec7n v\u1edbi m\u00f4i tr\u01b0\u1eddng, l\u00e0 l\u1ef1a ch\u1ecdn tuy\u1ec7t v\u1eddi cho m\u1ecdi ng\u01b0\u1eddi ti\u00eau d\u00f9ng.<\/p>\n","protected":false},"featured_media":481,"template":"","meta":[],"product_brand":[],"product_cat":[72],"product_tag":[],"class_list":{"0":"post-480","1":"product","2":"type-product","3":"status-publish","4":"has-post-thumbnail","6":"product_cat-san-pham-tui-banh-mi","8":"first","9":"instock","10":"virtual","11":"product-type-simple"},"_links":{"self":[{"href":"https:\/\/tuibanhmidep.com\/bai-viet\/wp-json\/wp\/v2\/product\/480","targetHints":{"allow":["GET"]}}],"collection":[{"href":"https:\/\/tuibanhmidep.com\/bai-viet\/wp-json\/wp\/v2\/product"}],"about":[{"href":"https:\/\/tuibanhmidep.com\/bai-viet\/wp-json\/wp\/v2\/types\/product"}],"wp:featuredmedia":[{"embeddable":true,"href":"https:\/\/tuibanhmidep.com\/bai-viet\/wp-json\/wp\/v2\/media\/481"}],"wp:attachment":[{"href":"https:\/\/tuibanhmidep.com\/bai-viet\/wp-json\/wp\/v2\/media?parent=480"}],"wp:term":[{"taxonomy":"product_brand","embeddable":true,"href":"https:\/\/tuibanhmidep.com\/bai-viet\/wp-json\/wp\/v2\/product_brand?post=480"},{"taxonomy":"product_cat","embeddable":true,"href":"https:\/\/tuibanhmidep.com\/bai-viet\/wp-json\/wp\/v2\/product_cat?post=480"},{"taxonomy":"product_tag","embeddable":true,"href":"https:\/\/tuibanhmidep.com\/bai-viet\/wp-json\/wp\/v2\/product_tag?post=480"}],"curies":[{"name":"wp","href":"https:\/\/api.w.org\/{rel}","templated":true}]}}