{"id":472,"date":"2024-04-12T09:52:25","date_gmt":"2024-04-12T02:52:25","guid":{"rendered":"https:\/\/tuibanhmidep.com\/bai-viet\/shop\/in-80000-tui-giay-banh-mi-giay-kraft-lua-chon-than-thien-moi-truong-cho-viec-dung-thuc-pham-an-toan-skubmd_5030\/"},"modified":"2024-04-12T09:52:25","modified_gmt":"2024-04-12T02:52:25","slug":"in-80000-tui-giay-banh-mi-giay-kraft-lua-chon-than-thien-moi-truong-cho-viec-dung-thuc-pham-an-toan-skubmd_5030","status":"publish","type":"product","link":"https:\/\/tuibanhmidep.com\/bai-viet\/shop\/in-80000-tui-giay-banh-mi-giay-kraft-lua-chon-than-thien-moi-truong-cho-viec-dung-thuc-pham-an-toan-skubmd_5030\/","title":{"rendered":"In 80000 T\u00fai Gi\u1ea5y B\u00e1nh M\u00ec Gi\u1ea5y Kraft: L\u1ef1a Ch\u1ecdn Th\u00e2n Thi\u1ec7n M\u00f4i Tr\u01b0\u1eddng Cho Vi\u1ec7c \u0110\u1ef1ng Th\u1ef1c Ph\u1ea9m An To\u00e0n (SKU:BMD_5030)"},"content":{"rendered":"<h2>T\u1ea7m Quan Tr\u1ecdng C\u1ee7a Vi\u1ec7c S\u1eed D\u1ee5ng T\u00fai Gi\u1ea5y \u0110\u1ef1ng B\u00e1nh M\u00ec<\/h2>\n<p><strong>\u0110\u00e1p \u1ee9ng Nhu C\u1ea7u An To\u00e0n Th\u1ef1c Ph\u1ea9m<\/strong><br \/>\nT\u00fai gi\u1ea5y b\u00e1nh m\u00ec, c\u00f2n \u0111\u01b0\u1ee3c g\u1ecdi l\u00e0 bao b\u00e1nh m\u00ec hay t\u00fai gi\u1ea5y \u0111\u1ef1ng b\u00e1nh m\u00ec, l\u00e0 m\u1ed9t l\u1ef1a ch\u1ecdn t\u1ed1i \u01b0u \u0111\u1ec3 \u0111\u1ea3m b\u1ea3o an to\u00e0n th\u1ef1c ph\u1ea9m. S\u1ea3n ph\u1ea9m n\u00e0y \u0111\u01b0\u1ee3c l\u00e0m t\u1eeb gi\u1ea5y Kraft, m\u1ed9t lo\u1ea1i gi\u1ea5y ch\u1ea5t l\u01b0\u1ee3ng cao, \u0111\u00e1p \u1ee9ng c\u00e1c ti\u00eau chu\u1ea9n v\u1ec7 sinh an to\u00e0n th\u1ef1c ph\u1ea9m. V\u1edbi kh\u1ea3 n\u0103ng ch\u1ed1ng th\u1ea5m m\u1ee1 v\u00e0 \u0111\u1ed9 \u1ea9m t\u1ed1t, t\u00fai gi\u1ea5y gi\u00fap b\u1ea3o qu\u1ea3n b\u00e1nh m\u00ec m\u1ed9t c\u00e1ch t\u1ed1t nh\u1ea5t.<\/p>\n<h3>T\u00ednh Th\u00e2n Thi\u1ec7n M\u00f4i Tr\u01b0\u1eddng c\u1ee7a T\u00fai Gi\u1ea5y Kraft<\/h3>\n<p>T\u00fai gi\u1ea5y Kraft kh\u00f4ng ch\u1ec9 t\u1ed1t cho s\u1ee9c kh\u1ecfe ng\u01b0\u1eddi ti\u00eau d\u00f9ng m\u00e0 c\u00f2n th\u00e2n thi\u1ec7n v\u1edbi m\u00f4i tr\u01b0\u1eddng. Gi\u1ea5y Kraft th\u01b0\u1eddng \u0111\u01b0\u1ee3c s\u1ea3n xu\u1ea5t t\u1eeb ngu\u1ed3n t\u00e0i nguy\u00ean t\u00e1i t\u1ea1o v\u00e0 c\u00f3 th\u1ec3 ph\u00e2n h\u1ee7y sinh h\u1ecdc, gi\u1ea3m thi\u1ec3u t\u00e1c \u0111\u1ed9ng \u0111\u1ebfn m\u00f4i tr\u01b0\u1eddng so v\u1edbi c\u00e1c lo\u1ea1i bao b\u00ec nh\u1ef1a.<\/p>\n<p><strong>T\u00f9y Ch\u1ec9nh K\u00edch Th\u01b0\u1edbc v\u00e0 Thi\u1ebft K\u1ebf<\/strong><br \/>\nM\u1ed9t trong nh\u1eefng \u01b0u \u0111i\u1ec3m n\u1ed5i b\u1eadt c\u1ee7a t\u00fai gi\u1ea5y b\u00e1nh m\u00ec l\u00e0 kh\u1ea3 n\u0103ng t\u00f9y ch\u1ec9nh k\u00edch th\u01b0\u1edbc v\u00e0 thi\u1ebft k\u1ebf. V\u1edbi k\u00edch th\u01b0\u1edbc chu\u1ea9n ngang 9.5cm, cao 24.5cm v\u00e0 2 b\u00ean h\u00f4ng r\u1ed9ng 4.5cm, t\u00fai n\u00e0y ph\u00f9 h\u1ee3p cho vi\u1ec7c \u0111\u1ef1ng \u1ed5 b\u00e1nh m\u00ec Vi\u1ec7t Nam. Tuy nhi\u00ean, c\u00e1c nh\u00e0 s\u1ea3n xu\u1ea5t c\u0169ng c\u00f3 th\u1ec3 \u0111i\u1ec1u ch\u1ec9nh k\u00edch th\u01b0\u1edbc v\u00e0 in \u1ea5n logo ho\u1eb7c th\u00f4ng \u0111i\u1ec7p th\u01b0\u01a1ng hi\u1ec7u l\u00ean t\u00fai gi\u1ea5y \u0111\u1ec3 t\u0103ng t\u00ednh nh\u1eadn di\u1ec7n cho s\u1ea3n ph\u1ea9m.<\/p>\n<h3>Ph\u00f9 H\u1ee3p V\u1edbi M\u1ecdi Lo\u1ea1i H\u00ecnh Kinh Doanh<\/h3>\n<p>Kh\u00f4ng ch\u1ec9 d\u00e0nh cho c\u00e1c c\u1eeda h\u00e0ng b\u00e1n l\u1ebb, t\u00fai gi\u1ea5y b\u00e1nh m\u00ec c\u00f2n ph\u00f9 h\u1ee3p v\u1edbi nhi\u1ec1u lo\u1ea1i h\u00ecnh kinh doanh kh\u00e1c nhau t\u1eeb c\u00e1c ti\u1ec7m caf\u00e9, nh\u00e0 h\u00e0ng \u0111\u1ebfn c\u00e1c s\u1ef1 ki\u1ec7n ngo\u00e0i tr\u1eddi. Vi\u1ec7c s\u1eed d\u1ee5ng t\u00fai gi\u1ea5y trong c\u00e1c ho\u1ea1t \u0111\u1ed9ng kinh doanh n\u00e0y gi\u00fap th\u1ec3 hi\u1ec7n cam k\u1ebft b\u1ea3o v\u1ec7 m\u00f4i tr\u01b0\u1eddng v\u00e0 n\u00e2ng cao \u00fd th\u1ee9c v\u1ec1 s\u1ee9c kh\u1ecfe c\u1ed9ng \u0111\u1ed3ng.<\/p>\n<p><strong>L\u1ee3i \u00cdch Kinh T\u1ebf c\u1ee7a Vi\u1ec7c Ch\u1ecdn T\u00fai Gi\u1ea5y<\/strong><br \/>\nS\u1eed d\u1ee5ng t\u00fai gi\u1ea5y kh\u00f4ng nh\u1eefng gi\u00fap c\u00e1c doanh nghi\u1ec7p tu\u00e2n th\u1ee7 c\u00e1c quy \u0111\u1ecbnh v\u1ec1 an to\u00e0n th\u1ef1c ph\u1ea9m m\u00e0 c\u00f2n mang l\u1ea1i l\u1ee3i \u00edch kinh t\u1ebf nh\u1edd gi\u1ea3m chi ph\u00ed x\u1eed l\u00fd r\u00e1c th\u1ea3i nh\u1ef1a. T\u00fai gi\u1ea5y c\u00f3 gi\u00e1 th\u00e0nh c\u1ea1nh tranh v\u00e0 l\u00e0 m\u1ed9t l\u1ef1a ch\u1ecdn kinh t\u1ebf h\u01a1n trong d\u00e0i h\u1ea1n so v\u1edbi c\u00e1c lo\u1ea1i bao b\u00ec kh\u00e1c kh\u00f4ng th\u1ec3 t\u00e1i s\u1eed d\u1ee5ng hay t\u00e1i ch\u1ebf.<\/p>\n<p>t\u00fai gi\u1ea5y b\u00e1nh m\u00ec, gi\u1ea5y Kraft, bao b\u00e1nh m\u00ec, an to\u00e0n th\u1ef1c ph\u1ea9m, t\u00fai gi\u1ea5y th\u00e2n thi\u1ec7n m\u00f4i tr\u01b0\u1eddng, t\u00fai gi\u1ea5y \u0111\u1ef1ng th\u1ef1c ph\u1ea9m, t\u00fai kh\u00f4ng \u0103n \u0111\u01b0\u1ee3c, t\u00fai kh\u00f4ng c\u00f3 quai x\u00e1ch<\/p>\n","protected":false},"excerpt":{"rendered":"<p>K\u00edch th\u01b0\u1edbc 9.5&#215;4.5x24cm, \u0111\u1ecbnh l\u01b0\u1ee3ng gi\u1ea5y 50gsm. Kh\u00e1m ph\u00e1 t\u00fai gi\u1ea5y b\u00e1nh m\u00ec gi\u1ea5y Kraft, m\u1ed9t gi\u1ea3i ph\u00e1p \u0111\u00f3ng g\u00f3i th\u1ef1c ph\u1ea9m an to\u00e0n, th\u00e2n thi\u1ec7n v\u1edbi m\u00f4i tr\u01b0\u1eddng, \u0111\u1eb7c bi\u1ec7t ph\u00f9 h\u1ee3p cho vi\u1ec7c \u0111\u1ef1ng b\u00e1nh m\u00ec Vi\u1ec7t Nam.<\/p>\n","protected":false},"featured_media":473,"template":"","meta":[],"product_brand":[],"product_cat":[72],"product_tag":[],"class_list":{"0":"post-472","1":"product","2":"type-product","3":"status-publish","4":"has-post-thumbnail","6":"product_cat-san-pham-tui-banh-mi","8":"first","9":"instock","10":"virtual","11":"product-type-simple"},"_links":{"self":[{"href":"https:\/\/tuibanhmidep.com\/bai-viet\/wp-json\/wp\/v2\/product\/472","targetHints":{"allow":["GET"]}}],"collection":[{"href":"https:\/\/tuibanhmidep.com\/bai-viet\/wp-json\/wp\/v2\/product"}],"about":[{"href":"https:\/\/tuibanhmidep.com\/bai-viet\/wp-json\/wp\/v2\/types\/product"}],"wp:featuredmedia":[{"embeddable":true,"href":"https:\/\/tuibanhmidep.com\/bai-viet\/wp-json\/wp\/v2\/media\/473"}],"wp:attachment":[{"href":"https:\/\/tuibanhmidep.com\/bai-viet\/wp-json\/wp\/v2\/media?parent=472"}],"wp:term":[{"taxonomy":"product_brand","embeddable":true,"href":"https:\/\/tuibanhmidep.com\/bai-viet\/wp-json\/wp\/v2\/product_brand?post=472"},{"taxonomy":"product_cat","embeddable":true,"href":"https:\/\/tuibanhmidep.com\/bai-viet\/wp-json\/wp\/v2\/product_cat?post=472"},{"taxonomy":"product_tag","embeddable":true,"href":"https:\/\/tuibanhmidep.com\/bai-viet\/wp-json\/wp\/v2\/product_tag?post=472"}],"curies":[{"name":"wp","href":"https:\/\/api.w.org\/{rel}","templated":true}]}}