{"id":468,"date":"2024-04-12T09:49:25","date_gmt":"2024-04-12T02:49:25","guid":{"rendered":"https:\/\/tuibanhmidep.com\/bai-viet\/shop\/in-30000-tui-giay-dung-banh-mi-giay-kraft-giai-phap-bao-ve-moi-truong-va-an-toan-thuc-pham-skubmd_5173\/"},"modified":"2024-04-12T09:49:25","modified_gmt":"2024-04-12T02:49:25","slug":"in-30000-tui-giay-dung-banh-mi-giay-kraft-giai-phap-bao-ve-moi-truong-va-an-toan-thuc-pham-skubmd_5173","status":"publish","type":"product","link":"https:\/\/tuibanhmidep.com\/bai-viet\/shop\/in-30000-tui-giay-dung-banh-mi-giay-kraft-giai-phap-bao-ve-moi-truong-va-an-toan-thuc-pham-skubmd_5173\/","title":{"rendered":"In 30000 T\u00fai Gi\u1ea5y \u0110\u1ef1ng B\u00e1nh M\u00ec Gi\u1ea5y Kraft: Gi\u1ea3i Ph\u00e1p B\u1ea3o V\u1ec7 M\u00f4i Tr\u01b0\u1eddng V\u00e0 An To\u00e0n Th\u1ef1c Ph\u1ea9m (SKU:BMD_5173)"},"content":{"rendered":"<h2>Gi\u1edbi Thi\u1ec7u V\u1ec1 T\u00fai Gi\u1ea5y \u0110\u1ef1ng B\u00e1nh M\u00ec<\/h2>\n<p>T\u00fai gi\u1ea5y \u0111\u1ef1ng b\u00e1nh m\u00ec l\u00e0 m\u1ed9t s\u1ea3n ph\u1ea9m kh\u00f4ng th\u1ec3 thi\u1ebfu trong cu\u1ed9c s\u1ed1ng h\u00e0ng ng\u00e0y, nh\u1ea5t l\u00e0 \u0111\u1ed1i v\u1edbi nh\u1eefng ai y\u00eau th\u00edch s\u1ef1 ti\u1ec7n l\u1ee3i m\u00e0 v\u1eabn b\u1ea3o \u0111\u1ea3m v\u1ec7 sinh an to\u00e0n th\u1ef1c ph\u1ea9m. \u0110\u01b0\u1ee3c l\u00e0m t\u1eeb gi\u1ea5y Kraft, lo\u1ea1i gi\u1ea5y an to\u00e0n cho th\u1ef1c ph\u1ea9m, t\u00fai b\u00e1nh m\u00ec kh\u00f4ng nh\u1eefng b\u1ea3o qu\u1ea3n \u0111\u01b0\u1ee3c \u0111\u1ed9 t\u01b0\u01a1i ngon c\u1ee7a b\u00e1nh m\u00ec m\u00e0 c\u00f2n g\u00f3p ph\u1ea7n b\u1ea3o v\u1ec7 m\u00f4i tr\u01b0\u1eddng nh\u1edd kh\u1ea3 n\u0103ng ph\u00e2n h\u1ee7y sinh h\u1ecdc cao.<\/p>\n<h3>L\u1ee3i \u00cdch C\u1ee7a T\u00fai Gi\u1ea5y \u0110\u1ef1ng B\u00e1nh M\u00ec<\/h3>\n<p>T\u00fai gi\u1ea5y \u0111\u1ef1ng b\u00e1nh m\u00ec gi\u1ea5y Kraft l\u00e0 gi\u1ea3i ph\u00e1p l\u00fd t\u01b0\u1edfng cho nh\u1eefng ai t\u00ecm ki\u1ebfm s\u1ef1 an to\u00e0n v\u00e0 th\u00e2n thi\u1ec7n v\u1edbi m\u00f4i tr\u01b0\u1eddng. Kh\u00f4ng s\u1eed d\u1ee5ng ch\u1ea5t li\u1ec7u nh\u1ef1a hay c\u00e1c th\u00e0nh ph\u1ea7n \u0111\u1ed9c h\u1ea1i, t\u00fai gi\u1ea5y \u0111\u1ea3m b\u1ea3o kh\u00f4ng g\u00e2y h\u1ea1i cho ng\u01b0\u1eddi s\u1eed d\u1ee5ng c\u0169ng nh\u01b0 m\u00f4i tr\u01b0\u1eddng xung quanh. S\u1eed d\u1ee5ng t\u00fai gi\u1ea5y c\u00f2n gi\u00fap gi\u1ea3m l\u01b0\u1ee3ng r\u00e1c th\u1ea3i nh\u1ef1a, t\u1eebng b\u01b0\u1edbc h\u1ea1n ch\u1ebf v\u1ea5n n\u1ea1n \u00f4 nhi\u1ec5m tr\u1eafng \u0111ang di\u1ec5n ra tr\u00ean to\u00e0n c\u1ea7u.<\/p>\n<p><strong>\u0110\u1eb7c \u0110i\u1ec3m C\u1ee7a T\u00fai Gi\u1ea5y \u0110\u1ef1ng B\u00e1nh M\u00ec<\/strong><\/p>\n<p>T\u00fai gi\u1ea5y \u0111\u1ef1ng b\u00e1nh m\u00ec c\u00f3 k\u00edch th\u01b0\u1edbc chu\u1ea9n l\u00e0 9.5cm ngang, 24.5cm cao v\u00e0 m\u1ed7i b\u00ean h\u00f4ng r\u1ed9ng 4.5cm, ph\u00f9 h\u1ee3p \u0111\u1ec3 \u0111\u1ef1ng m\u1ed9t \u1ed5 b\u00e1nh m\u00ec Vi\u1ec7t Nam. \u0110\u01b0\u1ee3c l\u00e0m t\u1eeb gi\u1ea5y Kraft, t\u00fai b\u00e1nh m\u00ec \u0111\u1ea3m b\u1ea3o \u0111\u1ed9 b\u1ec1n c\u1ea7n thi\u1ebft \u0111\u1ec3 gi\u1eef v\u1eefng h\u00ecnh d\u1ea1ng v\u00e0 ch\u1ea5t l\u01b0\u1ee3ng c\u1ee7a b\u00e1nh m\u00ec trong qu\u00e1 tr\u00ecnh v\u1eadn chuy\u1ec3n. Kh\u00f4ng ch\u1ec9 v\u1eady, v\u1edbi thi\u1ebft k\u1ebf kh\u00f4ng quai x\u00e1ch, t\u00fai b\u00e1nh m\u00ec c\u00f2n g\u00f3p ph\u1ea7n gi\u1ea3m thi\u1ec3u chi ph\u00ed v\u00e0 kh\u1ed1i l\u01b0\u1ee3ng khi l\u01b0u tr\u1eef ho\u1eb7c v\u1eadn chuy\u1ec3n.<\/p>\n<h3>S\u1ef1 Ti\u1ec7n L\u1ee3i V\u00e0 Ph\u1ed5 Bi\u1ebfn C\u1ee7a T\u00fai Gi\u1ea5y \u0110\u1ef1ng B\u00e1nh M\u00ec<\/h3>\n<p>T\u00fai gi\u1ea5y \u0111\u1ef1ng b\u00e1nh m\u00ec kh\u00f4ng ch\u1ec9 \u0111\u01b0\u1ee3c s\u1eed d\u1ee5ng trong c\u00e1c ti\u1ec7m b\u00e1nh m\u00ec m\u00e0 c\u00f2n \u0111\u01b0\u1ee3c \u01b0a chu\u1ed9ng trong c\u00e1c h\u1ed9 gia \u0111\u00ecnh, c\u1eeda h\u00e0ng ti\u1ec7n l\u1ee3i, v\u00e0 th\u1eadm ch\u00ed l\u00e0 trong c\u00e1c s\u1ef1 ki\u1ec7n l\u1edbn nh\u01b0 h\u1ed9i ch\u1ee3 th\u1ef1c ph\u1ea9m. S\u1ef1 \u0111a d\u1ea1ng trong c\u00e1ch s\u1eed d\u1ee5ng c\u00f9ng v\u1edbi l\u1ee3i \u00edch v\u1ec1 m\u1eb7t m\u00f4i tr\u01b0\u1eddng v\u00e0 s\u1ee9c kh\u1ecfe \u0111\u00e3 l\u00e0m cho t\u00fai gi\u1ea5y \u0111\u1ef1ng b\u00e1nh m\u00ec tr\u1edf n\u00ean ph\u1ed5 bi\u1ebfn v\u00e0 \u0111\u01b0\u1ee3c nhi\u1ec1u ng\u01b0\u1eddi ti\u00eau d\u00f9ng l\u1ef1a ch\u1ecdn.<\/p>\n<p>t\u00fai gi\u1ea5y \u0111\u1ef1ng b\u00e1nh m\u00ec, t\u00fai gi\u1ea5y Kraft, an to\u00e0n th\u1ef1c ph\u1ea9m, b\u1ea3o v\u1ec7 m\u00f4i tr\u01b0\u1eddng, t\u00fai kh\u00f4ng quai, \u0111\u1ef1ng b\u00e1nh m\u00ec Vi\u1ec7t Nam<\/p>\n","protected":false},"excerpt":{"rendered":"<p>K\u00edch th\u01b0\u1edbc 9.5&#215;4.5x24cm, \u0111\u1ecbnh l\u01b0\u1ee3ng gi\u1ea5y 50gsm. S\u1eed d\u1ee5ng t\u00fai gi\u1ea5y \u0111\u1ef1ng b\u00e1nh m\u00ec gi\u1ea5y Kraft kh\u00f4ng nh\u1eefng th\u00e2n thi\u1ec7n v\u1edbi m\u00f4i tr\u01b0\u1eddng m\u00e0 c\u00f2n \u0111\u1ea3m b\u1ea3o an to\u00e0n v\u1ec7 sinh th\u1ef1c ph\u1ea9m.<\/p>\n","protected":false},"featured_media":469,"template":"","meta":[],"product_brand":[],"product_cat":[72],"product_tag":[],"class_list":{"0":"post-468","1":"product","2":"type-product","3":"status-publish","4":"has-post-thumbnail","6":"product_cat-san-pham-tui-banh-mi","8":"first","9":"instock","10":"virtual","11":"product-type-simple"},"_links":{"self":[{"href":"https:\/\/tuibanhmidep.com\/bai-viet\/wp-json\/wp\/v2\/product\/468","targetHints":{"allow":["GET"]}}],"collection":[{"href":"https:\/\/tuibanhmidep.com\/bai-viet\/wp-json\/wp\/v2\/product"}],"about":[{"href":"https:\/\/tuibanhmidep.com\/bai-viet\/wp-json\/wp\/v2\/types\/product"}],"wp:featuredmedia":[{"embeddable":true,"href":"https:\/\/tuibanhmidep.com\/bai-viet\/wp-json\/wp\/v2\/media\/469"}],"wp:attachment":[{"href":"https:\/\/tuibanhmidep.com\/bai-viet\/wp-json\/wp\/v2\/media?parent=468"}],"wp:term":[{"taxonomy":"product_brand","embeddable":true,"href":"https:\/\/tuibanhmidep.com\/bai-viet\/wp-json\/wp\/v2\/product_brand?post=468"},{"taxonomy":"product_cat","embeddable":true,"href":"https:\/\/tuibanhmidep.com\/bai-viet\/wp-json\/wp\/v2\/product_cat?post=468"},{"taxonomy":"product_tag","embeddable":true,"href":"https:\/\/tuibanhmidep.com\/bai-viet\/wp-json\/wp\/v2\/product_tag?post=468"}],"curies":[{"name":"wp","href":"https:\/\/api.w.org\/{rel}","templated":true}]}}