{"id":463,"date":"2024-04-12T09:30:38","date_gmt":"2024-04-12T02:30:38","guid":{"rendered":"https:\/\/tuibanhmidep.com\/bai-viet\/shop\/in-70000-tui-giay-dung-banh-mi-giay-kraft-lua-chon-than-thien-moi-truong-va-an-toan-thuc-pham-skubmd_10039\/"},"modified":"2024-04-12T09:30:38","modified_gmt":"2024-04-12T02:30:38","slug":"in-70000-tui-giay-dung-banh-mi-giay-kraft-lua-chon-than-thien-moi-truong-va-an-toan-thuc-pham-skubmd_10039","status":"publish","type":"product","link":"https:\/\/tuibanhmidep.com\/bai-viet\/shop\/in-70000-tui-giay-dung-banh-mi-giay-kraft-lua-chon-than-thien-moi-truong-va-an-toan-thuc-pham-skubmd_10039\/","title":{"rendered":"In 70000 T\u00fai Gi\u1ea5y \u0110\u1ef1ng B\u00e1nh M\u00ec Gi\u1ea5y Kraft: L\u1ef1a Ch\u1ecdn Th\u00e2n Thi\u1ec7n M\u00f4i Tr\u01b0\u1eddng V\u00e0 An To\u00e0n Th\u1ef1c Ph\u1ea9m (SKU:BMD_10039)"},"content":{"rendered":"<h2>Gi\u1edbi Thi\u1ec7u V\u1ec1 T\u00fai Gi\u1ea5y \u0110\u1ef1ng B\u00e1nh M\u00ec Gi\u1ea5y Kraft<\/h2>\n<p><strong>\u0110\u1eb7c \u0111i\u1ec3m c\u1ee7a t\u00fai gi\u1ea5y \u0111\u1ef1ng b\u00e1nh m\u00ec<\/strong><br \/>\nT\u00fai gi\u1ea5y \u0111\u1ef1ng b\u00e1nh m\u00ec \u0111\u01b0\u1ee3c l\u00e0m t\u1eeb gi\u1ea5y Kraft, m\u1ed9t lo\u1ea1i gi\u1ea5y th\u00e2n thi\u1ec7n v\u1edbi m\u00f4i tr\u01b0\u1eddng v\u00e0 an to\u00e0n khi ti\u1ebfp x\u00fac v\u1edbi th\u1ef1c ph\u1ea9m. T\u00fai n\u00e0y kh\u00f4ng ch\u1ee9a quai x\u00e1ch, thi\u1ebft k\u1ebf \u0111\u01a1n gi\u1ea3n, ti\u1ec7n l\u1ee3i, ch\u1ec9 \u0111\u1ee7 r\u1ed9ng \u0111\u1ec3 \u0111\u1ef1ng m\u1ed9t \u1ed5 b\u00e1nh m\u00ec Vi\u1ec7t Nam. V\u1edbi k\u00edch th\u01b0\u1edbc ngang 9.5cm, cao 24.5cm v\u00e0 m\u1ed7i b\u00ean h\u00f4ng r\u1ed9ng 4.5cm, t\u00fai gi\u1ea5y n\u00e0y \u0111\u00e1p \u1ee9ng nhu c\u1ea7u c\u01a1 b\u1ea3n c\u1ee7a ng\u01b0\u1eddi ti\u00eau d\u00f9ng.<\/p>\n<h3>T\u1ea1i Sao N\u00ean Ch\u1ecdn T\u00fai Gi\u1ea5y \u0110\u1ef1ng B\u00e1nh M\u00ec Gi\u1ea5y Kraft?<\/h3>\n<p>T\u00fai gi\u1ea5y \u0111\u1ef1ng b\u00e1nh m\u00ec gi\u1ea5y Kraft kh\u00f4ng ch\u1ec9 l\u00e0 l\u1ef1a ch\u1ecdn th\u00e2n thi\u1ec7n v\u1edbi m\u00f4i tr\u01b0\u1eddng do kh\u1ea3 n\u0103ng ph\u00e2n h\u1ee7y sinh h\u1ecdc, m\u00e0 c\u00f2n b\u1ea3o v\u1ec7 s\u1ee9c kh\u1ecfe ng\u01b0\u1eddi ti\u00eau d\u00f9ng v\u1edbi ch\u1ea5t li\u1ec7u an to\u00e0n, kh\u00f4ng \u0111\u1ed9c h\u1ea1i. S\u1eed d\u1ee5ng t\u00fai gi\u1ea5y Kraft trong \u0111\u1ef1ng b\u00e1nh m\u00ec gi\u00fap gi\u1ea3m thi\u1ec3u t\u00e1c \u0111\u1ed9ng ti\u00eau c\u1ef1c \u0111\u1ebfn m\u00f4i tr\u01b0\u1eddng, thay th\u1ebf cho c\u00e1c lo\u1ea1i t\u00fai ni l\u00f4ng v\u00e0 plastic kh\u00f3 ph\u00e2n h\u1ee7y.<\/p>\n<p><strong>L\u1ee3i \u00edch khi s\u1eed d\u1ee5ng t\u00fai gi\u1ea5y \u0111\u1ef1ng b\u00e1nh m\u00ec<\/strong><br \/>\nKhi ch\u1ecdn t\u00fai gi\u1ea5y \u0111\u1ef1ng b\u00e1nh m\u00ec, b\u1ea1n kh\u00f4ng ch\u1ec9 g\u00f3p ph\u1ea7n b\u1ea3o v\u1ec7 m\u00f4i tr\u01b0\u1eddng m\u00e0 c\u00f2n \u0111\u1ea3m b\u1ea3o an to\u00e0n th\u1ef1c ph\u1ea9m cho b\u1ea3n th\u00e2n v\u00e0 gia \u0111\u00ecnh. T\u00fai gi\u1ea5y Kraft c\u00f3 t\u00ednh n\u0103ng ch\u1ed1ng \u1ea9m t\u1ed1t, gi\u00fap b\u00e1nh m\u00ec gi\u1eef \u0111\u01b0\u1ee3c \u0111\u1ed9 t\u01b0\u01a1i ngon l\u00e2u h\u01a1n. \u0110\u1ed3ng th\u1eddi, ch\u1ea5t li\u1ec7u gi\u1ea5y gi\u00fap c\u00e1ch nhi\u1ec7t v\u00e0 d\u1ec5 d\u00e0ng t\u00e1i ch\u1ebf, h\u1ed7 tr\u1ee3 gi\u1ea3m r\u00e1c th\u1ea3i v\u00e0 \u00f4 nhi\u1ec5m.<\/p>\n<h3>\u1ee8ng D\u1ee5ng C\u1ee7a T\u00fai Gi\u1ea5y \u0110\u1ef1ng B\u00e1nh M\u00ec Trong Cu\u1ed9c S\u1ed1ng H\u00e0ng Ng\u00e0y<\/h3>\n<p>T\u00fai gi\u1ea5y \u0111\u1ef1ng b\u00e1nh m\u00ec kh\u00f4ng ch\u1ec9 d\u00f9ng \u0111\u1ec3 \u0111\u1ef1ng b\u00e1nh m\u00ec m\u00e0 c\u00f2n c\u00f3 th\u1ec3 s\u1eed d\u1ee5ng \u0111\u1ef1ng c\u00e1c lo\u1ea1i th\u1ef1c ph\u1ea9m kh\u00e1c. T\u00fai n\u00e0y ph\u00f9 h\u1ee3p cho c\u00e1c c\u1eeda h\u00e0ng th\u1ee9c \u0103n nhanh, ti\u1ec7m b\u00e1nh m\u00ec, c\u1eeda h\u00e0ng t\u1ea1p h\u00f3a, v\u00e0 c\u1ea3 c\u00e1 nh\u00e2n khi c\u1ea7n \u0111\u1ef1ng th\u1ee9c \u0103n mang \u0111i. Nh\u1edd v\u00e0o thi\u1ebft k\u1ebf ti\u1ec7n l\u1ee3i v\u00e0 kh\u1ea3 n\u0103ng th\u00e2n thi\u1ec7n v\u1edbi m\u00f4i tr\u01b0\u1eddng, t\u00fai gi\u1ea5y Kraft ng\u00e0y c\u00e0ng \u0111\u01b0\u1ee3c \u01b0a chu\u1ed9ng trong c\u00e1c ho\u1ea1t \u0111\u1ed9ng th\u01b0\u01a1ng m\u1ea1i v\u00e0 c\u00e1 nh\u00e2n.<\/p>\n<p>t\u00fai gi\u1ea5y \u0111\u1ef1ng b\u00e1nh m\u00ec, gi\u1ea5y Kraft, an to\u00e0n th\u1ef1c ph\u1ea9m, th\u00e2n thi\u1ec7n m\u00f4i tr\u01b0\u1eddng, gi\u1ea3m r\u00e1c th\u1ea3i, bao b\u00e1nh m\u00ec, gi\u1ea5y g\u00f3i b\u00e1nh m\u00ec, t\u00fai gi\u1ea5y b\u00e1nh m\u00ec<\/p>\n","protected":false},"excerpt":{"rendered":"<p>K\u00edch th\u01b0\u1edbc 9.5&#215;4.5x24cm, \u0111\u1ecbnh l\u01b0\u1ee3ng gi\u1ea5y 50gsm. T\u00fai gi\u1ea5y \u0111\u1ef1ng b\u00e1nh m\u00ec gi\u1ea5y Kraft kh\u00f4ng ch\u1ec9 th\u00e2n thi\u1ec7n v\u1edbi m\u00f4i tr\u01b0\u1eddng m\u00e0 c\u00f2n \u0111\u1ea3m b\u1ea3o an to\u00e0n cho th\u1ef1c ph\u1ea9m, l\u00e0 l\u1ef1a ch\u1ecdn l\u00fd t\u01b0\u1edfng cho m\u1ecdi ng\u01b0\u1eddi.<\/p>\n","protected":false},"featured_media":464,"template":"","meta":[],"product_brand":[],"product_cat":[72],"product_tag":[],"class_list":{"0":"post-463","1":"product","2":"type-product","3":"status-publish","4":"has-post-thumbnail","6":"product_cat-san-pham-tui-banh-mi","8":"first","9":"instock","10":"virtual","11":"product-type-simple"},"_links":{"self":[{"href":"https:\/\/tuibanhmidep.com\/bai-viet\/wp-json\/wp\/v2\/product\/463","targetHints":{"allow":["GET"]}}],"collection":[{"href":"https:\/\/tuibanhmidep.com\/bai-viet\/wp-json\/wp\/v2\/product"}],"about":[{"href":"https:\/\/tuibanhmidep.com\/bai-viet\/wp-json\/wp\/v2\/types\/product"}],"wp:featuredmedia":[{"embeddable":true,"href":"https:\/\/tuibanhmidep.com\/bai-viet\/wp-json\/wp\/v2\/media\/464"}],"wp:attachment":[{"href":"https:\/\/tuibanhmidep.com\/bai-viet\/wp-json\/wp\/v2\/media?parent=463"}],"wp:term":[{"taxonomy":"product_brand","embeddable":true,"href":"https:\/\/tuibanhmidep.com\/bai-viet\/wp-json\/wp\/v2\/product_brand?post=463"},{"taxonomy":"product_cat","embeddable":true,"href":"https:\/\/tuibanhmidep.com\/bai-viet\/wp-json\/wp\/v2\/product_cat?post=463"},{"taxonomy":"product_tag","embeddable":true,"href":"https:\/\/tuibanhmidep.com\/bai-viet\/wp-json\/wp\/v2\/product_tag?post=463"}],"curies":[{"name":"wp","href":"https:\/\/api.w.org\/{rel}","templated":true}]}}