{"id":410,"date":"2024-04-10T16:00:09","date_gmt":"2024-04-10T09:00:09","guid":{"rendered":"https:\/\/tuibanhmidep.com\/bai-viet\/shop\/in-50000-tui-giay-dung-banh-mi-giay-kraft-giai-phap-than-thien-moi-truong-doi-voi-tieu-dung-hang-ngay-skubmd_8362\/"},"modified":"2024-04-10T16:00:09","modified_gmt":"2024-04-10T09:00:09","slug":"in-50000-tui-giay-dung-banh-mi-giay-kraft-giai-phap-than-thien-moi-truong-doi-voi-tieu-dung-hang-ngay-skubmd_8362","status":"publish","type":"product","link":"https:\/\/tuibanhmidep.com\/bai-viet\/shop\/in-50000-tui-giay-dung-banh-mi-giay-kraft-giai-phap-than-thien-moi-truong-doi-voi-tieu-dung-hang-ngay-skubmd_8362\/","title":{"rendered":"In 50000 T\u00fai Gi\u1ea5y \u0110\u1ef1ng B\u00e1nh M\u00ec Gi\u1ea5y Kraft &#8211; Gi\u1ea3i Ph\u00e1p Th\u00e2n Thi\u1ec7n M\u00f4i Tr\u01b0\u1eddng \u0110\u1ed1i V\u1edbi Ti\u00eau D\u00f9ng H\u1eb1ng Ng\u00e0y (SKU:BMD_8362)"},"content":{"rendered":"<h2>T\u1ea1i Sao Ch\u1ecdn T\u00fai Gi\u1ea5y \u0110\u1ef1ng B\u00e1nh M\u00ec Gi\u1ea5y Kraft?<\/h2>\n<p>Trong th\u1ebf gi\u1edbi ng\u00e0y nay, vi\u1ec7c ch\u00fa tr\u1ecdng \u0111\u1ebfn m\u00f4i tr\u01b0\u1eddng ng\u00e0y c\u00e0ng tr\u1edf n\u00ean quan tr\u1ecdng. T\u00fai gi\u1ea5y \u0111\u1ef1ng b\u00e1nh m\u00ec gi\u1ea5y Kraft kh\u00f4ng ch\u1ec9 l\u00e0 l\u1ef1a ch\u1ecdn th\u00e2n thi\u1ec7n v\u1edbi m\u00f4i tr\u01b0\u1eddng m\u00e0 c\u00f2n \u0111\u1ea3m b\u1ea3o an to\u00e0n cho th\u1ef1c ph\u1ea9m c\u1ee7a b\u1ea1n. S\u1ea3n ph\u1ea9m n\u00e0y \u0111\u01b0\u1ee3c l\u00e0m t\u1eeb gi\u1ea5y Kraft, m\u1ed9t lo\u1ea1i gi\u1ea5y th\u00e2n thi\u1ec7n v\u1edbi m\u00f4i tr\u01b0\u1eddng, c\u00f3 kh\u1ea3 n\u0103ng ph\u00e2n h\u1ee7y sinh h\u1ecdc, gi\u1ea3m thi\u1ec3u t\u00e1c \u0111\u1ed9ng \u0111\u1ebfn h\u00e0nh tinh c\u1ee7a ch\u00fang ta.<\/p>\n<h3>\u0110\u1eb7c \u0110i\u1ec3m N\u1ed5i B\u1eadt C\u1ee7a T\u00fai Gi\u1ea5y \u0110\u1ef1ng B\u00e1nh M\u00ec<\/h3>\n<p>T\u00fai gi\u1ea5y \u0111\u1ef1ng b\u00e1nh m\u00ec \u0111\u01b0\u1ee3c thi\u1ebft k\u1ebf \u0111\u1eb7c bi\u1ec7t \u0111\u1ec3 \u0111\u1ef1ng \u1ed5 b\u00e1nh m\u00ec Vi\u1ec7t Nam, v\u1edbi k\u00edch th\u01b0\u1edbc ngang 9.5cm, cao 24.5cm v\u00e0 2 b\u00ean h\u00f4ng r\u1ed9ng 4.5cm. S\u1ea3n ph\u1ea9m n\u00e0y \u0111\u01b0\u1ee3c l\u00e0m ho\u00e0n to\u00e0n t\u1eeb gi\u1ea5y Kraft, \u0111\u1ea3m b\u1ea3o an to\u00e0n khi ti\u1ebfp x\u00fac v\u1edbi th\u1ef1c ph\u1ea9m. M\u1eb7c d\u00f9 kh\u00f4ng \u0103n \u0111\u01b0\u1ee3c v\u00e0 kh\u00f4ng c\u00f3 quai x\u00e1ch, t\u00fai gi\u1ea5y n\u00e0y r\u1ea5t thu\u1eadn ti\u1ec7n cho vi\u1ec7c \u0111\u1ef1ng b\u00e1nh m\u00ec v\u00e0 mang \u0111i.<\/p>\n<p><strong>\u01afu \u0110i\u1ec3m V\u01b0\u1ee3t Tr\u1ed9i<\/strong><\/p>\n<p>M\u1ed9t trong nh\u1eefng \u01b0u \u0111i\u1ec3m l\u1edbn nh\u1ea5t c\u1ee7a t\u00fai gi\u1ea5y \u0111\u1ef1ng b\u00e1nh m\u00ec l\u00e0 kh\u1ea3 n\u0103ng ph\u00e2n h\u1ee7y sinh h\u1ecdc. \u0110i\u1ec1u n\u00e0y kh\u00f4ng ch\u1ec9 gi\u00fap gi\u1ea3m l\u01b0\u1ee3ng r\u00e1c th\u1ea3i nh\u1ef1a m\u00e0 c\u00f2n th\u00fac \u0111\u1ea9y m\u1ed9t l\u1ed1i s\u1ed1ng xanh h\u01a1n. Ngo\u00e0i ra, vi\u1ec7c s\u1eed d\u1ee5ng t\u00fai gi\u1ea5y c\u0169ng ph\u1ea3n \u00e1nh cam k\u1ebft c\u1ee7a b\u1ea1n \u0111\u1ed1i v\u1edbi vi\u1ec7c b\u1ea3o v\u1ec7 m\u00f4i tr\u01b0\u1eddng, m\u1ed9t y\u1ebfu t\u1ed1 ng\u00e0y c\u00e0ng \u0111\u01b0\u1ee3c quan t\u00e2m trong x\u00e3 h\u1ed9i hi\u1ec7n \u0111\u1ea1i.<\/p>\n<h3>T\u1ea1i Sao L\u1ef1a Ch\u1ecdn T\u00fai Gi\u1ea5y \u0110\u1ef1ng B\u00e1nh M\u00ec?<\/h3>\n<p>T\u00fai gi\u1ea5y \u0111\u1ef1ng b\u00e1nh m\u00ec kh\u00f4ng ch\u1ec9 gi\u00fap b\u1ea3o qu\u1ea3n b\u00e1nh m\u00ec c\u1ee7a b\u1ea1n m\u1ed9t c\u00e1ch t\u1ed1t nh\u1ea5t m\u00e0 c\u00f2n th\u1ec3 hi\u1ec7n s\u1ef1 quan t\u00e2m \u0111\u1ebfn m\u00f4i tr\u01b0\u1eddng. V\u1edbi thi\u1ebft k\u1ebf \u0111\u1eb7c bi\u1ec7t ph\u00f9 h\u1ee3p cho \u1ed5 b\u00e1nh m\u00ec Vi\u1ec7t Nam, s\u1ea3n ph\u1ea9m n\u00e0y ph\u00f9 h\u1ee3p v\u1edbi h\u1ea7u h\u1ebft c\u00e1c nhu c\u1ea7u \u0111\u1ef1ng b\u00e1nh m\u00ec h\u00e0ng ng\u00e0y c\u1ee7a b\u1ea1n.<\/p>\n<p><strong>B\u1ea3o V\u1ec7 M\u00f4i Tr\u01b0\u1eddng, B\u1ea3o V\u1ec7 S\u1ee9c Kh\u1ecfe<\/strong><\/p>\n<p>V\u1edbi vi\u1ec7c s\u1eed d\u1ee5ng t\u00fai gi\u1ea5y \u0111\u1ef1ng b\u00e1nh m\u00ec, b\u1ea1n kh\u00f4ng ch\u1ec9 g\u00f3p ph\u1ea7n b\u1ea3o v\u1ec7 m\u00f4i tr\u01b0\u1eddng m\u00e0 c\u00f2n \u0111\u1ea3m b\u1ea3o s\u1ee9c kh\u1ecfe cho b\u1ea3n th\u00e2n v\u00e0 gia \u0111\u00ecnh. Gi\u1ea5y Kraft \u0111\u01b0\u1ee3c bi\u1ebft \u0111\u1ebfn l\u00e0 lo\u1ea1i gi\u1ea5y an to\u00e0n cho th\u1ef1c ph\u1ea9m, kh\u00f4ng ch\u1ee9a h\u00f3a ch\u1ea5t \u0111\u1ed9c h\u1ea1i, \u0111\u1ea3m b\u1ea3o an to\u00e0n tuy\u1ec7t \u0111\u1ed1i khi ti\u1ebfp x\u00fac v\u1edbi th\u1ee9c \u0103n.<\/p>\n<p>t\u00fai gi\u1ea5y \u0111<\/p>\n<p>\u1ef1ng b\u00e1nh m\u00ec, gi\u1ea5y Kraft, th\u00e2n thi\u1ec7n m\u00f4i tr\u01b0\u1eddng, \u0111\u1ef1ng b\u00e1nh m\u00ec Vi\u1ec7t Nam, b\u1ea3o v\u1ec7 m\u00f4i tr\u01b0\u1eddng, an to\u00e0n th\u1ef1c ph\u1ea9m, gi\u1ea5y ph\u00e2n h\u1ee7y sinh h\u1ecdc<\/p>\n","protected":false},"excerpt":{"rendered":"<p>K\u00edch th\u01b0\u1edbc 9.5&#215;4.5x24cm, \u0111\u1ecbnh l\u01b0\u1ee3ng gi\u1ea5y 50gsm. Kh\u00e1m ph\u00e1 l\u1ef1a ch\u1ecdn th\u00e2n thi\u1ec7n v\u1edbi m\u00f4i tr\u01b0\u1eddng cho vi\u1ec7c \u0111\u1ef1ng b\u00e1nh m\u00ec h\u00e0ng ng\u00e0y c\u1ee7a b\u1ea1n qua t\u00fai gi\u1ea5y \u0111\u1ef1ng b\u00e1nh m\u00ec gi\u1ea5y Kraft, \u0111\u00e1p \u1ee9ng nhu c\u1ea7u ti\u00eau d\u00f9ng hi\u1ec7n \u0111\u1ea1i.<\/p>\n","protected":false},"featured_media":411,"template":"","meta":[],"product_brand":[],"product_cat":[72],"product_tag":[],"class_list":{"0":"post-410","1":"product","2":"type-product","3":"status-publish","4":"has-post-thumbnail","6":"product_cat-san-pham-tui-banh-mi","8":"first","9":"instock","10":"virtual","11":"product-type-simple"},"_links":{"self":[{"href":"https:\/\/tuibanhmidep.com\/bai-viet\/wp-json\/wp\/v2\/product\/410","targetHints":{"allow":["GET"]}}],"collection":[{"href":"https:\/\/tuibanhmidep.com\/bai-viet\/wp-json\/wp\/v2\/product"}],"about":[{"href":"https:\/\/tuibanhmidep.com\/bai-viet\/wp-json\/wp\/v2\/types\/product"}],"wp:featuredmedia":[{"embeddable":true,"href":"https:\/\/tuibanhmidep.com\/bai-viet\/wp-json\/wp\/v2\/media\/411"}],"wp:attachment":[{"href":"https:\/\/tuibanhmidep.com\/bai-viet\/wp-json\/wp\/v2\/media?parent=410"}],"wp:term":[{"taxonomy":"product_brand","embeddable":true,"href":"https:\/\/tuibanhmidep.com\/bai-viet\/wp-json\/wp\/v2\/product_brand?post=410"},{"taxonomy":"product_cat","embeddable":true,"href":"https:\/\/tuibanhmidep.com\/bai-viet\/wp-json\/wp\/v2\/product_cat?post=410"},{"taxonomy":"product_tag","embeddable":true,"href":"https:\/\/tuibanhmidep.com\/bai-viet\/wp-json\/wp\/v2\/product_tag?post=410"}],"curies":[{"name":"wp","href":"https:\/\/api.w.org\/{rel}","templated":true}]}}