{"id":402,"date":"2024-04-10T11:31:14","date_gmt":"2024-04-10T04:31:14","guid":{"rendered":"https:\/\/tuibanhmidep.com\/bai-viet\/shop\/in-80000-tui-giay-kraft-dung-banh-mi-thiet-ke-dep-gia-canh-tranh-skubmd_867\/"},"modified":"2024-04-10T11:31:15","modified_gmt":"2024-04-10T04:31:15","slug":"in-80000-tui-giay-kraft-dung-banh-mi-thiet-ke-dep-gia-canh-tranh-skubmd_867","status":"publish","type":"product","link":"https:\/\/tuibanhmidep.com\/bai-viet\/shop\/in-80000-tui-giay-kraft-dung-banh-mi-thiet-ke-dep-gia-canh-tranh-skubmd_867\/","title":{"rendered":"In 80000 T\u00fai Gi\u1ea5y Kraft \u0110\u1ef1ng B\u00e1nh M\u00ec &#8211; Thi\u1ebft K\u1ebf \u0110\u1eb9p, Gi\u00e1 C\u1ea1nh Tranh (SKU:BMD_867)"},"content":{"rendered":"<h2>Gi\u1edbi Thi\u1ec7u T\u00fai Gi\u1ea5y \u0110\u1ef1ng B\u00e1nh M\u00ec<\/h2>\n<p>T\u00fai gi\u1ea5y \u0111\u1ef1ng b\u00e1nh m\u00ec, m\u1ed9t gi\u1ea3i ph\u00e1p \u0111\u00f3ng g\u00f3i th\u00e2n thi\u1ec7n v\u1edbi m\u00f4i tr\u01b0\u1eddng, \u0111\u01b0\u1ee3c thi\u1ebft k\u1ebf \u0111\u1eb7c bi\u1ec7t cho vi\u1ec7c b\u1ea3o qu\u1ea3n v\u00e0 v\u1eadn chuy\u1ec3n b\u00e1nh m\u00ec. V\u1edbi ch\u1ea5t li\u1ec7u gi\u1ea5y Kraft ch\u1ea5t l\u01b0\u1ee3ng cao, t\u00fai gi\u1ea5y n\u00e0y kh\u00f4ng ch\u1ec9 an to\u00e0n cho th\u1ef1c ph\u1ea9m m\u00e0 c\u00f2n \u0111\u1ea3m b\u1ea3o \u0111\u1ed9 b\u1ec1n v\u00e0 kh\u1ea3 n\u0103ng ch\u1ecbu \u0111\u01b0\u1ee3c l\u01b0\u1ee3ng d\u1ea7u th\u1eeba t\u1eeb b\u00e1nh m\u00ec. V\u1edbi k\u00edch th\u01b0\u1edbc ti\u00eau chu\u1ea9n ngang 9.5cm, cao 24.5cm v\u00e0 2 b\u00ean h\u00f4ng r\u1ed9ng 4.5cm, t\u00fai gi\u1ea5y \u0111\u1ef1ng b\u00e1nh m\u00ec ph\u00f9 h\u1ee3p v\u1edbi m\u1ed9t \u1ed5 b\u00e1nh m\u00ec Vi\u1ec7t Nam, mang l\u1ea1i s\u1ef1 ti\u1ec7n l\u1ee3i t\u1ed1i \u01b0u cho c\u1ea3 ng\u01b0\u1eddi b\u00e1n v\u00e0 ng\u01b0\u1eddi mua.<\/p>\n<h3>T\u1ea1i Sao Ch\u1ecdn T\u00fai Gi\u1ea5y \u0110\u1ef1ng B\u00e1nh M\u00ec?<\/h3>\n<p>Trong m\u1ed9t th\u1ebf gi\u1edbi ng\u00e0y c\u00e0ng coi tr\u1ecdng s\u1ef1 b\u1ec1n v\u1eefng v\u00e0 an to\u00e0n th\u1ef1c ph\u1ea9m, vi\u1ec7c s\u1eed d\u1ee5ng t\u00fai gi\u1ea5y \u0111\u1ef1ng b\u00e1nh m\u00ec kh\u00f4ng ch\u1ec9 l\u00e0 m\u1ed9t l\u1ef1a ch\u1ecdn th\u00e2n thi\u1ec7n v\u1edbi m\u00f4i tr\u01b0\u1eddng m\u00e0 c\u00f2n gi\u00fap n\u00e2ng cao \u00fd th\u1ee9c c\u1ee7a c\u1ed9ng \u0111\u1ed3ng v\u1ec1 v\u1ea5n \u0111\u1ec1 b\u1ea3o v\u1ec7 h\u00e0nh tinh. Kh\u00f4ng c\u00f3 quai x\u00e1ch nh\u01b0ng v\u00f4 c\u00f9ng nh\u1eb9 v\u00e0 d\u1ec5 d\u00e0ng s\u1eed d\u1ee5ng, t\u00fai gi\u1ea5y \u0111\u1ef1ng b\u00e1nh m\u00ec kh\u00f4ng ch\u1ec9 ti\u1ec7n l\u1ee3i m\u00e0 c\u00f2n th\u1ec3 hi\u1ec7n s\u1ef1 chuy\u00ean nghi\u1ec7p v\u00e0 tinh t\u1ebf trong vi\u1ec7c \u0111\u00f3ng g\u00f3i s\u1ea3n ph\u1ea9m.<\/p>\n<p><strong>\u01afu \u0110i\u1ec3m C\u1ee7a T\u00fai Gi\u1ea5y \u0110\u1ef1ng B\u00e1nh M\u00ec<\/strong><br \/>\nT\u00fai gi\u1ea5y \u0111\u1ef1ng b\u00e1nh m\u00ec mang l\u1ea1i nhi\u1ec1u \u01b0u \u0111i\u1ec3m v\u01b0\u1ee3t tr\u1ed9i so v\u1edbi c\u00e1c gi\u1ea3i ph\u00e1p \u0111\u00f3ng g\u00f3i kh\u00e1c. \u0110\u1ea7u ti\u00ean, gi\u1ea5y Kraft ch\u1ea5t l\u01b0\u1ee3ng cao kh\u00f4ng ch\u1ec9 th\u1ea5m h\u00fat d\u1ea7u m\u1ee1 t\u1ed1t m\u00e0 c\u00f2n \u0111\u1ea3m b\u1ea3o an to\u00e0n khi ti\u1ebfp x\u00fac tr\u1ef1c ti\u1ebfp v\u1edbi th\u1ef1c ph\u1ea9m. Th\u1ee9 hai, thi\u1ebft k\u1ebf \u0111\u1eb9p m\u1eaft v\u00e0 c\u00f3 th\u1ec3 tu\u1ef3 ch\u1ec9nh theo y\u00eau c\u1ea7u gi\u00fap t\u00fai gi\u1ea5y n\u00e0y tr\u1edf th\u00e0nh m\u1ed9t ph\u01b0\u01a1ng ti\u1ec7n qu\u1ea3ng c\u00e1o hi\u1ec7u qu\u1ea3 cho th\u01b0\u01a1ng hi\u1ec7u c\u1ee7a b\u1ea1n. Cu\u1ed1i c\u00f9ng, gi\u00e1 c\u1ea1nh tranh v\u1edbi nhi\u1ec1u m\u1eabu m\u00e3 \u0111a d\u1ea1ng t\u1ea1o \u0111i\u1ec1u ki\u1ec7n cho m\u1ecdi doanh nghi\u1ec7p, t\u1eeb nh\u1ecf \u0111\u1ebfn l\u1edbn, \u0111\u1ec1u c\u00f3 th\u1ec3 s\u1eed d\u1ee5ng s\u1ea3n ph\u1ea9m n\u00e0y m\u1ed9t c\u00e1ch hi\u1ec7u qu\u1ea3.<\/p>\n<h3>L\u1ee3i \u00cdch V\u01b0\u1ee3t Tr\u1ed9i<\/h3>\n<p>S\u1eed d\u1ee5ng t\u00fai gi\u1ea5y \u0111\u1ef1ng b\u00e1nh m\u00ec kh\u00f4ng ch\u1ec9 gi\u00fap b\u1ea3o v\u1ec7 s\u1ea3n ph\u1ea9m m\u1ed9t c\u00e1ch t\u1ed1t nh\u1ea5t m\u00e0 c\u00f2n g\u00f3p ph\u1ea7n qu\u1ea3ng b\u00e1 th\u01b0\u01a1ng hi\u1ec7u c\u1ee7a b\u1ea1n m\u1ed7i khi kh\u00e1ch h\u00e0ng mang s\u1ea3n ph\u1ea9m \u0111i kh\u1eafp n\u01a1i. \u0110\u00e2y l\u00e0 m\u1ed9t c\u00e1ch ti\u1ebfp c\u1eadn marketing hi\u1ec7u qu\u1ea3 v\u1edbi chi ph\u00ed th\u1ea5p. Ngo\u00e0i ra, vi\u1ec7c ch\u1ecdn l\u1ef1a m\u1ed9t gi\u1ea3i ph\u00e1<\/p>\n<p>p \u0111\u00f3ng g\u00f3i th\u00e2n thi\u1ec7n v\u1edbi m\u00f4i tr\u01b0\u1eddng c\u0169ng th\u1ec3 hi\u1ec7n s\u1ef1 cam k\u1ebft c\u1ee7a doanh nghi\u1ec7p \u0111\u1ed1i v\u1edbi vi\u1ec7c b\u1ea3o v\u1ec7 h\u00e0nh tinh.<\/p>\n<p>T\u00f3m l\u1ea1i, t\u00fai gi\u1ea5y \u0111\u1ef1ng b\u00e1nh m\u00ec kh\u00f4ng ch\u1ec9 l\u00e0 m\u1ed9t l\u1ef1a ch\u1ecdn th\u00f4ng minh v\u1ec1 m\u1eb7t kinh t\u1ebf m\u00e0 c\u00f2n ph\u1ea3n \u00e1nh gi\u00e1 tr\u1ecb b\u1ec1n v\u1eefng v\u00e0 tr\u00e1ch nhi\u1ec7m x\u00e3 h\u1ed9i c\u1ee7a th\u01b0\u01a1ng hi\u1ec7u. \u0110\u00f3 l\u00e0 l\u00fd do t\u1ea1i sao n\u00f3 tr\u1edf th\u00e0nh s\u1ef1 l\u1ef1a ch\u1ecdn h\u00e0ng \u0111\u1ea7u cho m\u1ecdi nhu c\u1ea7u \u0111\u00f3ng g\u00f3i b\u00e1nh m\u00ec hi\u1ec7n nay.<\/p>\n","protected":false},"excerpt":{"rendered":"<p>K\u00edch th\u01b0\u1edbc 9.5&#215;4.5x24cm, \u0111\u1ecbnh l\u01b0\u1ee3ng gi\u1ea5y 50gsm. T\u00fai gi\u1ea5y Kraft \u0111\u1ef1ng b\u00e1nh m\u00ec k\u1ebft h\u1ee3p v\u1ebb \u0111\u1eb9p thi\u1ebft k\u1ebf v\u00e0 gi\u00e1 c\u1ea1nh tranh, l\u00e0 s\u1ef1 l\u1ef1a ch\u1ecdn l\u00fd t\u01b0\u1edfng cho m\u1ecdi nhu c\u1ea7u \u0111\u00f3ng g\u00f3i b\u00e1nh m\u00ec c\u1ee7a b\u1ea1n.<\/p>\n","protected":false},"featured_media":403,"template":"","meta":[],"product_brand":[],"product_cat":[72],"product_tag":[],"class_list":{"0":"post-402","1":"product","2":"type-product","3":"status-publish","4":"has-post-thumbnail","6":"product_cat-san-pham-tui-banh-mi","8":"first","9":"instock","10":"virtual","11":"product-type-simple"},"_links":{"self":[{"href":"https:\/\/tuibanhmidep.com\/bai-viet\/wp-json\/wp\/v2\/product\/402","targetHints":{"allow":["GET"]}}],"collection":[{"href":"https:\/\/tuibanhmidep.com\/bai-viet\/wp-json\/wp\/v2\/product"}],"about":[{"href":"https:\/\/tuibanhmidep.com\/bai-viet\/wp-json\/wp\/v2\/types\/product"}],"wp:featuredmedia":[{"embeddable":true,"href":"https:\/\/tuibanhmidep.com\/bai-viet\/wp-json\/wp\/v2\/media\/403"}],"wp:attachment":[{"href":"https:\/\/tuibanhmidep.com\/bai-viet\/wp-json\/wp\/v2\/media?parent=402"}],"wp:term":[{"taxonomy":"product_brand","embeddable":true,"href":"https:\/\/tuibanhmidep.com\/bai-viet\/wp-json\/wp\/v2\/product_brand?post=402"},{"taxonomy":"product_cat","embeddable":true,"href":"https:\/\/tuibanhmidep.com\/bai-viet\/wp-json\/wp\/v2\/product_cat?post=402"},{"taxonomy":"product_tag","embeddable":true,"href":"https:\/\/tuibanhmidep.com\/bai-viet\/wp-json\/wp\/v2\/product_tag?post=402"}],"curies":[{"name":"wp","href":"https:\/\/api.w.org\/{rel}","templated":true}]}}