{"id":398,"date":"2024-04-10T10:32:13","date_gmt":"2024-04-10T03:32:13","guid":{"rendered":"https:\/\/tuibanhmidep.com\/bai-viet\/shop\/in-10000-tui-giay-banh-mi-kraft-dep-gia-canh-tranh-thiet-ke-mien-phi-skubmd_6397\/"},"modified":"2024-04-10T10:32:13","modified_gmt":"2024-04-10T03:32:13","slug":"in-10000-tui-giay-banh-mi-kraft-dep-gia-canh-tranh-thiet-ke-mien-phi-skubmd_6397","status":"publish","type":"product","link":"https:\/\/tuibanhmidep.com\/bai-viet\/shop\/in-10000-tui-giay-banh-mi-kraft-dep-gia-canh-tranh-thiet-ke-mien-phi-skubmd_6397\/","title":{"rendered":"In 10000 T\u00fai Gi\u1ea5y B\u00e1nh M\u00ec Kraft \u0110\u1eb9p, Gi\u00e1 C\u1ea1nh Tranh, Thi\u1ebft K\u1ebf Mi\u1ec5n Ph\u00ed (SKU:BMD_6397)"},"content":{"rendered":"<h2>Gi\u1edbi Thi\u1ec7u T\u00fai Gi\u1ea5y \u0110\u1ef1ng B\u00e1nh M\u00ec Kraft<\/h2>\n<p><strong>T\u00ednh Ti\u1ec7n L\u1ee3i v\u00e0 Th\u00e2n Thi\u1ec7n M\u00f4i Tr\u01b0\u1eddng<\/strong><br \/>\nT\u00fai gi\u1ea5y \u0111\u1ef1ng b\u00e1nh m\u00ec kh\u00f4ng ch\u1ec9 l\u00e0 m\u1ed9t gi\u1ea3i ph\u00e1p \u0111\u00f3ng g\u00f3i ti\u1ec7n l\u1ee3i m\u00e0 c\u00f2n th\u1ec3 hi\u1ec7n s\u1ef1 quan t\u00e2m \u0111\u1ebfn m\u00f4i tr\u01b0\u1eddng. L\u00e0m t\u1eeb gi\u1ea5y Kraft an to\u00e0n cho th\u1ef1c ph\u1ea9m, t\u00fai gi\u1ea5y \u0111\u1ef1ng b\u00e1nh m\u00ec c\u1ee7a ch\u00fang t\u00f4i \u0111\u1ea3m b\u1ea3o an to\u00e0n cho s\u1ee9c kh\u1ecfe ng\u01b0\u1eddi ti\u00eau d\u00f9ng v\u00e0 g\u00f3p ph\u1ea7n gi\u1ea3m thi\u1ec3u r\u00e1c th\u1ea3i nh\u1ef1a.<\/p>\n<h3>Thi\u1ebft K\u1ebf \u0110\u1ed9c \u0110\u00e1o v\u00e0 T\u00f9y Ch\u1ec9nh<\/h3>\n<p><strong>Thi\u1ebft K\u1ebf Mi\u1ec5n Ph\u00ed V\u1edbi M\u1ecdi \u0110\u01a1n H\u00e0ng<\/strong><br \/>\nNh\u1eadn di\u1ec7n th\u01b0\u01a1ng hi\u1ec7u qua bao b\u00ec l\u00e0 m\u1ed9t ph\u1ea7n kh\u00f4ng th\u1ec3 thi\u1ebfu trong chi\u1ebfn l\u01b0\u1ee3c marketing. Ch\u00fang t\u00f4i cung c\u1ea5p d\u1ecbch v\u1ee5 thi\u1ebft k\u1ebf mi\u1ec5n ph\u00ed cho m\u1ed7i \u0111\u01a1n h\u00e0ng, gi\u00fap t\u00fai gi\u1ea5y \u0111\u1ef1ng b\u00e1nh m\u00ec c\u1ee7a b\u1ea1n n\u1ed5i b\u1eadt v\u00e0 thu h\u00fat kh\u00e1ch h\u00e0ng.<\/p>\n<h2>\u0110\u1eb7c \u0110i\u1ec3m K\u1ef9 Thu\u1eadt C\u1ee7a T\u00fai Gi\u1ea5y B\u00e1nh M\u00ec<\/h2>\n<p><strong>K\u00edch Th\u01b0\u1edbc Ti\u00eau Chu\u1ea9n v\u00e0 Kh\u1ea3 N\u0103ng Th\u1ea5m D\u1ea7u<\/strong><br \/>\nV\u1edbi k\u00edch th\u01b0\u1edbc ngang 9.5cm, cao 24.5cm, v\u00e0 2 b\u00ean h\u00f4ng r\u1ed9ng 4.5cm, t\u00fai gi\u1ea5y c\u1ee7a ch\u00fang t\u00f4i ph\u00f9 h\u1ee3p v\u1edbi h\u1ea7u h\u1ebft c\u00e1c lo\u1ea1i b\u00e1nh m\u00ec Vi\u1ec7t Nam. B\u00ean c\u1ea1nh \u0111\u00f3, gi\u1ea5y Kraft th\u1ea5m d\u1ea7u cao c\u1ea5p gi\u00fap gi\u1eef cho b\u00e1nh m\u00ec c\u1ee7a b\u1ea1n lu\u00f4n ngon mi\u1ec7ng m\u00e0 kh\u00f4ng lo b\u1ecb \u01b0\u1edbt hay lem nhem.<\/p>\n<h3>Gi\u00e1 C\u1ea1nh Tranh V\u1edbi Nhi\u1ec1u M\u1eabu M\u00e3 \u0110a D\u1ea1ng<\/h3>\n<p><strong>Ch\u1ea5t L\u01b0\u1ee3ng v\u00e0 Gi\u00e1 Tr\u1ecb T\u1ed1t Nh\u1ea5t<\/strong><br \/>\nCh\u00fang t\u00f4i t\u1ef1 h\u00e0o cung c\u1ea5p t\u00fai gi\u1ea5y \u0111\u1ef1ng b\u00e1nh m\u00ec v\u1edbi gi\u00e1 c\u1ea1nh tranh nh\u1ea5t th\u1ecb tr\u01b0\u1eddng, kh\u00f4ng ch\u1ec9 v\u1ec1 gi\u00e1 m\u00e0 c\u00f2n v\u1ec1 ch\u1ea5t l\u01b0\u1ee3ng. S\u1ef1 \u0111a d\u1ea1ng v\u1ec1 m\u1eabu m\u00e3 v\u00e0 kh\u1ea3 n\u0103ng t\u00f9y ch\u1ec9nh thi\u1ebft k\u1ebf mang l\u1ea1i cho b\u1ea1n nhi\u1ec1u l\u1ef1a ch\u1ecdn \u0111\u1ec3 th\u1ec3 hi\u1ec7n phong c\u00e1ch ri\u00eang bi\u1ec7t c\u1ee7a th\u01b0\u01a1ng hi\u1ec7u m\u00ecnh.<\/p>\n<h2>T\u1ea1i Sao Ch\u1ecdn T\u00fai Gi\u1ea5y \u0110\u1ef1ng B\u00e1nh M\u00ec C\u1ee7a Ch\u00fang T\u00f4i?<\/h2>\n<p><strong>S\u1ef1 L\u1ef1a Ch\u1ecdn Th\u00e2n Thi\u1ec7n V\u1edbi M\u00f4i Tr\u01b0\u1eddng<\/strong><br \/>\nT\u00fai gi\u1ea5y \u0111\u1ef1ng b\u00e1nh m\u00ec kh\u00f4ng ch\u1ec9 h\u1ea1n ch\u1ebf vi\u1ec7c s\u1eed d\u1ee5ng nh\u1ef1a m\u00e0 c\u00f2n ph\u1ea3n \u00e1nh cam k\u1ebft c\u1ee7a b\u1ea1n \u0111\u1ed1i v\u1edbi vi\u1ec7c b\u1ea3o v\u1ec7 m\u00f4i tr\u01b0\u1eddng. S\u1ea3n ph\u1ea9m \u0111\u01b0\u1ee3c l\u00e0m t\u1eeb nguy\u00ean li\u1ec7u c\u00f3 th\u1ec3 ph\u00e2n h\u1ee7y, gi\u1ea3m thi\u1ec3u t\u00e1c \u0111\u1ed9ng ti\u00eau c\u1ef1c \u0111\u1ebfn h\u00e0nh tinh c\u1ee7a ch\u00fang ta.<\/p>\n<p><strong>An To\u00e0n v\u00e0 \u0110\u1ea3m B\u1ea3o Ch\u1ea5t L\u01b0\u1ee3ng<\/strong><br \/>\nCh\u00fang t\u00f4i cam k\u1ebft s\u1eed d\u1ee5ng nguy\u00ean li\u1ec7u an to\u00e0n cho th\u1ef1c ph\u1ea9m, \u0111\u1ea3m b\u1ea3o t\u00fai gi\u1ea5y \u0111\u1ef1ng b\u00e1nh<\/p>\n<p> m\u00ec kh\u00f4ng ch\u1ec9 \u0111\u1eb9p m\u1eaft m\u00e0 c\u00f2n an to\u00e0n cho s\u1ee9c kh\u1ecfe. M\u1ed7i s\u1ea3n ph\u1ea9m tr\u01b0\u1edbc khi \u0111\u1ebfn tay kh\u00e1ch h\u00e0ng \u0111\u1ec1u \u0111\u01b0\u1ee3c ki\u1ec3m tra nghi\u00eam ng\u1eb7t v\u1ec1 ch\u1ea5t l\u01b0\u1ee3ng.<\/p>\n<p>V\u1edbi m\u1ed9t thi\u1ebft k\u1ebf \u0111\u1ed9c \u0111\u00e1o, gi\u00e1 c\u1ea3 c\u1ea1nh tranh, v\u00e0 d\u1ecbch v\u1ee5 kh\u00e1ch h\u00e0ng t\u1eadn t\u00e2m, t\u00fai gi\u1ea5y \u0111\u1ef1ng b\u00e1nh m\u00ec c\u1ee7a ch\u00fang t\u00f4i ch\u1eafc ch\u1eafn s\u1ebd l\u00e0 l\u1ef1a ch\u1ecdn h\u00e0ng \u0111\u1ea7u cho doanh nghi\u1ec7p c\u1ee7a b\u1ea1n.<\/p>\n","protected":false},"excerpt":{"rendered":"<p>K\u00edch th\u01b0\u1edbc 9.5&#215;4.5x24cm, \u0111\u1ecbnh l\u01b0\u1ee3ng gi\u1ea5y 50gsm. Kh\u00e1m ph\u00e1 gi\u1ea3i ph\u00e1p \u0111\u00f3ng g\u00f3i ti\u1ec7n l\u1ee3i v\u00e0 th\u00e2n thi\u1ec7n v\u1edbi m\u00f4i tr\u01b0\u1eddng cho \u1ed5 b\u00e1nh m\u00ec y\u00eau th\u00edch c\u1ee7a b\u1ea1n v\u1edbi t\u00fai gi\u1ea5y Kraft cao c\u1ea5p, thi\u1ebft k\u1ebf mi\u1ec5n ph\u00ed.<\/p>\n","protected":false},"featured_media":399,"template":"","meta":[],"product_brand":[],"product_cat":[72],"product_tag":[],"class_list":{"0":"post-398","1":"product","2":"type-product","3":"status-publish","4":"has-post-thumbnail","6":"product_cat-san-pham-tui-banh-mi","8":"first","9":"instock","10":"virtual","11":"product-type-simple"},"_links":{"self":[{"href":"https:\/\/tuibanhmidep.com\/bai-viet\/wp-json\/wp\/v2\/product\/398","targetHints":{"allow":["GET"]}}],"collection":[{"href":"https:\/\/tuibanhmidep.com\/bai-viet\/wp-json\/wp\/v2\/product"}],"about":[{"href":"https:\/\/tuibanhmidep.com\/bai-viet\/wp-json\/wp\/v2\/types\/product"}],"wp:featuredmedia":[{"embeddable":true,"href":"https:\/\/tuibanhmidep.com\/bai-viet\/wp-json\/wp\/v2\/media\/399"}],"wp:attachment":[{"href":"https:\/\/tuibanhmidep.com\/bai-viet\/wp-json\/wp\/v2\/media?parent=398"}],"wp:term":[{"taxonomy":"product_brand","embeddable":true,"href":"https:\/\/tuibanhmidep.com\/bai-viet\/wp-json\/wp\/v2\/product_brand?post=398"},{"taxonomy":"product_cat","embeddable":true,"href":"https:\/\/tuibanhmidep.com\/bai-viet\/wp-json\/wp\/v2\/product_cat?post=398"},{"taxonomy":"product_tag","embeddable":true,"href":"https:\/\/tuibanhmidep.com\/bai-viet\/wp-json\/wp\/v2\/product_tag?post=398"}],"curies":[{"name":"wp","href":"https:\/\/api.w.org\/{rel}","templated":true}]}}