{"id":394,"date":"2024-04-09T14:40:58","date_gmt":"2024-04-09T07:40:58","guid":{"rendered":"https:\/\/tuibanhmidep.com\/bai-viet\/shop\/in-100000-tui-giay-kraft-tham-dau-dung-banh-mi-thiet-ke-mien-phi-gia-tot-skubmd_117\/"},"modified":"2024-04-09T14:40:58","modified_gmt":"2024-04-09T07:40:58","slug":"in-100000-tui-giay-kraft-tham-dau-dung-banh-mi-thiet-ke-mien-phi-gia-tot-skubmd_117","status":"publish","type":"product","link":"https:\/\/tuibanhmidep.com\/bai-viet\/shop\/in-100000-tui-giay-kraft-tham-dau-dung-banh-mi-thiet-ke-mien-phi-gia-tot-skubmd_117\/","title":{"rendered":"In 100000 T\u00fai Gi\u1ea5y Kraft Th\u1ea5m D\u1ea7u \u0110\u1ef1ng B\u00e1nh M\u00ec &#8211; Thi\u1ebft K\u1ebf Mi\u1ec5n Ph\u00ed, Gi\u00e1 T\u1ed1t (SKU:BMD_117)"},"content":{"rendered":"<h2>T\u1ea1i Sao Ch\u1ecdn T\u00fai Gi\u1ea5y Kraft Th\u1ea5m D\u1ea7u \u0110\u1ef1ng B\u00e1nh M\u00ec?<\/h2>\n<p>T\u00fai gi\u1ea5y Kraft th\u1ea5m d\u1ea7u \u0111\u1ef1ng b\u00e1nh m\u00ec kh\u00f4ng ch\u1ec9 l\u00e0 m\u1ed9t l\u1ef1a ch\u1ecdn th\u00e2n thi\u1ec7n v\u1edbi m\u00f4i tr\u01b0\u1eddng m\u00e0 c\u00f2n \u0111\u1ea3m b\u1ea3o an to\u00e0n cho th\u1ef1c ph\u1ea9m, mang l\u1ea1i s\u1ef1 ti\u1ec7n l\u1ee3i v\u00e0 tinh t\u1ebf cho ng\u01b0\u1eddi d\u00f9ng. V\u1edbi ch\u1ea5t li\u1ec7u gi\u1ea5y Kraft cao c\u1ea5p, t\u00fai \u0111\u1ef1ng b\u00e1nh m\u00ec c\u1ee7a ch\u00fang t\u00f4i kh\u00f4ng ch\u1ec9 c\u00f3 kh\u1ea3 n\u0103ng th\u1ea5m h\u00fat d\u1ea7u m\u1ee1 t\u1ed1t, gi\u1eef cho b\u00e1nh m\u00ec c\u1ee7a b\u1ea1n lu\u00f4n ngon mi\u1ec7ng m\u00e0 c\u00f2n b\u1ea3o v\u1ec7 s\u1ee9c kh\u1ecfe ng\u01b0\u1eddi ti\u00eau d\u00f9ng b\u1eb1ng c\u00e1ch ng\u0103n ch\u1eb7n c\u00e1c ch\u1ea5t \u0111\u1ed9c h\u1ea1i t\u1eeb bao b\u00ec.<\/p>\n<h3>\u0110\u1eb7c \u0110i\u1ec3m N\u1ed5i B\u1eadt<\/h3>\n<p><strong>Ti\u1ec7n L\u1ee3i V\u00e0 \u0110a N\u0103ng<\/strong><br \/>\nT\u00fai gi\u1ea5y Kraft th\u1ea5m d\u1ea7u \u0111\u1ef1ng b\u00e1nh m\u00ec \u0111\u01b0\u1ee3c thi\u1ebft k\u1ebf v\u1edbi k\u00edch th\u01b0\u1edbc ngang 9.5cm, cao 24.5cm v\u00e0 2 b\u00ean h\u00f4ng r\u1ed9ng 4.5cm, ph\u00f9 h\u1ee3p ho\u00e0n h\u1ea3o v\u1edbi m\u1ed9t \u1ed5 b\u00e1nh m\u00ec Vi\u1ec7t Nam. S\u1ea3n ph\u1ea9m n\u00e0y kh\u00f4ng c\u00f3 quai x\u00e1ch, t\u1ea1o s\u1ef1 thu\u1eadn ti\u1ec7n t\u1ed1i \u0111a cho ng\u01b0\u1eddi d\u00f9ng khi mang \u0111i b\u1ea5t c\u1ee9 \u0111\u00e2u.<\/p>\n<p><strong>Thi\u1ebft K\u1ebf Mi\u1ec5n Ph\u00ed V\u00e0 C\u00e1 Nh\u00e2n H\u00f3a<\/strong><br \/>\nCh\u00fang t\u00f4i cung c\u1ea5p d\u1ecbch v\u1ee5 thi\u1ebft k\u1ebf mi\u1ec5n ph\u00ed \u0111\u1ec3 b\u1ea1n c\u00f3 th\u1ec3 t\u1ea1o ra m\u1ed9t s\u1ea3n ph\u1ea9m \u0111\u1ed9c \u0111\u00e1o, ph\u1ea3n \u00e1nh \u0111\u00fang phong c\u00e1ch v\u00e0 th\u01b0\u01a1ng hi\u1ec7u c\u1ee7a m\u00ecnh. D\u00f9 l\u00e0 cho m\u1ee5c \u0111\u00edch kinh doanh hay s\u1eed d\u1ee5ng c\u00e1 nh\u00e2n, t\u00fai gi\u1ea5y \u0111\u1ef1ng b\u00e1nh m\u00ec c\u1ee7a ch\u00fang t\u00f4i s\u1ebd l\u00e0m n\u1ed5i b\u1eadt gi\u00e1 tr\u1ecb c\u1ee7a b\u1ea1n.<\/p>\n<p><strong>An To\u00e0n V\u00e0 Th\u00e2n Thi\u1ec7n V\u1edbi M\u00f4i Tr\u01b0\u1eddng<\/strong><br \/>\n\u0110\u01b0\u1ee3c l\u00e0m t\u1eeb gi\u1ea5y Kraft th\u1ea5m d\u1ea7u, s\u1ea3n ph\u1ea9m kh\u00f4ng ch\u1ec9 \u0111\u1ea3m b\u1ea3o an to\u00e0n khi ti\u1ebfp x\u00fac v\u1edbi th\u1ef1c ph\u1ea9m m\u00e0 c\u00f2n g\u00f3p ph\u1ea7n b\u1ea3o v\u1ec7 m\u00f4i tr\u01b0\u1eddng nh\u1edd v\u00e0o t\u00ednh n\u0103ng d\u1ec5 ph\u00e2n h\u1ee7y. Ch\u1ecdn l\u1ef1a t\u00fai gi\u1ea5y Kraft th\u1ea5m d\u1ea7u \u0111\u1ef1ng b\u00e1nh m\u00ec l\u00e0 c\u00e1ch b\u1ea1n th\u1ec3 hi\u1ec7n tr\u00e1ch nhi\u1ec7m v\u1edbi c\u1ed9ng \u0111\u1ed3ng v\u00e0 h\u00e0nh tinh c\u1ee7a ch\u00fang ta.<\/p>\n<h3>T\u1ea1i Sao L\u1ea1i L\u00e0 Gi\u1ea5y Kraft?<\/h3>\n<p>Gi\u1ea5y Kraft \u0111\u00e3 \u0111\u01b0\u1ee3c ch\u1ee9ng minh l\u00e0 m\u1ed9t trong nh\u1eefng ch\u1ea5t li\u1ec7u b\u1ec1n v\u00e0 an to\u00e0n nh\u1ea5t cho vi\u1ec7c \u0111\u00f3ng g\u00f3i th\u1ef1c ph\u1ea9m. Kh\u1ea3 n\u0103ng th\u1ea5m h\u00fat t\u1ed1t gi\u00fap gi\u1eef cho b\u00e1nh m\u00ec kh\u00f4ng b\u1ecb \u1ea9m \u01b0\u1edbt do d\u1ea7u m\u1ee1, \u0111\u1ed3ng th\u1eddi gi\u1eef cho s\u1ea3n ph\u1ea9m lu\u00f4n trong t\u00ecnh tr\u1ea1ng t\u1ed1t nh\u1ea5t khi t\u1edbi tay ng\u01b0\u1eddi ti\u00eau d\u00f9ng.<\/p>\n<h3>Gi\u00e1 C\u1ea3 C\u1ea1nh Tranh V\u1edbi Ch\u1ea5t L\u01b0\u1ee3ng \u0110\u1ea3m B\u1ea3o<\/h3>\n<p>Ch\u00fang t\u00f4i cung c\u1ea5p t\u00fai gi\u1ea5y \u0111\u1ef1ng b\u00e1nh m\u00ec v\u1edbi m\u1ee9c gi\u00e1 c\u1ef1c k\u1ef3 c\u1ea1nh tranh, nh\u01b0ng kh\u00f4ng h\u1ec1 gi\u1ea3m ch\u1ea5t l\u01b0\u1ee3ng s\u1ea3n ph\u1ea9m. \u0110<\/p>\n<p>i\u1ec1u n\u00e0y \u0111\u1ea3m b\u1ea3o r\u1eb1ng b\u1ea1n s\u1ebd nh\u1eadn \u0111\u01b0\u1ee3c gi\u00e1 tr\u1ecb t\u1ed1t nh\u1ea5t cho m\u1ed7i \u0111\u1ed3ng ti\u1ec1n b\u1ecf ra, v\u1edbi m\u1ed9t s\u1ea3n ph\u1ea9m \u0111\u1eb9p m\u1eaft, ch\u1ea5t l\u01b0\u1ee3ng, v\u00e0 \u0111\u1eb7c bi\u1ec7t l\u00e0 an to\u00e0n cho th\u1ef1c ph\u1ea9m.<\/p>\n<p>V\u1edbi nh\u1eefng \u01b0u \u0111i\u1ec3m v\u01b0\u1ee3t tr\u1ed9i v\u00e0 t\u00ednh n\u0103ng \u0111a d\u1ea1ng, t\u00fai gi\u1ea5y Kraft th\u1ea5m d\u1ea7u \u0111\u1ef1ng b\u00e1nh m\u00ec kh\u00f4ng ch\u1ec9 l\u00e0 m\u1ed9t l\u1ef1a ch\u1ecdn th\u00f4ng minh cho c\u00e1c c\u1eeda h\u00e0ng b\u00e1nh m\u00ec, m\u00e0 c\u00f2n cho m\u1ed7i c\u00e1 nh\u00e2n mu\u1ed1n ch\u1ee9ng t\u1ecf s\u1ef1 quan t\u00e2m \u0111\u1ebfn m\u00f4i tr\u01b0\u1eddng v\u00e0 s\u1ee9c kh\u1ecfe. H\u00e3y c\u00f9ng ch\u00fang t\u00f4i t\u1ea1o ra m\u1ed9t l\u1ef1a ch\u1ecdn t\u1ed1t h\u01a1n cho t\u01b0\u01a1ng lai c\u1ee7a h\u00e0nh tinh, b\u1eaft \u0111\u1ea7u t\u1eeb nh\u1eefng vi\u1ec7c nh\u1ecf nh\u1ea5t.<\/p>\n","protected":false},"excerpt":{"rendered":"<p>K\u00edch th\u01b0\u1edbc 9.5&#215;4.5x24cm, \u0111\u1ecbnh l\u01b0\u1ee3ng gi\u1ea5y 50gsm. Kh\u00e1m ph\u00e1 s\u1ef1 ti\u1ec7n l\u1ee3i v\u00e0 th\u00e2n thi\u1ec7n v\u1edbi m\u00f4i tr\u01b0\u1eddng c\u1ee7a t\u00fai gi\u1ea5y Kraft th\u1ea5m d\u1ea7u \u0111\u1ef1ng b\u00e1nh m\u00ec, \u0111\u01b0\u1ee3c thi\u1ebft k\u1ebf mi\u1ec5n ph\u00ed, v\u1edbi m\u1ee9c gi\u00e1 c\u1ef1c k\u1ef3 h\u1ea5p d\u1eabn.<\/p>\n","protected":false},"featured_media":395,"template":"","meta":[],"product_brand":[],"product_cat":[72],"product_tag":[],"class_list":{"0":"post-394","1":"product","2":"type-product","3":"status-publish","4":"has-post-thumbnail","6":"product_cat-san-pham-tui-banh-mi","8":"first","9":"instock","10":"virtual","11":"product-type-simple"},"_links":{"self":[{"href":"https:\/\/tuibanhmidep.com\/bai-viet\/wp-json\/wp\/v2\/product\/394","targetHints":{"allow":["GET"]}}],"collection":[{"href":"https:\/\/tuibanhmidep.com\/bai-viet\/wp-json\/wp\/v2\/product"}],"about":[{"href":"https:\/\/tuibanhmidep.com\/bai-viet\/wp-json\/wp\/v2\/types\/product"}],"wp:featuredmedia":[{"embeddable":true,"href":"https:\/\/tuibanhmidep.com\/bai-viet\/wp-json\/wp\/v2\/media\/395"}],"wp:attachment":[{"href":"https:\/\/tuibanhmidep.com\/bai-viet\/wp-json\/wp\/v2\/media?parent=394"}],"wp:term":[{"taxonomy":"product_brand","embeddable":true,"href":"https:\/\/tuibanhmidep.com\/bai-viet\/wp-json\/wp\/v2\/product_brand?post=394"},{"taxonomy":"product_cat","embeddable":true,"href":"https:\/\/tuibanhmidep.com\/bai-viet\/wp-json\/wp\/v2\/product_cat?post=394"},{"taxonomy":"product_tag","embeddable":true,"href":"https:\/\/tuibanhmidep.com\/bai-viet\/wp-json\/wp\/v2\/product_tag?post=394"}],"curies":[{"name":"wp","href":"https:\/\/api.w.org\/{rel}","templated":true}]}}