{"id":390,"date":"2024-04-09T14:28:29","date_gmt":"2024-04-09T07:28:29","guid":{"rendered":"https:\/\/tuibanhmidep.com\/bai-viet\/shop\/in-100000-tui-giay-kraft-dung-banh-mi-thiet-ke-dep-gia-canh-tranh-skubmd_7475\/"},"modified":"2024-04-09T14:28:29","modified_gmt":"2024-04-09T07:28:29","slug":"in-100000-tui-giay-kraft-dung-banh-mi-thiet-ke-dep-gia-canh-tranh-skubmd_7475","status":"publish","type":"product","link":"https:\/\/tuibanhmidep.com\/bai-viet\/shop\/in-100000-tui-giay-kraft-dung-banh-mi-thiet-ke-dep-gia-canh-tranh-skubmd_7475\/","title":{"rendered":"In 100000 T\u00fai Gi\u1ea5y Kraft \u0110\u1ef1ng B\u00e1nh M\u00ec &#8211; Thi\u1ebft K\u1ebf \u0110\u1eb9p, Gi\u00e1 C\u1ea1nh Tranh (SKU:BMD_7475)"},"content":{"rendered":"<h2>T\u1ed5ng Quan v\u1ec1 T\u00fai Gi\u1ea5y \u0110\u1ef1ng B\u00e1nh M\u00ec<\/h2>\n<p><strong>Gi\u1edbi thi\u1ec7u v\u1ec1 t\u00fai gi\u1ea5y \u0111\u1ef1ng b\u00e1nh m\u00ec<\/strong>: T\u00fai gi\u1ea5y \u0111\u1ef1ng b\u00e1nh m\u00ec kh\u00f4ng ch\u1ec9 l\u00e0 m\u1ed9t gi\u1ea3i ph\u00e1p \u0111\u00f3ng g\u00f3i ti\u1ec7n l\u1ee3i m\u00e0 c\u00f2n th\u1ec3 hi\u1ec7n s\u1ef1 quan t\u00e2m \u0111\u1ebfn m\u00f4i tr\u01b0\u1eddng v\u00e0 s\u1ee9c kh\u1ecfe ng\u01b0\u1eddi ti\u00eau d\u00f9ng. S\u1ea3n ph\u1ea9m \u0111\u01b0\u1ee3c l\u00e0m t\u1eeb gi\u1ea5y Kraft, m\u1ed9t lo\u1ea1i gi\u1ea5y th\u00e2n thi\u1ec7n v\u1edbi m\u00f4i tr\u01b0\u1eddng v\u00e0 an to\u00e0n khi ti\u1ebfp x\u00fac v\u1edbi th\u1ef1c ph\u1ea9m. T\u00fai gi\u1ea5y n\u00e0y kh\u00f4ng ch\u1ee9a b\u1ea5t k\u1ef3 h\u00f3a ch\u1ea5t \u0111\u1ed9c h\u1ea1i n\u00e0o, \u0111\u1ea3m b\u1ea3o an to\u00e0n cho ng\u01b0\u1eddi d\u00f9ng v\u00e0 th\u1ee9c \u0103n b\u00ean trong.<\/p>\n<h3>T\u00ednh N\u0103ng N\u1ed5i B\u1eadt<\/h3>\n<p>T\u00fai gi\u1ea5y \u0111\u1ef1ng b\u00e1nh m\u00ec \u0111\u01b0\u1ee3c thi\u1ebft k\u1ebf \u0111\u1ec3 \u0111\u1ef1ng v\u1eeba v\u1eb7n m\u1ed9t \u1ed5 b\u00e1nh m\u00ec Vi\u1ec7t Nam, v\u1edbi k\u00edch th\u01b0\u1edbc ngang 9.5cm, cao 24.5cm v\u00e0 2 b\u00ean h\u00f4ng r\u1ed9ng 4.5cm. S\u1ea3n ph\u1ea9m kh\u00f4ng c\u00f3 quai x\u00e1ch, nh\u01b0ng thi\u1ebft k\u1ebf th\u00f4ng minh gi\u00fap d\u1ec5 d\u00e0ng m\u1edf v\u00e0 \u0111\u00f3ng t\u00fai, t\u1ea1o \u0111i\u1ec1u ki\u1ec7n thu\u1eadn l\u1ee3i cho vi\u1ec7c b\u1ea3o qu\u1ea3n v\u00e0 v\u1eadn chuy\u1ec3n b\u00e1nh m\u00ec.<\/p>\n<p><strong>L\u1ee3i \u00cdch Khi S\u1eed D\u1ee5ng<\/strong>: Vi\u1ec7c s\u1eed d\u1ee5ng t\u00fai gi\u1ea5y kh\u00f4ng ch\u1ec9 gi\u00fap b\u1ea3o v\u1ec7 m\u00f4i tr\u01b0\u1eddng m\u00e0 c\u00f2n n\u00e2ng cao gi\u00e1 tr\u1ecb th\u01b0\u01a1ng hi\u1ec7u c\u1ee7a c\u00e1c c\u1eeda h\u00e0ng b\u00e1nh m\u00ec. Kh\u00e1ch h\u00e0ng ng\u00e0y c\u00e0ng \u01b0u ti\u00ean ch\u1ecdn mua s\u1ea3n ph\u1ea9m t\u1eeb nh\u1eefng th\u01b0\u01a1ng hi\u1ec7u c\u00f3 \u00fd th\u1ee9c b\u1ea3o v\u1ec7 m\u00f4i tr\u01b0\u1eddng, v\u00e0 t\u00fai gi\u1ea5y Kraft l\u00e0 l\u1ef1a ch\u1ecdn h\u00e0ng \u0111\u1ea7u trong vi\u1ec7c th\u1ec3 hi\u1ec7n cam k\u1ebft n\u00e0y.<\/p>\n<h3>Thi\u1ebft K\u1ebf \u0110\u1eb9p v\u00e0 Gi\u00e1 C\u1ea1nh Tranh<\/h3>\n<p>M\u1ed9t \u0111i\u1ec3m n\u1ed5i b\u1eadt kh\u00e1c c\u1ee7a t\u00fai gi\u1ea5y \u0111\u1ef1ng b\u00e1nh m\u00ec ch\u00ednh l\u00e0 thi\u1ebft k\u1ebf. V\u1edbi s\u1ef1 \u0111a d\u1ea1ng v\u1ec1 m\u1eabu m\u00e3 v\u00e0 kh\u1ea3 n\u0103ng t\u00f9y ch\u1ec9nh theo y\u00eau c\u1ea7u, b\u1ea1n c\u00f3 th\u1ec3 th\u00eam logo, th\u00f4ng \u0111i\u1ec7p th\u01b0\u01a1ng hi\u1ec7u ho\u1eb7c b\u1ea5t k\u1ef3 thi\u1ebft k\u1ebf \u0111\u1eb7c tr\u01b0ng n\u00e0o kh\u00e1c l\u00ean t\u00fai gi\u1ea5y. \u0110i\u1ec1u n\u00e0y kh\u00f4ng ch\u1ec9 gi\u00fap t\u0103ng nh\u1eadn di\u1ec7n th\u01b0\u01a1ng hi\u1ec7u m\u00e0 c\u00f2n mang l\u1ea1i c\u1ea3m gi\u00e1c \u0111\u1eb7c bi\u1ec7t cho kh\u00e1ch h\u00e0ng khi h\u1ecd nh\u1eadn s\u1ea3n ph\u1ea9m.<\/p>\n<p>T\u00fai gi\u1ea5y Kraft c\u00f2n \u0111\u01b0\u1ee3c bi\u1ebft \u0111\u1ebfn v\u1edbi gi\u00e1 c\u1ea1nh tranh, \u0111\u1eb7c bi\u1ec7t khi mua v\u1edbi s\u1ed1 l\u01b0\u1ee3ng l\u1edbn t\u1eeb nh\u00e0 s\u1ea3n xu\u1ea5t. \u0110i\u1ec1u n\u00e0y gi\u00fap c\u00e1c c\u1eeda h\u00e0ng b\u00e1nh m\u00ec c\u00f3 th\u1ec3 gi\u1ea3m b\u1edbt chi ph\u00ed \u0111\u00f3ng g\u00f3i m\u00e0 v\u1eabn duy tr\u00ec \u0111\u01b0\u1ee3c ch\u1ea5t l\u01b0\u1ee3ng v\u00e0 v\u1ebb ngo\u00e0i h\u1ea5p d\u1eabn c\u1ee7a s\u1ea3n ph\u1ea9m.<\/p>\n<h3>T\u1ea1i Sao N\u00ean Ch\u1ecdn T\u00fai Gi\u1ea5y \u0110\u1ef1ng B\u00e1nh M\u00ec<\/h3>\n<p>Ch\u1ecdn t\u00fai gi\u1ea5y Kraft \u0111\u1ef1ng b\u00e1nh m\u00ec kh\u00f4ng ch\u1ec9 l\u00e0 quy\u1ebft \u0111\u1ecbnh th\u00f4ng minh t\u1eeb g\u00f3c \u0111\u1ed9 kinh doanh m\u00e0 c\u00f2n ph\u1ea3n \u00e1nh tr\u00e1ch nhi\u1ec7m v\u1edbi c\u1ed9ng \u0111\u1ed3ng v\u00e0 m\u00f4i tr\u01b0\u1eddng. N<\/p>\n<p>\u00f3 gi\u00fap t\u1ea1o ra m\u1ed9t \u1ea5n t\u01b0\u1ee3ng t\u00edch c\u1ef1c trong t\u00e2m tr\u00ed kh\u00e1ch h\u00e0ng, khuy\u1ebfn kh\u00edch h\u1ecd quay l\u1ea1i mua h\u00e0ng l\u1ea7n sau.<\/p>\n<p>V\u1edbi t\u00fai gi\u1ea5y, vi\u1ec7c \u0111\u00f3ng g\u00f3i b\u00e1nh m\u00ec tr\u1edf n\u00ean d\u1ec5 d\u00e0ng v\u00e0 ti\u1ec7n l\u1ee3i, \u0111\u1ed3ng th\u1eddi \u0111\u1ea3m b\u1ea3o s\u1ea3n ph\u1ea9m \u0111\u01b0\u1ee3c b\u1ea3o qu\u1ea3n t\u1ed1t nh\u1ea5t trong qu\u00e1 tr\u00ecnh v\u1eadn chuy\u1ec3n. S\u1ef1 k\u1ebft h\u1ee3p gi\u1eefa ch\u1ea5t l\u01b0\u1ee3ng, gi\u00e1 c\u1ea3 v\u00e0 thi\u1ebft k\u1ebf l\u00e0m cho t\u00fai gi\u1ea5y Kraft tr\u1edf th\u00e0nh s\u1ef1 l\u1ef1a ch\u1ecdn t\u1ed1i \u01b0u cho m\u1ecdi c\u1eeda h\u00e0ng b\u00e1nh m\u00ec.<\/p>\n","protected":false},"excerpt":{"rendered":"<p>K\u00edch th\u01b0\u1edbc 9.5&#215;4.5x24cm, \u0111\u1ecbnh l\u01b0\u1ee3ng gi\u1ea5y 50gsm. Kh\u00e1m ph\u00e1 l\u1ef1a ch\u1ecdn ho\u00e0n h\u1ea3o cho vi\u1ec7c \u0111\u1ef1ng b\u00e1nh m\u00ec v\u1edbi t\u00fai gi\u1ea5y Kraft thi\u1ebft k\u1ebf \u0111\u1eb9p, \u0111\u1ea3m b\u1ea3o ch\u1ea5t l\u01b0\u1ee3ng v\u00e0 gi\u00e1 c\u1ea1nh tranh.<\/p>\n","protected":false},"featured_media":391,"template":"","meta":[],"product_brand":[],"product_cat":[72],"product_tag":[],"class_list":{"0":"post-390","1":"product","2":"type-product","3":"status-publish","4":"has-post-thumbnail","6":"product_cat-san-pham-tui-banh-mi","8":"first","9":"instock","10":"virtual","11":"product-type-simple"},"_links":{"self":[{"href":"https:\/\/tuibanhmidep.com\/bai-viet\/wp-json\/wp\/v2\/product\/390","targetHints":{"allow":["GET"]}}],"collection":[{"href":"https:\/\/tuibanhmidep.com\/bai-viet\/wp-json\/wp\/v2\/product"}],"about":[{"href":"https:\/\/tuibanhmidep.com\/bai-viet\/wp-json\/wp\/v2\/types\/product"}],"wp:featuredmedia":[{"embeddable":true,"href":"https:\/\/tuibanhmidep.com\/bai-viet\/wp-json\/wp\/v2\/media\/391"}],"wp:attachment":[{"href":"https:\/\/tuibanhmidep.com\/bai-viet\/wp-json\/wp\/v2\/media?parent=390"}],"wp:term":[{"taxonomy":"product_brand","embeddable":true,"href":"https:\/\/tuibanhmidep.com\/bai-viet\/wp-json\/wp\/v2\/product_brand?post=390"},{"taxonomy":"product_cat","embeddable":true,"href":"https:\/\/tuibanhmidep.com\/bai-viet\/wp-json\/wp\/v2\/product_cat?post=390"},{"taxonomy":"product_tag","embeddable":true,"href":"https:\/\/tuibanhmidep.com\/bai-viet\/wp-json\/wp\/v2\/product_tag?post=390"}],"curies":[{"name":"wp","href":"https:\/\/api.w.org\/{rel}","templated":true}]}}