{"id":1350,"date":"2024-05-09T15:49:20","date_gmt":"2024-05-09T08:49:20","guid":{"rendered":"https:\/\/tuibanhmidep.com\/bai-viet\/shop\/in-80000-tui-banh-mi-ma-bmd_7576-giay-mg-cuc-ky-chong-tham-thiet-ke-dep\/"},"modified":"2024-05-09T15:49:20","modified_gmt":"2024-05-09T08:49:20","slug":"in-80000-tui-banh-mi-ma-bmd_7576-giay-mg-cuc-ky-chong-tham-thiet-ke-dep","status":"publish","type":"product","link":"https:\/\/tuibanhmidep.com\/bai-viet\/shop\/in-80000-tui-banh-mi-ma-bmd_7576-giay-mg-cuc-ky-chong-tham-thiet-ke-dep\/","title":{"rendered":"In 80000 T\u00fai b\u00e1nh m\u00ec (m\u00e3 BMD_7576) gi\u1ea5y MG c\u1ef1c k\u1ef3 ch\u1ed1ng th\u1ea5m &#8211; thi\u1ebft k\u1ebf \u0111\u1eb9p"},"content":{"rendered":"<h2>T\u00ednh n\u0103ng n\u1ed5i b\u1eadt c\u1ee7a t\u00fai b\u00e1nh m\u00ec (m\u00e3 BMD_7576)<\/h2>\n<p><strong>Ch\u1ed1ng th\u1ea5m c\u1ef1c k\u1ef3 hi\u1ec7u qu\u1ea3:<\/strong> T\u00fai b\u00e1nh m\u00ec (m\u00e3 BMD_7576) \u0111\u01b0\u1ee3c l\u00e0m t\u1eeb gi\u1ea5y MG ch\u1ea5t l\u01b0\u1ee3ng cao, gi\u00fap b\u1ea3o qu\u1ea3n b\u00e1nh m\u00ec m\u1ed9t c\u00e1ch an to\u00e0n v\u00e0 \u0111\u1ea3m b\u1ea3o kh\u00f4ng b\u1ecb \u1ea9m \u01b0\u1edbt.<\/p>\n<p><strong>Thi\u1ebft k\u1ebf \u0111\u1eb9p m\u1eaft:<\/strong> V\u1edbi m\u1eabu m\u00e3 thi\u1ebft k\u1ebf tinh t\u1ebf, t\u00fai b\u00e1nh m\u00ec (m\u00e3 BMD_7576) kh\u00f4ng ch\u1ec9 l\u00e0 s\u1ea3n ph\u1ea9m ch\u1ea5t l\u01b0\u1ee3ng m\u00e0 c\u00f2n l\u00e0 \u0111i\u1ec3m nh\u1ea5n th\u00fa v\u1ecb tr\u00ean qu\u1ea7y b\u00e1n h\u00e0ng.<\/p>\n<h3>Th\u00f4ng tin chi ti\u1ebft v\u1ec1 t\u00fai b\u00e1nh m\u00ec (m\u00e3 BMD_7576)<\/h3>\n<p><strong>Ch\u1ea5t li\u1ec7u an to\u00e0n:<\/strong> T\u00fai b\u00e1nh m\u00ec \u0111\u01b0\u1ee3c l\u00e0m t\u1eeb gi\u1ea5y an to\u00e0n s\u1eed d\u1ee5ng cho th\u1ef1c ph\u1ea9m, \u0111\u1ea3m b\u1ea3o an to\u00e0n cho s\u1ee9c kh\u1ecfe c\u1ee7a ng\u01b0\u1eddi ti\u00eau d\u00f9ng.<\/p>\n<p><strong>Kh\u00f4ng \u0103n \u0111\u01b0\u1ee3c:<\/strong> V\u1edbi ch\u1ea5t li\u1ec7u gi\u1ea5y an to\u00e0n, t\u00fai b\u00e1nh m\u00ec kh\u00f4ng g\u00e2y h\u1ea1i khi ti\u1ebfp x\u00fac v\u1edbi th\u1ef1c ph\u1ea9m, nh\u01b0ng kh\u00f4ng ph\u1ea3i l\u00e0 s\u1ea3n ph\u1ea9m th\u1ef1c ph\u1ea9m n\u00ean kh\u00f4ng th\u1ec3 \u0103n \u0111\u01b0\u1ee3c.<\/p>\n<p><strong>Kh\u00f4ng c\u00f3 quai x\u00e1ch:<\/strong> Thi\u1ebft k\u1ebf \u0111\u01a1n gi\u1ea3n c\u1ee7a t\u00fai b\u00e1nh m\u00ec (m\u00e3 BMD_7576) kh\u00f4ng c\u00f3 quai x\u00e1ch, gi\u00fap d\u1ec5 d\u00e0ng b\u1ea3o qu\u1ea3n v\u00e0 di chuy\u1ec3n.<\/p>\n<p><strong>Thi\u1ebft k\u1ebf \u0111\u1ef1ng \u1ed5 b\u00e1nh m\u00ec:<\/strong> V\u1edbi k\u00edch th\u01b0\u1edbc ph\u00f9 h\u1ee3p, t\u00fai b\u00e1nh m\u00ec ch\u1ec9 \u0111\u1ef1ng \u0111\u01b0\u1ee3c m\u1ed9t \u1ed5 b\u00e1nh m\u00ec Vi\u1ec7t Nam, \u0111\u1ea3m b\u1ea3o b\u00e1nh m\u00ec kh\u00f4ng b\u1ecb bi\u1ebfn d\u1ea1ng trong qu\u00e1 tr\u00ecnh v\u1eadn chuy\u1ec3n.<\/p>\n<p><strong>K\u00edch th\u01b0\u1edbc:<\/strong> T\u00fai b\u00e1nh m\u00ec th\u01b0\u1eddng c\u00f3 k\u00edch th\u01b0\u1edbc ngang 9.5cm, cao 24.5cm v\u00e0 2 b\u00ean h\u00f4ng r\u1ed9ng 4.5cm, ph\u00f9 h\u1ee3p v\u1edbi k\u00edch th\u01b0\u1edbc chu\u1ea9n c\u1ee7a b\u00e1nh m\u00ec.<\/p>\n<p><strong>C\u00e1c t\u00ean g\u1ecdi kh\u00e1c:<\/strong> Ngo\u00e0i t\u00ean g\u1ecdi &#8220;t\u00fai b\u00e1nh m\u00ec&#8221;, s\u1ea3n ph\u1ea9m c\u00f2n \u0111\u01b0\u1ee3c bi\u1ebft \u0111\u1ebfn v\u1edbi c\u00e1c t\u00ean g\u1ecdi kh\u00e1c nh\u01b0: bao b\u00e1nh m\u00ec, gi\u1ea5y g\u00f3i b\u00e1nh m\u00ec, t\u00fai gi\u1ea5y \u0111\u1ef1ng b\u00e1nh m\u00ec.<\/p>\n","protected":false},"excerpt":{"rendered":"<p>K\u00edch th\u01b0\u1edbc 9.5&#215;4.5x24cm, \u0111\u1ecbnh l\u01b0\u1ee3ng gi\u1ea5y 50gsm. <\/p>\n","protected":false},"featured_media":1351,"template":"","meta":[],"product_brand":[],"product_cat":[72],"product_tag":[],"class_list":{"0":"post-1350","1":"product","2":"type-product","3":"status-publish","4":"has-post-thumbnail","6":"product_cat-san-pham-tui-banh-mi","8":"first","9":"instock","10":"virtual","11":"product-type-simple"},"_links":{"self":[{"href":"https:\/\/tuibanhmidep.com\/bai-viet\/wp-json\/wp\/v2\/product\/1350","targetHints":{"allow":["GET"]}}],"collection":[{"href":"https:\/\/tuibanhmidep.com\/bai-viet\/wp-json\/wp\/v2\/product"}],"about":[{"href":"https:\/\/tuibanhmidep.com\/bai-viet\/wp-json\/wp\/v2\/types\/product"}],"wp:featuredmedia":[{"embeddable":true,"href":"https:\/\/tuibanhmidep.com\/bai-viet\/wp-json\/wp\/v2\/media\/1351"}],"wp:attachment":[{"href":"https:\/\/tuibanhmidep.com\/bai-viet\/wp-json\/wp\/v2\/media?parent=1350"}],"wp:term":[{"taxonomy":"product_brand","embeddable":true,"href":"https:\/\/tuibanhmidep.com\/bai-viet\/wp-json\/wp\/v2\/product_brand?post=1350"},{"taxonomy":"product_cat","embeddable":true,"href":"https:\/\/tuibanhmidep.com\/bai-viet\/wp-json\/wp\/v2\/product_cat?post=1350"},{"taxonomy":"product_tag","embeddable":true,"href":"https:\/\/tuibanhmidep.com\/bai-viet\/wp-json\/wp\/v2\/product_tag?post=1350"}],"curies":[{"name":"wp","href":"https:\/\/api.w.org\/{rel}","templated":true}]}}