{"id":1326,"date":"2024-05-09T13:24:26","date_gmt":"2024-05-09T06:24:26","guid":{"rendered":"https:\/\/tuibanhmidep.com\/bai-viet\/shop\/in-80000-tui-dung-banh-mi-ma-bmd_5122-giay-mg-chong-tham-thiet-ke-dep\/"},"modified":"2024-05-09T13:24:26","modified_gmt":"2024-05-09T06:24:26","slug":"in-80000-tui-dung-banh-mi-ma-bmd_5122-giay-mg-chong-tham-thiet-ke-dep","status":"publish","type":"product","link":"https:\/\/tuibanhmidep.com\/bai-viet\/shop\/in-80000-tui-dung-banh-mi-ma-bmd_5122-giay-mg-chong-tham-thiet-ke-dep\/","title":{"rendered":"In 80000 T\u00fai \u0111\u1ef1ng b\u00e1nh m\u00ec (m\u00e3 BMD_5122) gi\u1ea5y MG ch\u1ed1ng th\u1ea5m &#8211; thi\u1ebft k\u1ebf \u0111\u1eb9p"},"content":{"rendered":"<h2>Gi\u1edbi thi\u1ec7u v\u1ec1 t\u00fai \u0111\u1ef1ng b\u00e1nh m\u00ec<\/h2>\n<p>T\u00fai \u0111\u1ef1ng b\u00e1nh m\u00ec (m\u00e3 BMD_5122) l\u00e0 m\u1ed9t s\u1ea3n ph\u1ea9m ch\u1ea5t l\u01b0\u1ee3ng, \u0111\u01b0\u1ee3c s\u1ea3n xu\u1ea5t t\u1eeb gi\u1ea5y MG ch\u1ed1ng th\u1ea5m, gi\u00fap b\u1ea3o qu\u1ea3n b\u00e1nh m\u00ec t\u1ed1t h\u01a1n. V\u1edbi thi\u1ebft k\u1ebf \u0111\u1eb9p m\u1eaft v\u00e0 s\u1ef1 ti\u1ec7n l\u1ee3i, t\u00fai \u0111\u1ef1ng b\u00e1nh m\u00ec n\u00e0y l\u00e0 s\u1ef1 l\u1ef1a ch\u1ecdn l\u00fd t\u01b0\u1edfng cho vi\u1ec7c \u0111\u00f3ng g\u00f3i v\u00e0 b\u1ea3o qu\u1ea3n b\u00e1nh m\u00ec.<\/p>\n<h2>Th\u00f4ng tin chi ti\u1ebft v\u1ec1 t\u00fai \u0111\u1ef1ng b\u00e1nh m\u00ec (m\u00e3 BMD_5122)<\/h2>\n<h3>Ch\u1ea5t li\u1ec7u:<\/h3>\n<p>T\u00fai \u0111\u1ef1ng b\u00e1nh m\u00ec n\u00e0y \u0111\u01b0\u1ee3c l\u00e0m t\u1eeb gi\u1ea5y MG ch\u1ea5t l\u01b0\u1ee3ng cao, c\u00f3 kh\u1ea3 n\u0103ng ch\u1ed1ng th\u1ea5m t\u1ed1t, gi\u00fap b\u1ea3o qu\u1ea3n b\u00e1nh m\u00ec trong th\u1eddi gian d\u00e0i m\u00e0 kh\u00f4ng lo b\u1ecb \u1ea9m.<\/p>\n<h3>K\u00edch th\u01b0\u1edbc:<\/h3>\n<p>T\u00fai \u0111\u1ef1ng b\u00e1nh m\u00ec c\u00f3 k\u00edch th\u01b0\u1edbc ph\u00f9 h\u1ee3p \u0111\u1ec3 \u0111\u1ef1ng m\u1ed9t \u1ed5 b\u00e1nh m\u00ec Vi\u1ec7t Nam. V\u1edbi k\u00edch th\u01b0\u1edbc ngang 9.5cm, cao 24.5cm v\u00e0 2 b\u00ean h\u00f4ng r\u1ed9ng 4.5cm, t\u00fai n\u00e0y \u0111\u1ea3m b\u1ea3o \u0111\u1ef1ng \u0111\u01b0\u1ee3c b\u00e1nh m\u00ec m\u1ed9t c\u00e1ch tho\u1ea3i m\u00e1i v\u00e0 ch\u1eafc ch\u1eafn.<\/p>\n<h3>T\u00ednh n\u0103ng:<\/h3>\n<p>&#8211; T\u00fai \u0111\u1ef1ng b\u00e1nh m\u00ec \u0111\u01b0\u1ee3c thi\u1ebft k\u1ebf kh\u00f4ng quai x\u00e1ch, t\u1ea1o s\u1ef1 ti\u1ec7n l\u1ee3i khi mang theo.<br \/>\n&#8211; Kh\u00f4ng ch\u1ec9 \u0111\u1ea3m b\u1ea3o an to\u00e0n cho b\u00e1nh m\u00ec, t\u00fai gi\u1ea5y c\u00f2n gi\u00fap b\u1ea3o v\u1ec7 m\u00f4i tr\u01b0\u1eddng v\u1edbi ch\u1ea5t li\u1ec7u ph\u00e2n h\u1ee7y t\u1ef1 nhi\u00ean.<br \/>\n&#8211; V\u1edbi kh\u1ea3 n\u0103ng ch\u1ed1ng th\u1ea5m, t\u00fai gi\u1ea5y \u0111\u1ef1ng b\u00e1nh m\u00ec n\u00e0y gi\u00fap b\u1ea3o qu\u1ea3n b\u00e1nh m\u00ec t\u01b0\u01a1i ngon l\u00e2u h\u01a1n.<\/p>\n<h2>T\u00ean g\u1ecdi kh\u00e1c c\u1ee7a t\u00fai \u0111\u1ef1ng b\u00e1nh m\u00ec<\/h2>\n<p>T\u00fai \u0111\u1ef1ng b\u00e1nh m\u00ec c\u00f2n \u0111\u01b0\u1ee3c g\u1ecdi l\u00e0 bao b\u00e1nh m\u00ec, gi\u1ea5y g\u00f3i b\u00e1nh m\u00ec, ho\u1eb7c t\u00fai gi\u1ea5y \u0111\u1ef1ng b\u00e1nh m\u00ec. \u0110\u00e2y l\u00e0 nh\u1eefng thu\u1eadt ng\u1eef ph\u1ed5 bi\u1ebfn \u0111\u01b0\u1ee3c s\u1eed d\u1ee5ng \u0111\u1ec3 m\u00f4 t\u1ea3 s\u1ea3n ph\u1ea9m n\u00e0y tr\u00ean th\u1ecb tr\u01b0\u1eddng.<\/p>\n","protected":false},"excerpt":{"rendered":"<p>K\u00edch th\u01b0\u1edbc 9.5&#215;4.5x24cm, \u0111\u1ecbnh l\u01b0\u1ee3ng gi\u1ea5y 50gsm. T\u00fai \u0111\u1ef1ng b\u00e1nh m\u00ec (m\u00e3 BMD_5122) l\u00e0 m\u1ed9t s\u1ea3n ph\u1ea9m ch\u1ea5t l\u01b0\u1ee3ng \u0111\u01b0\u1ee3c l\u00e0m t\u1eeb gi\u1ea5y MG ch\u1ed1ng th\u1ea5m, thi\u1ebft k\u1ebf \u0111\u1eb9p m\u1eaft v\u00e0 ti\u1ec7n l\u1ee3i.<\/p>\n","protected":false},"featured_media":1327,"template":"","meta":[],"product_brand":[],"product_cat":[72],"product_tag":[],"class_list":{"0":"post-1326","1":"product","2":"type-product","3":"status-publish","4":"has-post-thumbnail","6":"product_cat-san-pham-tui-banh-mi","8":"first","9":"instock","10":"virtual","11":"product-type-simple"},"_links":{"self":[{"href":"https:\/\/tuibanhmidep.com\/bai-viet\/wp-json\/wp\/v2\/product\/1326","targetHints":{"allow":["GET"]}}],"collection":[{"href":"https:\/\/tuibanhmidep.com\/bai-viet\/wp-json\/wp\/v2\/product"}],"about":[{"href":"https:\/\/tuibanhmidep.com\/bai-viet\/wp-json\/wp\/v2\/types\/product"}],"wp:featuredmedia":[{"embeddable":true,"href":"https:\/\/tuibanhmidep.com\/bai-viet\/wp-json\/wp\/v2\/media\/1327"}],"wp:attachment":[{"href":"https:\/\/tuibanhmidep.com\/bai-viet\/wp-json\/wp\/v2\/media?parent=1326"}],"wp:term":[{"taxonomy":"product_brand","embeddable":true,"href":"https:\/\/tuibanhmidep.com\/bai-viet\/wp-json\/wp\/v2\/product_brand?post=1326"},{"taxonomy":"product_cat","embeddable":true,"href":"https:\/\/tuibanhmidep.com\/bai-viet\/wp-json\/wp\/v2\/product_cat?post=1326"},{"taxonomy":"product_tag","embeddable":true,"href":"https:\/\/tuibanhmidep.com\/bai-viet\/wp-json\/wp\/v2\/product_tag?post=1326"}],"curies":[{"name":"wp","href":"https:\/\/api.w.org\/{rel}","templated":true}]}}