{"id":1308,"date":"2024-05-09T11:36:33","date_gmt":"2024-05-09T04:36:33","guid":{"rendered":"https:\/\/tuibanhmidep.com\/bai-viet\/shop\/in-10000-tui-banh-mi-da-nang-ma-bmd_4626-giay-mg-cuc-ky-chong-tham-dep-va-gia-re\/"},"modified":"2024-05-09T11:36:33","modified_gmt":"2024-05-09T04:36:33","slug":"in-10000-tui-banh-mi-da-nang-ma-bmd_4626-giay-mg-cuc-ky-chong-tham-dep-va-gia-re","status":"publish","type":"product","link":"https:\/\/tuibanhmidep.com\/bai-viet\/shop\/in-10000-tui-banh-mi-da-nang-ma-bmd_4626-giay-mg-cuc-ky-chong-tham-dep-va-gia-re\/","title":{"rendered":"In 10000 T\u00fai B\u00e1nh M\u00ec \u0110a N\u0103ng (M\u00e3 BMD_4626) Gi\u1ea5y MG C\u1ef1c K\u1ef3 Ch\u1ed1ng Th\u1ea5m &#8211; \u0110\u1eb9p v\u00e0 Gi\u00e1 R\u1ebb"},"content":{"rendered":"<h2>T\u00fai B\u00e1nh M\u00ec \u0110a N\u0103ng (M\u00e3 BMD_4626)<\/h2>\n<p>T\u00fai b\u00e1nh m\u00ec \u0111a n\u0103ng (m\u00e3 BMD_4626) l\u00e0 s\u1ef1 l\u1ef1a ch\u1ecdn ho\u00e0n h\u1ea3o cho vi\u1ec7c \u0111\u1ef1ng b\u00e1nh m\u00ec v\u1edbi gi\u1ea5y MG ch\u1ea5t l\u01b0\u1ee3ng cao v\u00e0 kh\u1ea3 n\u0103ng ch\u1ed1ng th\u1ea5m tuy\u1ec7t v\u1eddi.<\/p>\n<h3>\u0110\u1eb9p v\u00e0 Gi\u00e1 R\u1ebb<\/h3>\n<p>V\u1edbi thi\u1ebft k\u1ebf \u0111\u01a1n gi\u1ea3n nh\u01b0ng tinh t\u1ebf, t\u00fai b\u00e1nh m\u00ec \u0111a n\u0103ng n\u00e0y kh\u00f4ng ch\u1ec9 \u0111\u1ea3m b\u1ea3o an to\u00e0n cho th\u1ef1c ph\u1ea9m m\u00e0 c\u00f2n t\u1ea1o \u0111i\u1ec3m nh\u1ea5n \u0111\u1eb9p m\u1eaft khi b\u1ea1n mang theo b\u00e1nh m\u00ec c\u1ee7a m\u00ecnh.<\/p>\n<h3>Th\u00f4ng Tin Quan Tr\u1ecdng<\/h3>\n<ul>\n<li>T\u00fai b\u00e1nh m\u00ec l\u00e0 t\u00fai gi\u1ea5y \u0111\u01b0\u1ee3c l\u00e0m t\u1eeb gi\u1ea5y an to\u00e0n s\u1eed d\u1ee5ng cho th\u1ef1c ph\u1ea9m, \u0111\u1ea3m b\u1ea3o an to\u00e0n cho s\u1ee9c kh\u1ecfe c\u1ee7a ng\u01b0\u1eddi ti\u00eau d\u00f9ng.<\/li>\n<li>Kh\u00f4ng \u0103n \u0111\u01b0\u1ee3c v\u00e0 kh\u00f4ng c\u00f3 quai x\u00e1ch, t\u00fai b\u00e1nh m\u00ec gi\u1eef cho b\u00e1nh m\u00ec c\u1ee7a b\u1ea1n \u0111\u01b0\u1ee3c b\u1ea3o qu\u1ea3n t\u1ed1t nh\u1ea5t.<\/li>\n<li>T\u00fai b\u00e1nh m\u00ec ch\u1ec9 \u0111\u1ef1ng \u0111\u01b0\u1ee3c 1 \u1ed5 b\u00e1nh m\u00ec Vi\u1ec7t Nam, k\u00edch th\u01b0\u1edbc ph\u00f9 h\u1ee3p v\u1edbi b\u00e1nh m\u00ec truy\u1ec1n th\u1ed1ng.<\/li>\n<li>K\u00edch th\u01b0\u1edbc ti\u00eau chu\u1ea9n c\u1ee7a t\u00fai b\u00e1nh m\u00ec l\u00e0 ngang 9.5cm, cao 24.5cm v\u00e0 c\u00f3 2 b\u00ean h\u00f4ng r\u1ed9ng 4.5cm, \u0111\u1ee7 l\u1edbn \u0111\u1ec3 b\u1ea3o qu\u1ea3n b\u00e1nh m\u00ec m\u1ed9t c\u00e1ch tho\u1ea3i m\u00e1i.<\/li>\n<li>T\u00fai b\u00e1nh m\u00ec c\u00f2n c\u00f3 c\u00e1c t\u00ean g\u1ecdi kh\u00e1c nh\u01b0: bao b\u00e1nh m\u00ec, gi\u1ea5y g\u00f3i b\u00e1nh m\u00ec, t\u00fai gi\u1ea5y \u0111\u1ef1ng b\u00e1nh m\u00ec, ph\u1ea3n \u00e1nh t\u00ednh \u0111a d\u1ea1ng v\u00e0 ti\u1ec7n \u00edch c\u1ee7a s\u1ea3n ph\u1ea9m.<\/li>\n<\/ul>\n<h3>T\u00f3m T\u1eaft<\/h3>\n<p>T\u00fai b\u00e1nh m\u00ec \u0111a n\u0103ng (m\u00e3 BMD_4626) l\u00e0 s\u1ef1 k\u1ebft h\u1ee3p ho\u00e0n h\u1ea3o gi\u1eefa ch\u1ea5t l\u01b0\u1ee3ng, t\u00ednh ti\u1ec7n l\u1ee3i v\u00e0 gi\u00e1 tr\u1ecb \u0111\u00e1ng kinh ng\u1ea1c. V\u1edbi gi\u00e1 c\u1ea3 ph\u1ea3i ch\u0103ng, s\u1ea3n ph\u1ea9m n\u00e0y l\u00e0 l\u1ef1a ch\u1ecdn t\u1ed1t nh\u1ea5t \u0111\u1ec3 b\u1ea3o qu\u1ea3n v\u00e0 mang theo b\u00e1nh m\u00ec m\u1ed7i ng\u00e0y.<\/p>\n","protected":false},"excerpt":{"rendered":"<p>K\u00edch th\u01b0\u1edbc 9.5&#215;4.5x24cm, \u0111\u1ecbnh l\u01b0\u1ee3ng gi\u1ea5y 50gsm. T\u00fai b\u00e1nh m\u00ec \u0111a n\u0103ng (m\u00e3 BMD_4626) l\u00e0 s\u1ea3n ph\u1ea9m ch\u1ea5t l\u01b0\u1ee3ng cao, \u0111\u01b0\u1ee3c l\u00e0m t\u1eeb gi\u1ea5y MG c\u1ef1c k\u1ef3 ch\u1ed1ng th\u1ea5m, mang l\u1ea1i s\u1ef1 ti\u1ec7n l\u1ee3i v\u00e0 an to\u00e0n cho vi\u1ec7c \u0111\u1ef1ng b\u00e1nh m\u00ec.<\/p>\n","protected":false},"featured_media":1309,"template":"","meta":[],"product_brand":[],"product_cat":[72],"product_tag":[],"class_list":{"0":"post-1308","1":"product","2":"type-product","3":"status-publish","4":"has-post-thumbnail","6":"product_cat-san-pham-tui-banh-mi","8":"first","9":"instock","10":"virtual","11":"product-type-simple"},"_links":{"self":[{"href":"https:\/\/tuibanhmidep.com\/bai-viet\/wp-json\/wp\/v2\/product\/1308","targetHints":{"allow":["GET"]}}],"collection":[{"href":"https:\/\/tuibanhmidep.com\/bai-viet\/wp-json\/wp\/v2\/product"}],"about":[{"href":"https:\/\/tuibanhmidep.com\/bai-viet\/wp-json\/wp\/v2\/types\/product"}],"wp:featuredmedia":[{"embeddable":true,"href":"https:\/\/tuibanhmidep.com\/bai-viet\/wp-json\/wp\/v2\/media\/1309"}],"wp:attachment":[{"href":"https:\/\/tuibanhmidep.com\/bai-viet\/wp-json\/wp\/v2\/media?parent=1308"}],"wp:term":[{"taxonomy":"product_brand","embeddable":true,"href":"https:\/\/tuibanhmidep.com\/bai-viet\/wp-json\/wp\/v2\/product_brand?post=1308"},{"taxonomy":"product_cat","embeddable":true,"href":"https:\/\/tuibanhmidep.com\/bai-viet\/wp-json\/wp\/v2\/product_cat?post=1308"},{"taxonomy":"product_tag","embeddable":true,"href":"https:\/\/tuibanhmidep.com\/bai-viet\/wp-json\/wp\/v2\/product_tag?post=1308"}],"curies":[{"name":"wp","href":"https:\/\/api.w.org\/{rel}","templated":true}]}}