{"id":1302,"date":"2024-05-09T11:00:53","date_gmt":"2024-05-09T04:00:53","guid":{"rendered":"https:\/\/tuibanhmidep.com\/bai-viet\/shop\/in-50000\/"},"modified":"2024-05-09T11:00:53","modified_gmt":"2024-05-09T04:00:53","slug":"in-50000","status":"publish","type":"product","link":"https:\/\/tuibanhmidep.com\/bai-viet\/shop\/in-50000\/","title":{"rendered":"In 50000"},"content":{"rendered":"<p>H\u00f4m nay l\u1ea1i b\u00e1n \u1ebf qu\u00e1 m\u1ecdi ng\u01b0\u1eddi \u01a1i. M\u1ecdi ng\u01b0\u1eddi \u0111\u1ed9ng vi\u00ean gi\u00fap em \u0111\u1ec3 em c\u00f3 tinh th\u1ea7n chi\u1ebfn \u0111\u1ea5u ti\u1ebfp \u1ea1.<\/p>\n","protected":false},"excerpt":{"rendered":"<p>K\u00edch th\u01b0\u1edbc 9.5&#215;4.5x24cm, \u0111\u1ecbnh l\u01b0\u1ee3ng gi\u1ea5y 50gsm. <\/p>\n","protected":false},"featured_media":1303,"template":"","meta":[],"product_brand":[],"product_cat":[72],"product_tag":[],"class_list":{"0":"post-1302","1":"product","2":"type-product","3":"status-publish","4":"has-post-thumbnail","6":"product_cat-san-pham-tui-banh-mi","8":"first","9":"instock","10":"virtual","11":"product-type-simple"},"_links":{"self":[{"href":"https:\/\/tuibanhmidep.com\/bai-viet\/wp-json\/wp\/v2\/product\/1302","targetHints":{"allow":["GET"]}}],"collection":[{"href":"https:\/\/tuibanhmidep.com\/bai-viet\/wp-json\/wp\/v2\/product"}],"about":[{"href":"https:\/\/tuibanhmidep.com\/bai-viet\/wp-json\/wp\/v2\/types\/product"}],"wp:featuredmedia":[{"embeddable":true,"href":"https:\/\/tuibanhmidep.com\/bai-viet\/wp-json\/wp\/v2\/media\/1303"}],"wp:attachment":[{"href":"https:\/\/tuibanhmidep.com\/bai-viet\/wp-json\/wp\/v2\/media?parent=1302"}],"wp:term":[{"taxonomy":"product_brand","embeddable":true,"href":"https:\/\/tuibanhmidep.com\/bai-viet\/wp-json\/wp\/v2\/product_brand?post=1302"},{"taxonomy":"product_cat","embeddable":true,"href":"https:\/\/tuibanhmidep.com\/bai-viet\/wp-json\/wp\/v2\/product_cat?post=1302"},{"taxonomy":"product_tag","embeddable":true,"href":"https:\/\/tuibanhmidep.com\/bai-viet\/wp-json\/wp\/v2\/product_tag?post=1302"}],"curies":[{"name":"wp","href":"https:\/\/api.w.org\/{rel}","templated":true}]}}