{"id":1248,"date":"2024-05-08T08:37:38","date_gmt":"2024-05-08T01:37:38","guid":{"rendered":"https:\/\/tuibanhmidep.com\/bai-viet\/shop\/in-90000-bao-goi-banh-mi-the-hien-dang-cap-ma-bmd_6845-giay-kraft-thiet-ke-dep-tua-tac-pham-nghe-thuat\/"},"modified":"2024-05-08T08:37:38","modified_gmt":"2024-05-08T01:37:38","slug":"in-90000-bao-goi-banh-mi-the-hien-dang-cap-ma-bmd_6845-giay-kraft-thiet-ke-dep-tua-tac-pham-nghe-thuat","status":"publish","type":"product","link":"https:\/\/tuibanhmidep.com\/bai-viet\/shop\/in-90000-bao-goi-banh-mi-the-hien-dang-cap-ma-bmd_6845-giay-kraft-thiet-ke-dep-tua-tac-pham-nghe-thuat\/","title":{"rendered":"In 90000 Bao G\u00f3i B\u00e1nh M\u00ec Th\u1ec3 Hi\u1ec7n \u0110\u1eb3ng C\u1ea5p (M\u00e3 BMD_6845) Gi\u1ea5y Kraft &#8211; Thi\u1ebft K\u1ebf \u0110\u1eb9p T\u1ef1a T\u00e1c Ph\u1ea9m Ngh\u1ec7 Thu\u1eadt"},"content":{"rendered":"<h2>Bao G\u00f3i B\u00e1nh M\u00ec &#8211; T\u1ef1a T\u00e1c Ph\u1ea9m Ngh\u1ec7 Thu\u1eadt<\/h2>\n<p>T\u00fai gi\u1ea5y \u0111\u1ef1ng b\u00e1nh m\u00ec kh\u00f4ng ch\u1ec9 \u0111\u01a1n gi\u1ea3n l\u00e0 m\u1ed9t ph\u01b0\u01a1ng ti\u1ec7n \u0111\u1ec3 b\u1ea3o qu\u1ea3n v\u00e0 v\u1eadn chuy\u1ec3n s\u1ea3n ph\u1ea9m m\u00e0 c\u00f2n l\u00e0 bi\u1ec3u t\u01b0\u1ee3ng c\u1ee7a s\u1ef1 chuy\u00ean nghi\u1ec7p v\u00e0 \u0111\u1eb3ng c\u1ea5p trong ng\u00e0nh th\u1ef1c ph\u1ea9m. V\u1edbi m\u00e3 s\u1ea3n ph\u1ea9m BMD_6845, t\u00fai gi\u1ea5y b\u00e1nh m\u00ec \u0111\u01b0\u1ee3c thi\u1ebft k\u1ebf t\u1eeb ch\u1ea5t li\u1ec7u gi\u1ea5y Kraft ch\u1ea5t l\u01b0\u1ee3ng cao, mang l\u1ea1i c\u1ea3m gi\u00e1c t\u1ef1 nhi\u00ean v\u00e0 th\u00e2n thi\u1ec7n v\u1edbi m\u00f4i tr\u01b0\u1eddng.<\/p>\n<h3>T\u00ednh N\u0103ng V\u01b0\u1ee3t Tr\u1ed9i<\/h3>\n<p>T\u00fai gi\u1ea5y \u0111\u1ef1ng b\u00e1nh m\u00ec kh\u00f4ng ch\u1ec9 \u0111\u1ea3m b\u1ea3o an to\u00e0n cho s\u1ea3n ph\u1ea9m m\u00e0 c\u00f2n t\u00f4n l\u00ean v\u1ebb \u0111\u1eb9p c\u1ee7a b\u00e1nh m\u00ec. V\u1edbi k\u00edch th\u01b0\u1edbc ph\u00f9 h\u1ee3p, t\u00fai gi\u1ea5y n\u00e0y ch\u1ec9 \u0111\u1ef1ng \u0111\u01b0\u1ee3c m\u1ed9t \u1ed5 b\u00e1nh m\u00ec Vi\u1ec7t Nam, gi\u1eef cho b\u00e1nh m\u00ec kh\u00f4ng b\u1ecb bi\u1ebfn d\u1ea1ng trong qu\u00e1 tr\u00ecnh v\u1eadn chuy\u1ec3n v\u00e0 b\u1ea3o qu\u1ea3n.<\/p>\n<p>Thi\u1ebft k\u1ebf kh\u00f4ng c\u00f3 quai x\u00e1ch gi\u00fap b\u1ea3o v\u1ec7 b\u00e1nh m\u00ec kh\u1ecfi b\u1ecb n\u00e1t v\u00e0 gi\u1eef cho b\u00e1nh m\u00ec lu\u00f4n nguy\u00ean v\u1eb9n v\u00e0 h\u1ea5p d\u1eabn nh\u01b0 l\u00fac m\u1edbi ra l\u00f2. B\u00ean c\u1ea1nh \u0111\u00f3, t\u00fai gi\u1ea5y b\u00e1nh m\u00ec c\u0169ng \u0111\u01b0\u1ee3c trang b\u1ecb hai b\u00ean h\u00f4ng r\u1ed9ng, t\u1ea1o kh\u00f4ng gian tho\u1ea3i m\u00e1i v\u00e0 kh\u00f4ng g\u00f2 b\u00f3 cho b\u00e1nh m\u00ec.<\/p>\n<h3>\u0110a D\u1ea1ng T\u00ean G\u1ecdi<\/h3>\n<p>T\u00fai gi\u1ea5y \u0111\u1ef1ng b\u00e1nh m\u00ec c\u00f2n \u0111\u01b0\u1ee3c bi\u1ebft \u0111\u1ebfn v\u1edbi nhi\u1ec1u t\u00ean g\u1ecdi kh\u00e1c nhau nh\u01b0 bao b\u00e1nh m\u00ec, gi\u1ea5y g\u00f3i b\u00e1nh m\u00ec hay t\u00fai gi\u1ea5y \u0111\u1ef1ng b\u00e1nh m\u00ec. D\u00f9 \u0111\u01b0\u1ee3c g\u1ecdi l\u00e0 g\u00ec, ch\u00fang \u0111\u1ec1u ph\u1ee5c v\u1ee5 m\u1ed9t m\u1ee5c \u0111\u00edch duy nh\u1ea5t: b\u1ea3o qu\u1ea3n v\u00e0 v\u1eadn chuy\u1ec3n b\u00e1nh m\u00ec m\u1ed9t c\u00e1ch t\u1ed1t nh\u1ea5t.<\/p>\n<h3>T\u1ed5ng K\u1ebft<\/h3>\n<p>Trong ng\u00e0nh th\u1ef1c ph\u1ea9m, vi\u1ec7c ch\u1ecdn l\u1ef1a t\u00fai gi\u1ea5y \u0111\u1ef1ng b\u00e1nh m\u00ec kh\u00f4ng ch\u1ec9 \u0111\u01a1n thu\u1ea7n l\u00e0 vi\u1ec7c ch\u1ecdn m\u1ed9t s\u1ea3n ph\u1ea9m, m\u00e0 c\u00f2n l\u00e0 vi\u1ec7c l\u1ef1a ch\u1ecdn \u0111\u1eb3ng c\u1ea5p v\u00e0 chuy\u00ean nghi\u1ec7p. V\u1edbi m\u00e3 s\u1ea3n ph\u1ea9m BMD_6845, b\u1ea1n c\u00f3 th\u1ec3 ho\u00e0n to\u00e0n y\u00ean t\u00e2m v\u1ec1 ch\u1ea5t l\u01b0\u1ee3ng v\u00e0 t\u00ednh n\u0103ng c\u1ee7a s\u1ea3n ph\u1ea9m.<\/p>\n","protected":false},"excerpt":{"rendered":"<p>K\u00edch th\u01b0\u1edbc 9.5&#215;4.5x24cm, \u0111\u1ecbnh l\u01b0\u1ee3ng gi\u1ea5y 50gsm. T\u00fai gi\u1ea5y \u0111\u1ef1ng b\u00e1nh m\u00ec l\u00e0 s\u1ea3n ph\u1ea9m kh\u00f4ng th\u1ec3 thi\u1ebfu trong vi\u1ec7c b\u1ea3o qu\u1ea3n v\u00e0 v\u1eadn chuy\u1ec3n b\u00e1nh m\u00ec m\u1ed9t c\u00e1ch an to\u00e0n v\u00e0 ti\u1ec7n l\u1ee3i.<\/p>\n","protected":false},"featured_media":1249,"template":"","meta":[],"product_brand":[],"product_cat":[72],"product_tag":[],"class_list":{"0":"post-1248","1":"product","2":"type-product","3":"status-publish","4":"has-post-thumbnail","6":"product_cat-san-pham-tui-banh-mi","8":"first","9":"instock","10":"virtual","11":"product-type-simple"},"_links":{"self":[{"href":"https:\/\/tuibanhmidep.com\/bai-viet\/wp-json\/wp\/v2\/product\/1248","targetHints":{"allow":["GET"]}}],"collection":[{"href":"https:\/\/tuibanhmidep.com\/bai-viet\/wp-json\/wp\/v2\/product"}],"about":[{"href":"https:\/\/tuibanhmidep.com\/bai-viet\/wp-json\/wp\/v2\/types\/product"}],"wp:featuredmedia":[{"embeddable":true,"href":"https:\/\/tuibanhmidep.com\/bai-viet\/wp-json\/wp\/v2\/media\/1249"}],"wp:attachment":[{"href":"https:\/\/tuibanhmidep.com\/bai-viet\/wp-json\/wp\/v2\/media?parent=1248"}],"wp:term":[{"taxonomy":"product_brand","embeddable":true,"href":"https:\/\/tuibanhmidep.com\/bai-viet\/wp-json\/wp\/v2\/product_brand?post=1248"},{"taxonomy":"product_cat","embeddable":true,"href":"https:\/\/tuibanhmidep.com\/bai-viet\/wp-json\/wp\/v2\/product_cat?post=1248"},{"taxonomy":"product_tag","embeddable":true,"href":"https:\/\/tuibanhmidep.com\/bai-viet\/wp-json\/wp\/v2\/product_tag?post=1248"}],"curies":[{"name":"wp","href":"https:\/\/api.w.org\/{rel}","templated":true}]}}