{"id":1242,"date":"2024-05-08T08:26:15","date_gmt":"2024-05-08T01:26:15","guid":{"rendered":"https:\/\/tuibanhmidep.com\/bai-viet\/shop\/in-40000-bao-goi-banh-mi-ma-bmd_4679-giay-mg-cuc-ky-chong-tham-thiet-ke-dep-tua-tac-pham-nghe-thuat\/"},"modified":"2024-05-08T08:26:15","modified_gmt":"2024-05-08T01:26:15","slug":"in-40000-bao-goi-banh-mi-ma-bmd_4679-giay-mg-cuc-ky-chong-tham-thiet-ke-dep-tua-tac-pham-nghe-thuat","status":"publish","type":"product","link":"https:\/\/tuibanhmidep.com\/bai-viet\/shop\/in-40000-bao-goi-banh-mi-ma-bmd_4679-giay-mg-cuc-ky-chong-tham-thiet-ke-dep-tua-tac-pham-nghe-thuat\/","title":{"rendered":"In 40000 Bao G\u00f3i B\u00e1nh M\u00ec (M\u00e3 BMD_4679) Gi\u1ea5y MG C\u1ef1c K\u1ef3 Ch\u1ed1ng Th\u1ea5m &#8211; Thi\u1ebft K\u1ebf \u0110\u1eb9p T\u1ef1a T\u00e1c Ph\u1ea9m Ngh\u1ec7 Thu\u1eadt"},"content":{"rendered":"<h2>Gi\u1edbi Thi\u1ec7u v\u1ec1 T\u00fai B\u00e1nh M\u00ec<\/h2>\n<p>T\u00fai b\u00e1nh m\u00ec l\u00e0 gi\u1ea3i ph\u00e1p ho\u00e0n h\u1ea3o \u0111\u1ec3 b\u1ea3o qu\u1ea3n v\u00e0 v\u1eadn chuy\u1ec3n b\u00e1nh m\u00ec Vi\u1ec7t Nam y\u00eau th\u01b0\u01a1ng c\u1ee7a b\u1ea1n. V\u1edbi ch\u1ea5t li\u1ec7u gi\u1ea5y an to\u00e0n s\u1eed d\u1ee5ng cho th\u1ef1c ph\u1ea9m, t\u00fai b\u00e1nh m\u00ec \u0111\u1ea3m b\u1ea3o an to\u00e0n cho s\u1ee9c kh\u1ecfe c\u1ee7a b\u1ea1n v\u00e0 gia \u0111\u00ecnh.<\/p>\n<h3>\u0110\u1eb7c \u0110i\u1ec3m C\u1ee7a T\u00fai B\u00e1nh M\u00ec<\/h3>\n<p>T\u00fai b\u00e1nh m\u00ec kh\u00f4ng ch\u1ec9 \u0111\u1eb9p m\u1eaft m\u00e0 c\u00f2n r\u1ea5t ti\u1ec7n l\u1ee3i. V\u1edbi k\u00edch th\u01b0\u1edbc chu\u1ea9n ngang 9.5cm, cao 24.5cm v\u00e0 2 b\u00ean h\u00f4ng r\u1ed9ng 4.5cm, t\u00fai b\u00e1nh m\u00ec c\u00f3 th\u1ec3 ch\u1ee9a \u0111\u1ef1ng m\u1ed9t \u1ed5 b\u00e1nh m\u00ec Vi\u1ec7t Nam m\u1ed9t c\u00e1ch tho\u1ea3i m\u00e1i.<\/p>\n<p>Kh\u00f4ng ch\u1ec9 l\u00e0 m\u1ed9t ph\u01b0\u01a1ng ti\u1ec7n v\u1eadn chuy\u1ec3n, t\u00fai b\u00e1nh m\u00ec c\u00f2n l\u00e0 m\u1ed9t ph\u1ea7n c\u1ee7a tr\u1ea3i nghi\u1ec7m mua s\u1eafm c\u1ee7a b\u1ea1n. V\u1edbi thi\u1ebft k\u1ebf \u0111\u1eb9p t\u1ef1a t\u00e1c ph\u1ea9m ngh\u1ec7 thu\u1eadt, t\u00fai b\u00e1nh m\u00ec (m\u00e3 BMD_4679) s\u1ebd l\u00e0m cho b\u00e1nh m\u00ec c\u1ee7a b\u1ea1n tr\u1edf n\u00ean h\u1ea5p d\u1eabn h\u01a1n ngay t\u1eeb c\u00e1i nh\u00ecn \u0111\u1ea7u ti\u00ean.<\/p>\n<h3>T\u00ean G\u1ecdi Kh\u00e1c C\u1ee7a T\u00fai B\u00e1nh M\u00ec<\/h3>\n<p>T\u00fai b\u00e1nh m\u00ec c\u00f2n \u0111\u01b0\u1ee3c bi\u1ebft \u0111\u1ebfn v\u1edbi c\u00e1c t\u00ean g\u1ecdi kh\u00e1c nh\u01b0 bao b\u00e1nh m\u00ec, gi\u1ea5y g\u00f3i b\u00e1nh m\u00ec, ho\u1eb7c t\u00fai gi\u1ea5y \u0111\u1ef1ng b\u00e1nh m\u00ec.<\/p>\n<h3>Ch\u1ea5t L\u01b0\u1ee3ng \u0110\u1ec9nh Cao<\/h3>\n<p>Bao g\u00f3i b\u00e1nh m\u00ec (m\u00e3 BMD_4679) \u0111\u01b0\u1ee3c l\u00e0m t\u1eeb gi\u1ea5y MG c\u1ef1c k\u1ef3 ch\u1ed1ng th\u1ea5m, gi\u00fap b\u1ea3o v\u1ec7 b\u00e1nh m\u00ec kh\u1ecfi b\u1ecb \u1ea9m \u01b0\u1edbt v\u00e0 gi\u1eef cho b\u00e1nh m\u00ec lu\u00f4n t\u01b0\u01a1i ngon. \u0110i\u1ec1u n\u00e0y \u0111\u1ea3m b\u1ea3o r\u1eb1ng m\u1ed7i l\u1ea7n b\u1ea1n th\u01b0\u1edfng th\u1ee9c b\u00e1nh m\u00ec, n\u00f3 s\u1ebd v\u1eabn gi\u1eef \u0111\u01b0\u1ee3c h\u01b0\u01a1ng v\u1ecb v\u00e0 \u0111\u1ed9 gi\u00f2n ngon nh\u01b0 m\u1edbi ra l\u00f2.<\/p>\n<h3>\u0110\u00f3ng G\u00f3i An To\u00e0n<\/h3>\n<p>T\u00fai b\u00e1nh m\u00ec kh\u00f4ng ch\u1ec9 l\u00e0 m\u1ed9t ph\u1ea7n c\u1ee7a tr\u1ea3i nghi\u1ec7m th\u01b0\u1edfng th\u1ee9c b\u00e1nh m\u00ec m\u00e0 c\u00f2n l\u00e0 bi\u1ec3u t\u01b0\u1ee3ng c\u1ee7a s\u1ef1 an to\u00e0n v\u00e0 s\u1ef1 ch\u0103m s\u00f3c. B\u1ea1n c\u00f3 th\u1ec3 y\u00ean t\u00e2m v\u1eadn chuy\u1ec3n b\u00e1nh m\u00ec m\u1ed9t c\u00e1ch an to\u00e0n m\u00e0 kh\u00f4ng ph\u1ea3i lo l\u1eafng v\u1ec1 vi\u1ec7c b\u1ecb b\u00e1nh m\u00ec b\u1ecb h\u1ecfng hay m\u1ea5t h\u01b0\u01a1ng v\u1ecb.<\/p>\n","protected":false},"excerpt":{"rendered":"<p>K\u00edch th\u01b0\u1edbc 9.5&#215;4.5x24cm, \u0111\u1ecbnh l\u01b0\u1ee3ng gi\u1ea5y 50gsm. B\u1ea3o v\u1ec7 b\u00e1nh m\u00ec Vi\u1ec7t Nam c\u1ee7a b\u1ea1n v\u1edbi bao g\u00f3i b\u00e1nh m\u00ec (m\u00e3 BMD_4679) gi\u1ea5y MG c\u1ef1c k\u1ef3 ch\u1ed1ng th\u1ea5m v\u00e0 thi\u1ebft k\u1ebf \u0111\u1eb9p t\u1ef1a t\u00e1c ph\u1ea9m ngh\u1ec7 thu\u1eadt.<\/p>\n","protected":false},"featured_media":1243,"template":"","meta":[],"product_brand":[],"product_cat":[72],"product_tag":[],"class_list":{"0":"post-1242","1":"product","2":"type-product","3":"status-publish","4":"has-post-thumbnail","6":"product_cat-san-pham-tui-banh-mi","8":"first","9":"instock","10":"virtual","11":"product-type-simple"},"_links":{"self":[{"href":"https:\/\/tuibanhmidep.com\/bai-viet\/wp-json\/wp\/v2\/product\/1242","targetHints":{"allow":["GET"]}}],"collection":[{"href":"https:\/\/tuibanhmidep.com\/bai-viet\/wp-json\/wp\/v2\/product"}],"about":[{"href":"https:\/\/tuibanhmidep.com\/bai-viet\/wp-json\/wp\/v2\/types\/product"}],"wp:featuredmedia":[{"embeddable":true,"href":"https:\/\/tuibanhmidep.com\/bai-viet\/wp-json\/wp\/v2\/media\/1243"}],"wp:attachment":[{"href":"https:\/\/tuibanhmidep.com\/bai-viet\/wp-json\/wp\/v2\/media?parent=1242"}],"wp:term":[{"taxonomy":"product_brand","embeddable":true,"href":"https:\/\/tuibanhmidep.com\/bai-viet\/wp-json\/wp\/v2\/product_brand?post=1242"},{"taxonomy":"product_cat","embeddable":true,"href":"https:\/\/tuibanhmidep.com\/bai-viet\/wp-json\/wp\/v2\/product_cat?post=1242"},{"taxonomy":"product_tag","embeddable":true,"href":"https:\/\/tuibanhmidep.com\/bai-viet\/wp-json\/wp\/v2\/product_tag?post=1242"}],"curies":[{"name":"wp","href":"https:\/\/api.w.org\/{rel}","templated":true}]}}