{"id":1194,"date":"2024-05-07T11:11:24","date_gmt":"2024-05-07T04:11:24","guid":{"rendered":"https:\/\/tuibanhmidep.com\/bai-viet\/shop\/in-80000-tui-giay-banh-mi-eco-friendly-ma-bmd_9038-giay-kraft-tho-moc-dep-va-gia-re-toi-uu\/"},"modified":"2024-05-07T11:11:24","modified_gmt":"2024-05-07T04:11:24","slug":"in-80000-tui-giay-banh-mi-eco-friendly-ma-bmd_9038-giay-kraft-tho-moc-dep-va-gia-re-toi-uu","status":"publish","type":"product","link":"https:\/\/tuibanhmidep.com\/bai-viet\/shop\/in-80000-tui-giay-banh-mi-eco-friendly-ma-bmd_9038-giay-kraft-tho-moc-dep-va-gia-re-toi-uu\/","title":{"rendered":"In 80000 T\u00fai Gi\u1ea5y B\u00e1nh M\u00ec Eco-Friendly (M\u00e3 BMD_9038) Gi\u1ea5y Kraft Th\u00f4 M\u1ed9c &#8211; \u0110\u1eb9p v\u00e0 Gi\u00e1 R\u1ebb T\u1ed1i \u01afu"},"content":{"rendered":"<h2>T\u00fai Gi\u1ea5y B\u00e1nh M\u00ec Eco-Friendly: S\u1ef1 L\u1ef1a Ch\u1ecdn Ho\u00e0n H\u1ea3o<\/h2>\n<p>T\u00fai gi\u1ea5y b\u00e1nh m\u00ec eco-friendly m\u00e3 BMD_9038 l\u00e0 m\u1ed9t s\u1ef1 l\u1ef1a ch\u1ecdn ho\u00e0n h\u1ea3o cho nh\u1eefng c\u1eeda h\u00e0ng b\u00e1nh m\u00ec, qu\u00e1n cafe, nh\u00e0 h\u00e0ng, ho\u1eb7c c\u00e1 nh\u00e2n mu\u1ed1n b\u1ea3o v\u1ec7 m\u00f4i tr\u01b0\u1eddng v\u00e0 mang l\u1ea1i tr\u1ea3i nghi\u1ec7m t\u00edch c\u1ef1c cho kh\u00e1ch h\u00e0ng. V\u1edbi ch\u1ea5t li\u1ec7u gi\u1ea5y Kraft th\u00f4 m\u1ed9c, t\u00fai n\u00e0y kh\u00f4ng ch\u1ec9 \u0111\u1ea3m b\u1ea3o an to\u00e0n cho s\u1ee9c kh\u1ecfe m\u00e0 c\u00f2n th\u1ec3 hi\u1ec7n s\u1ef1 quan t\u00e2m \u0111\u1ebfn m\u00f4i tr\u01b0\u1eddng.<\/p>\n<h3>\u0110\u1eb9p v\u00e0 Ti\u1ec7n L\u1ee3i<\/h3>\n<p>V\u1edbi thi\u1ebft k\u1ebf \u0111\u01a1n gi\u1ea3n nh\u01b0ng kh\u00f4ng k\u00e9m ph\u1ea7n tinh t\u1ebf, t\u00fai gi\u1ea5y b\u00e1nh m\u00ec n\u00e0y mang \u0111\u1ebfn s\u1ef1 \u0111\u1eb9p m\u1eaft v\u00e0 thu h\u00fat ngay t\u1eeb c\u00e1i nh\u00ecn \u0111\u1ea7u ti\u00ean. Kh\u00f4ng ch\u1ec9 v\u1eady, vi\u1ec7c s\u1eed d\u1ee5ng t\u00fai gi\u1ea5y c\u00f2n gi\u00fap ti\u1ebft ki\u1ec7m th\u1eddi gian v\u00e0 c\u00f4ng s\u1ee9c cho vi\u1ec7c \u0111\u00f3ng g\u00f3i v\u00e0 b\u1ea3o qu\u1ea3n b\u00e1nh m\u00ec, \u0111\u1ed3ng th\u1eddi t\u1ea1o \u0111i\u1ec3m nh\u1ea5n cho s\u1ea3n ph\u1ea9m khi kh\u00e1ch h\u00e0ng mang \u0111i.<\/p>\n<h3>Th\u00f4ng Tin K\u1ef9 Thu\u1eadt<\/h3>\n<p>T\u00fai gi\u1ea5y b\u00e1nh m\u00ec eco-friendly m\u00e3 BMD_9038 c\u00f3 k\u00edch th\u01b0\u1edbc l\u00fd t\u01b0\u1edfng \u0111\u1ec3 \u0111\u1ef1ng m\u1ed9t \u1ed5 b\u00e1nh m\u00ec Vi\u1ec7t Nam. V\u1edbi chi\u1ec1u ngang 9.5cm, chi\u1ec1u cao 24.5cm v\u00e0 2 b\u00ean h\u00f4ng r\u1ed9ng 4.5cm, t\u00fai gi\u1ea5y n\u00e0y \u0111\u1ea3m b\u1ea3o s\u1ef1 v\u1eeba v\u1eb7n cho b\u00e1nh m\u00ec m\u00e0 kh\u00f4ng l\u00e0m m\u1ea5t \u0111i s\u1ef1 nguy\u00ean v\u1eb9n c\u1ee7a s\u1ea3n ph\u1ea9m.<\/p>\n<h3>An To\u00e0n v\u00e0 Ti\u1ec7n \u00cdch<\/h3>\n<p>\u0110\u01b0\u1ee3c l\u00e0m t\u1eeb gi\u1ea5y an to\u00e0n s\u1eed d\u1ee5ng cho th\u1ef1c ph\u1ea9m, t\u00fai gi\u1ea5y b\u00e1nh m\u00ec n\u00e0y kh\u00f4ng ch\u1ec9 b\u1ea3o \u0111\u1ea3m an to\u00e0n cho s\u1ee9c kh\u1ecfe m\u00e0 c\u00f2n d\u1ec5 d\u00e0ng t\u00e1i ch\u1ebf sau khi s\u1eed d\u1ee5ng. D\u00f9 kh\u00f4ng c\u00f3 quai x\u00e1ch, nh\u01b0ng t\u00fai gi\u1ea5y v\u1eabn mang l\u1ea1i s\u1ef1 ti\u1ec7n l\u1ee3i khi mang \u0111i b\u00e1nh m\u00ec m\u1ed9t c\u00e1ch d\u1ec5 d\u00e0ng v\u00e0 nhanh ch\u00f3ng.<\/p>\n<h3>C\u00e1c T\u00ean G\u1ecdi Ph\u1ed5 Bi\u1ebfn<\/h3>\n<p>Ngo\u00e0i c\u00e1i t\u00ean &#8220;t\u00fai gi\u1ea5y b\u00e1nh m\u00ec&#8221;, s\u1ea3n ph\u1ea9m n\u00e0y c\u00f2n \u0111\u01b0\u1ee3c g\u1ecdi l\u00e0 &#8220;bao b\u00e1nh m\u00ec&#8221; ho\u1eb7c &#8220;gi\u1ea5y g\u00f3i b\u00e1nh m\u00ec&#8221;. Nh\u1eefng t\u00ean g\u1ecdi n\u00e0y th\u01b0\u1eddng \u0111\u01b0\u1ee3c s\u1eed d\u1ee5ng t\u00f9y thu\u1ed9c v\u00e0o v\u00f9ng mi\u1ec1n v\u00e0 quy chu\u1ea9n c\u1ee7a m\u1ed7i \u0111\u1ecba ph\u01b0\u01a1ng.<\/p>\n<h2>Ph\u1ee5 Ki\u1ec7n B\u00e1nh M\u00ec Th\u00eam Ph\u1ea7n S\u00e1ng T\u1ea1o<\/h2>\n<p>Ngo\u00e0i vi\u1ec7c b\u1ea3o v\u1ec7 s\u1ea3n ph\u1ea9m, t\u00fai gi\u1ea5y b\u00e1nh m\u00ec c\u00f2n l\u00e0 m\u1ed9t ph\u1ea7n kh\u00f4ng th\u1ec3 thi\u1ebfu trong chi\u1ebfn l\u01b0\u1ee3c marketing c\u1ee7a b\u1ea1n. B\u1eb1ng c\u00e1ch in \u1ea5n logo, th\u00f4ng \u0111i\u1ec7p hay h\u00ecnh \u1ea3nh th\u00fa v\u1ecb l\u00ean t\u00fai gi\u1ea5y, b\u1ea1n kh\u00f4ng ch\u1ec9 t\u1ea1o ra s\u1ef1 nh\u1eadn bi\u1ebft m\u1ea1nh m\u1ebd m\u00e0 c\u00f2n th\u00fac \u0111\u1ea9y vi\u1ec7c qu\u1ea3ng b\u00e1 th\u01b0\u01a1ng hi\u1ec7u m\u1ed9t c\u00e1ch hi\u1ec7u qu\u1ea3.<\/p>\n<h3>K\u1ebft Lu\u1eadn<\/h3>\n<p>Kh\u00f4ng ch\u1ec9 \u0111\u1eb9p m\u1eaft v\u00e0 th\u00e2n thi\u1ec7n v\u1edbi m\u00f4i tr\u01b0\u1eddng, t\u00fai gi\u1ea5y b\u00e1nh m\u00ec eco-friendly m\u00e3 BMD_9038 l\u00e0 m\u1ed9t s\u1ea3n ph\u1ea9m v\u1eeba s\u00e1ng t\u1ea1o v\u1eeba ti\u1ec7n \u00edch, gi\u00fap b\u1ea1n t\u1ea1o \u0111i\u1ec3m nh\u1ea5n cho s\u1ea3n ph\u1ea9m v\u00e0 th\u01b0\u01a1ng hi\u1ec7u c\u1ee7a m\u00ecnh.<\/p>\n","protected":false},"excerpt":{"rendered":"<p>K\u00edch th\u01b0\u1edbc 9.5&#215;4.5x24cm, \u0111\u1ecbnh l\u01b0\u1ee3ng gi\u1ea5y 50gsm. Gi\u1edbi thi\u1ec7u v\u1ec1 t\u00fai gi\u1ea5y b\u00e1nh m\u00ec eco-friendly m\u00e3 BMD_9038, l\u00e0 s\u1ea3n ph\u1ea9m \u0111\u01b0\u1ee3c l\u00e0m t\u1eeb gi\u1ea5y Kraft th\u00f4 m\u1ed9c, kh\u00f4ng ch\u1ec9 \u0111\u1eb9p m\u1eaft m\u00e0 c\u00f2n mang l\u1ea1i s\u1ef1 ti\u1ec7n l\u1ee3i v\u00e0 an to\u00e0n cho vi\u1ec7c \u0111\u1ef1ng b\u00e1nh m\u00ec.<\/p>\n","protected":false},"featured_media":1195,"template":"","meta":[],"product_brand":[],"product_cat":[72],"product_tag":[],"class_list":{"0":"post-1194","1":"product","2":"type-product","3":"status-publish","4":"has-post-thumbnail","6":"product_cat-san-pham-tui-banh-mi","8":"first","9":"instock","10":"virtual","11":"product-type-simple"},"_links":{"self":[{"href":"https:\/\/tuibanhmidep.com\/bai-viet\/wp-json\/wp\/v2\/product\/1194","targetHints":{"allow":["GET"]}}],"collection":[{"href":"https:\/\/tuibanhmidep.com\/bai-viet\/wp-json\/wp\/v2\/product"}],"about":[{"href":"https:\/\/tuibanhmidep.com\/bai-viet\/wp-json\/wp\/v2\/types\/product"}],"wp:featuredmedia":[{"embeddable":true,"href":"https:\/\/tuibanhmidep.com\/bai-viet\/wp-json\/wp\/v2\/media\/1195"}],"wp:attachment":[{"href":"https:\/\/tuibanhmidep.com\/bai-viet\/wp-json\/wp\/v2\/media?parent=1194"}],"wp:term":[{"taxonomy":"product_brand","embeddable":true,"href":"https:\/\/tuibanhmidep.com\/bai-viet\/wp-json\/wp\/v2\/product_brand?post=1194"},{"taxonomy":"product_cat","embeddable":true,"href":"https:\/\/tuibanhmidep.com\/bai-viet\/wp-json\/wp\/v2\/product_cat?post=1194"},{"taxonomy":"product_tag","embeddable":true,"href":"https:\/\/tuibanhmidep.com\/bai-viet\/wp-json\/wp\/v2\/product_tag?post=1194"}],"curies":[{"name":"wp","href":"https:\/\/api.w.org\/{rel}","templated":true}]}}