{"id":1188,"date":"2024-05-07T10:59:14","date_gmt":"2024-05-07T03:59:14","guid":{"rendered":"https:\/\/tuibanhmidep.com\/bai-viet\/shop\/in-60000-bao-banh-mi-than-thien-moi-truong-ma-bmd_9552-giay-kraft-than-thien-voi-moi-truong-gia-tot\/"},"modified":"2024-05-07T10:59:14","modified_gmt":"2024-05-07T03:59:14","slug":"in-60000-bao-banh-mi-than-thien-moi-truong-ma-bmd_9552-giay-kraft-than-thien-voi-moi-truong-gia-tot","status":"publish","type":"product","link":"https:\/\/tuibanhmidep.com\/bai-viet\/shop\/in-60000-bao-banh-mi-than-thien-moi-truong-ma-bmd_9552-giay-kraft-than-thien-voi-moi-truong-gia-tot\/","title":{"rendered":"In 60000 Bao B\u00e1nh M\u00ec Th\u00e2n Thi\u1ec7n M\u00f4i Tr\u01b0\u1eddng (M\u00e3 BMD_9552) &#8211; Gi\u1ea5y Kraft Th\u00e2n Thi\u1ec7n V\u1edbi M\u00f4i Tr\u01b0\u1eddng &#8211; Gi\u00e1 T\u1ed1t"},"content":{"rendered":"<h2>Gi\u1edbi Thi\u1ec7u V\u1ec1 T\u00fai B\u00e1nh M\u00ec Th\u00e2n Thi\u1ec7n M\u00f4i Tr\u01b0\u1eddng<\/h2>\n<p>T\u00fai b\u00e1nh m\u00ec th\u00e2n thi\u1ec7n m\u00f4i tr\u01b0\u1eddng, m\u00e3 s\u1ea3n ph\u1ea9m BMD_9552, l\u00e0 m\u1ed9t l\u1ef1a ch\u1ecdn ho\u00e0n h\u1ea3o cho vi\u1ec7c \u0111\u1ef1ng b\u00e1nh m\u00ec c\u1ee7a b\u1ea1n. \u0110\u01b0\u1ee3c l\u00e0m t\u1eeb gi\u1ea5y Kraft th\u00e2n thi\u1ec7n v\u1edbi m\u00f4i tr\u01b0\u1eddng, t\u00fai b\u00e1nh m\u00ec n\u00e0y kh\u00f4ng ch\u1ec9 an to\u00e0n cho s\u1ee9c kh\u1ecfe m\u00e0 c\u00f2n gi\u00fap gi\u1ea3m thi\u1ec3u t\u00e1c \u0111\u1ed9ng ti\u00eau c\u1ef1c \u0111\u1ebfn m\u00f4i tr\u01b0\u1eddng.<\/p>\n<h3>T\u00ednh N\u0103ng C\u1ee7a T\u00fai B\u00e1nh M\u00ec Th\u00e2n Thi\u1ec7n M\u00f4i Tr\u01b0\u1eddng<\/h3>\n<p>T\u00fai b\u00e1nh m\u00ec th\u00e2n thi\u1ec7n m\u00f4i tr\u01b0\u1eddng l\u00e0 s\u1ea3n ph\u1ea9m kh\u00f4ng ch\u1ec9 \u0111\u00e1p \u1ee9ng nhu c\u1ea7u s\u1eed d\u1ee5ng h\u00e0ng ng\u00e0y m\u00e0 c\u00f2n mang l\u1ea1i nhi\u1ec1u l\u1ee3i \u00edch v\u01b0\u1ee3t tr\u1ed9i:<\/p>\n<ul>\n<li>Thi\u1ebft k\u1ebf t\u1eeb gi\u1ea5y an to\u00e0n cho th\u1ef1c ph\u1ea9m, \u0111\u1ea3m b\u1ea3o an to\u00e0n cho s\u1ee9c kh\u1ecfe ng\u01b0\u1eddi s\u1eed d\u1ee5ng.<\/li>\n<li>Kh\u00f4ng \u0103n \u0111\u01b0\u1ee3c, gi\u00fap tr\u00e1nh t\u00ecnh tr\u1ea1ng nh\u1ea7m l\u1eabn khi s\u1eed d\u1ee5ng.<\/li>\n<li>Kh\u00f4ng c\u00f3 quai x\u00e1ch, t\u1ea1o c\u1ea3m gi\u00e1c g\u1ecdn g\u00e0ng v\u00e0 ti\u1ec7n l\u1ee3i khi s\u1eed d\u1ee5ng.<\/li>\n<li>K\u00edch th\u01b0\u1edbc ph\u00f9 h\u1ee3p ch\u1ec9 \u0111\u1ef1ng \u0111\u01b0\u1ee3c m\u1ed9t \u1ed5 b\u00e1nh m\u00ec Vi\u1ec7t Nam, gi\u1eef b\u00e1nh m\u00ec \u0111\u01b0\u1ee3c nguy\u00ean v\u1eb9n v\u00e0 kh\u00f4ng b\u1ecb bi\u1ebfn d\u1ea1ng.<\/li>\n<li>C\u00f3 c\u00e1c t\u00ean g\u1ecdi kh\u00e1c nh\u01b0: bao b\u00e1nh m\u00ec, gi\u1ea5y g\u00f3i b\u00e1nh m\u00ec, t\u00fai gi\u1ea5y \u0111\u1ef1ng b\u00e1nh m\u00ec.<\/li>\n<\/ul>\n<h3>Th\u00f4ng S\u1ed1 K\u1ef9 Thu\u1eadt<\/h3>\n<p>T\u00fai b\u00e1nh m\u00ec th\u00e2n thi\u1ec7n m\u00f4i tr\u01b0\u1eddng c\u00f3 c\u00e1c th\u00f4ng s\u1ed1 k\u1ef9 thu\u1eadt nh\u01b0 sau:<\/p>\n<ul>\n<li>K\u00edch th\u01b0\u1edbc: ngang 9.5cm, cao 24.5cm, 2 b\u00ean h\u00f4ng r\u1ed9ng 4.5cm.<\/li>\n<li>Ch\u1ea5t li\u1ec7u: Gi\u1ea5y Kraft th\u00e2n thi\u1ec7n v\u1edbi m\u00f4i tr\u01b0\u1eddng.<\/li>\n<li>M\u00e3 s\u1ea3n ph\u1ea9m: BMD_9552.<\/li>\n<\/ul>\n<h3>\u01afu \u0110i\u1ec3m<\/h3>\n<p>So v\u1edbi c\u00e1c lo\u1ea1i t\u00fai b\u00e1nh m\u00ec th\u00f4ng th\u01b0\u1eddng, t\u00fai b\u00e1nh m\u00ec th\u00e2n thi\u1ec7n m\u00f4i tr\u01b0\u1eddng c\u00f3 nh\u1eefng \u01b0u \u0111i\u1ec3m n\u1ed5i b\u1eadt sau:<\/p>\n<ul>\n<li>B\u1ea3o v\u1ec7 m\u00f4i tr\u01b0\u1eddng: S\u1eed d\u1ee5ng gi\u1ea5y Kraft th\u00e2n thi\u1ec7n v\u1edbi m\u00f4i tr\u01b0\u1eddng, gi\u00fap gi\u1ea3m thi\u1ec3u l\u01b0\u1ee3ng r\u00e1c th\u1ea3i nh\u1ef1a v\u00e0 h\u00f3a ch\u1ea5t \u0111\u1ed9c h\u1ea1i.<\/li>\n<li>An to\u00e0n cho s\u1ee9c kh\u1ecfe: Gi\u1ea5y Kraft l\u00e0 v\u1eadt li\u1ec7u kh\u00f4ng ch\u1ee9a BPA v\u00e0 c\u00e1c h\u00f3a ch\u1ea5t \u0111\u1ed9c h\u1ea1i, \u0111\u1ea3m b\u1ea3o an to\u00e0n cho s\u1ee9c kh\u1ecfe ng\u01b0\u1eddi s\u1eed d\u1ee5ng.<\/li>\n<li>Ti\u1ebft ki\u1ec7m: Gi\u00e1 c\u1ea3 ph\u1ea3i ch\u0103ng, ph\u1ea3n \u00e1nh m\u1ee9c \u0111\u1ed9 ti\u1ebft ki\u1ec7m trong chi ph\u00ed v\u1eadn h\u00e0nh kinh doanh.<\/li>\n<\/ul>\n<h3>S\u1eed D\u1ee5ng Trong C\u00e1c M\u00f4 H\u00ecnh Kinh Doanh<\/h3>\n<p>T\u00fai b\u00e1nh m\u00ec th\u00e2n thi\u1ec7n m\u00f4i tr\u01b0\u1eddng th\u00edch h\u1ee3p s\u1eed d\u1ee5ng trong c\u00e1c m\u00f4 h\u00ecnh kinh doanh nh\u01b0 c\u1eeda h\u00e0ng b\u00e1nh m\u00ec, qu\u00e1n caf\u00e9, nh\u00e0 h\u00e0ng, si\u00eau th\u1ecb, v\u00e0 c\u00e1c s\u1ef1 ki\u1ec7n ngo\u1ea1i \u00f4.<\/p>\n<h3>\u0110\u1eb7t H\u00e0ng Ngay H\u00f4m Nay!<\/h3>\n<p>H\u00e3y \u0111\u1eb7t h\u00e0ng ngay h\u00f4m nay \u0111\u1ec3 tr\u1ea3i nghi\u1ec7m s\u1ef1 ti\u1ec7n l\u1ee3i v\u00e0 \u01b0u \u0111i\u1ec3m c\u1ee7a t\u00fai b\u00e1nh m\u00ec th\u00e2n thi\u1ec7n m\u00f4i tr\u01b0\u1eddng.<\/p>\n","protected":false},"excerpt":{"rendered":"<p>K\u00edch th\u01b0\u1edbc 9.5&#215;4.5x24cm, \u0111\u1ecbnh l\u01b0\u1ee3ng gi\u1ea5y 50gsm. T\u00fai b\u00e1nh m\u00ec l\u00e0 l\u1ef1a ch\u1ecdn l\u00fd t\u01b0\u1edfng cho nh\u1eefng ai quan t\u00e2m \u0111\u1ebfn vi\u1ec7c b\u1ea3o v\u1ec7 m\u00f4i tr\u01b0\u1eddng v\u00e0 mong mu\u1ed1n s\u1eed d\u1ee5ng s\u1ea3n ph\u1ea9m th\u00e2n thi\u1ec7n v\u1edbi m\u00f4i tr\u01b0\u1eddng trong cu\u1ed9c s\u1ed1ng h\u00e0ng ng\u00e0y.<\/p>\n","protected":false},"featured_media":1189,"template":"","meta":[],"product_brand":[],"product_cat":[72],"product_tag":[],"class_list":{"0":"post-1188","1":"product","2":"type-product","3":"status-publish","4":"has-post-thumbnail","6":"product_cat-san-pham-tui-banh-mi","8":"first","9":"instock","10":"virtual","11":"product-type-simple"},"_links":{"self":[{"href":"https:\/\/tuibanhmidep.com\/bai-viet\/wp-json\/wp\/v2\/product\/1188","targetHints":{"allow":["GET"]}}],"collection":[{"href":"https:\/\/tuibanhmidep.com\/bai-viet\/wp-json\/wp\/v2\/product"}],"about":[{"href":"https:\/\/tuibanhmidep.com\/bai-viet\/wp-json\/wp\/v2\/types\/product"}],"wp:featuredmedia":[{"embeddable":true,"href":"https:\/\/tuibanhmidep.com\/bai-viet\/wp-json\/wp\/v2\/media\/1189"}],"wp:attachment":[{"href":"https:\/\/tuibanhmidep.com\/bai-viet\/wp-json\/wp\/v2\/media?parent=1188"}],"wp:term":[{"taxonomy":"product_brand","embeddable":true,"href":"https:\/\/tuibanhmidep.com\/bai-viet\/wp-json\/wp\/v2\/product_brand?post=1188"},{"taxonomy":"product_cat","embeddable":true,"href":"https:\/\/tuibanhmidep.com\/bai-viet\/wp-json\/wp\/v2\/product_cat?post=1188"},{"taxonomy":"product_tag","embeddable":true,"href":"https:\/\/tuibanhmidep.com\/bai-viet\/wp-json\/wp\/v2\/product_tag?post=1188"}],"curies":[{"name":"wp","href":"https:\/\/api.w.org\/{rel}","templated":true}]}}