{"id":1182,"date":"2024-05-07T10:47:29","date_gmt":"2024-05-07T03:47:29","guid":{"rendered":"https:\/\/tuibanhmidep.com\/bai-viet\/shop\/in-90000-bao-banh-mi-phong-cach-vintage-ma-bmd_5061-giay-kraft-tho-moc-gia-canh-tranh-toan-cau\/"},"modified":"2024-05-07T10:47:29","modified_gmt":"2024-05-07T03:47:29","slug":"in-90000-bao-banh-mi-phong-cach-vintage-ma-bmd_5061-giay-kraft-tho-moc-gia-canh-tranh-toan-cau","status":"publish","type":"product","link":"https:\/\/tuibanhmidep.com\/bai-viet\/shop\/in-90000-bao-banh-mi-phong-cach-vintage-ma-bmd_5061-giay-kraft-tho-moc-gia-canh-tranh-toan-cau\/","title":{"rendered":"In 90000 Bao B\u00e1nh M\u00ec Phong C\u00e1ch Vintage (M\u00e3 BMD_5061) Gi\u1ea5y Kraft Th\u00f4 M\u1ed9c &#8211; Gi\u00e1 C\u1ea1nh Tranh To\u00e0n C\u1ea7u"},"content":{"rendered":"<h2>Bao B\u00e1nh M\u00ec Phong C\u00e1ch Vintage<\/h2>\n<p>Bao b\u00e1nh m\u00ec phong c\u00e1ch vintage m\u00e3 BMD_5061 l\u00e0 s\u1ef1 k\u1ebft h\u1ee3p ho\u00e0n h\u1ea3o gi\u1eefa s\u1ef1 ti\u1ec7n l\u1ee3i v\u00e0 phong c\u00e1ch. V\u1edbi ch\u1ea5t li\u1ec7u gi\u1ea5y Kraft th\u00f4 m\u1ed9c t\u1ef1 nhi\u00ean, bao b\u00e1nh m\u00ec n\u00e0y kh\u00f4ng ch\u1ec9 b\u1ea3o v\u1ec7 b\u00e1nh m\u00ec m\u1ed9t c\u00e1ch an to\u00e0n m\u00e0 c\u00f2n t\u1ea1o \u0111i\u1ec3m nh\u1ea5n \u0111\u1ed9c \u0111\u00e1o cho s\u1ea3n ph\u1ea9m c\u1ee7a b\u1ea1n.<\/p>\n<h3>T\u00ednh N\u0103ng V\u01b0\u1ee3t Tr\u1ed9i<\/h3>\n<p>T\u00fai b\u00e1nh m\u00ec l\u00e0 s\u1ea3n ph\u1ea9m kh\u00f4ng th\u1ec3 thi\u1ebfu cho c\u00e1c qu\u00e1n b\u00e1nh m\u00ec, c\u1eeda h\u00e0ng ti\u1ec7n l\u1ee3i v\u00e0 nh\u00e0 h\u00e0ng. V\u1edbi k\u00edch th\u01b0\u1edbc l\u00fd t\u01b0\u1edfng, bao b\u00e1nh m\u00ec phong c\u00e1ch vintage m\u00e3 BMD_5061 c\u00f3 th\u1ec3 ch\u1ee9a m\u1ed9t \u1ed5 b\u00e1nh m\u00ec Vi\u1ec7t Nam, \u0111\u1ea3m b\u1ea3o s\u1ef1 thu\u1eadn ti\u1ec7n cho vi\u1ec7c mang \u0111i ho\u1eb7c giao h\u00e0ng.<\/p>\n<p>Ch\u1ea5t li\u1ec7u gi\u1ea5y Kraft an to\u00e0n cho th\u1ef1c ph\u1ea9m gi\u00fap b\u1ea3o qu\u1ea3n b\u00e1nh m\u00ec m\u1ed9t c\u00e1ch t\u1ed1t nh\u1ea5t, \u0111\u1ea3m b\u1ea3o s\u1ef1 t\u01b0\u01a1i ngon v\u00e0 nguy\u00ean v\u1eb9n cho s\u1ea3n ph\u1ea9m. \u0110\u1ed3ng th\u1eddi, v\u1edbi thi\u1ebft k\u1ebf kh\u00f4ng c\u00f3 quai x\u00e1ch, bao b\u00e1nh m\u00ec n\u00e0y gi\u1eef cho b\u00e1nh m\u00ec \u0111\u01b0\u1ee3c b\u1ea3o qu\u1ea3n m\u1ed9t c\u00e1ch an to\u00e0n v\u00e0 g\u1ecdn g\u00e0ng.<\/p>\n<h3>Phong C\u00e1ch Vintage \u0110\u1ed9c \u0110\u00e1o<\/h3>\n<p>Bao b\u00e1nh m\u00ec phong c\u00e1ch vintage m\u00e3 BMD_5061 kh\u00f4ng ch\u1ec9 l\u00e0 m\u1ed9t ph\u01b0\u01a1ng ti\u1ec7n \u0111\u1ec3 \u0111\u1ef1ng v\u00e0 b\u1ea3o qu\u1ea3n b\u00e1nh m\u00ec m\u00e0 c\u00f2n l\u00e0 m\u1ed9t ph\u1ea7n c\u1ee7a tr\u1ea3i nghi\u1ec7m mua s\u1eafm \u0111\u1ed9c \u0111\u00e1o. V\u1edbi thi\u1ebft k\u1ebf th\u00f4 m\u1ed9c v\u00e0 h\u00ecnh \u1ea3nh vintage, s\u1ea3n ph\u1ea9m n\u00e0y g\u1ee3i l\u00ean c\u1ea3m gi\u00e1c g\u1ea7n g\u0169i v\u00e0 \u1ea5m \u00e1p, t\u1ea1o n\u00ean \u0111i\u1ec3m nh\u1ea5n cho th\u01b0\u01a1ng hi\u1ec7u c\u1ee7a b\u1ea1n.<\/p>\n<p>Kh\u00f4ng ch\u1ec9 s\u1edf h\u1eefu v\u1ebb ngo\u00e0i \u0111\u1ed9c \u0111\u00e1o, bao b\u00e1nh m\u00ec phong c\u00e1ch vintage c\u00f2n c\u00f3 gi\u00e1 c\u1ea3 c\u1ea1nh tranh to\u00e0n c\u1ea7u, gi\u00fap b\u1ea1n ti\u1ebft ki\u1ec7m chi ph\u00ed m\u00e0 v\u1eabn \u0111\u1ea3m b\u1ea3o ch\u1ea5t l\u01b0\u1ee3ng s\u1ea3n ph\u1ea9m.<\/p>\n<h3>C\u00e1c T\u00ean G\u1ecdi Ph\u1ed5 Bi\u1ebfn<\/h3>\n<p>B\u00ean c\u1ea1nh t\u00ean g\u1ecdi &#8220;bao b\u00e1nh m\u00ec phong c\u00e1ch vintage&#8221;, s\u1ea3n ph\u1ea9m n\u00e0y c\u00f2n \u0111\u01b0\u1ee3c bi\u1ebft \u0111\u1ebfn v\u1edbi c\u00e1c t\u00ean g\u1ecdi kh\u00e1c nh\u01b0 gi\u1ea5y g\u00f3i b\u00e1nh m\u00ec, t\u00fai gi\u1ea5y \u0111\u1ef1ng b\u00e1nh m\u00ec. D\u00f9 b\u1ea1n g\u1ecdi n\u00f3 nh\u01b0 th\u1ebf n\u00e0o, bao b\u00e1nh m\u00ec m\u00e3 BMD_5061 v\u1eabn l\u00e0 l\u1ef1a ch\u1ecdn h\u00e0ng \u0111\u1ea7u cho vi\u1ec7c \u0111\u1ef1ng v\u00e0 b\u1ea3o qu\u1ea3n b\u00e1nh m\u00ec c\u1ee7a b\u1ea1n.<\/p>\n","protected":false},"excerpt":{"rendered":"<p>K\u00edch th\u01b0\u1edbc 9.5&#215;4.5x24cm, \u0111\u1ecbnh l\u01b0\u1ee3ng gi\u1ea5y 50gsm. Gi\u1edbi thi\u1ec7u v\u1ec1 bao b\u00e1nh m\u00ec phong c\u00e1ch vintage m\u00e3 BMD_5061, \u0111\u01b0\u1ee3c l\u00e0m t\u1eeb gi\u1ea5y Kraft th\u00f4 m\u1ed9c, mang \u0111\u1ebfn s\u1ef1 ti\u1ec7n l\u1ee3i v\u00e0 s\u1ef1 b\u1ea3o v\u1ec7 cho b\u00e1nh m\u00ec y\u00eau th\u01b0\u01a1ng c\u1ee7a b\u1ea1n.<\/p>\n","protected":false},"featured_media":1183,"template":"","meta":[],"product_brand":[],"product_cat":[72],"product_tag":[],"class_list":{"0":"post-1182","1":"product","2":"type-product","3":"status-publish","4":"has-post-thumbnail","6":"product_cat-san-pham-tui-banh-mi","8":"first","9":"instock","10":"virtual","11":"product-type-simple"},"_links":{"self":[{"href":"https:\/\/tuibanhmidep.com\/bai-viet\/wp-json\/wp\/v2\/product\/1182","targetHints":{"allow":["GET"]}}],"collection":[{"href":"https:\/\/tuibanhmidep.com\/bai-viet\/wp-json\/wp\/v2\/product"}],"about":[{"href":"https:\/\/tuibanhmidep.com\/bai-viet\/wp-json\/wp\/v2\/types\/product"}],"wp:featuredmedia":[{"embeddable":true,"href":"https:\/\/tuibanhmidep.com\/bai-viet\/wp-json\/wp\/v2\/media\/1183"}],"wp:attachment":[{"href":"https:\/\/tuibanhmidep.com\/bai-viet\/wp-json\/wp\/v2\/media?parent=1182"}],"wp:term":[{"taxonomy":"product_brand","embeddable":true,"href":"https:\/\/tuibanhmidep.com\/bai-viet\/wp-json\/wp\/v2\/product_brand?post=1182"},{"taxonomy":"product_cat","embeddable":true,"href":"https:\/\/tuibanhmidep.com\/bai-viet\/wp-json\/wp\/v2\/product_cat?post=1182"},{"taxonomy":"product_tag","embeddable":true,"href":"https:\/\/tuibanhmidep.com\/bai-viet\/wp-json\/wp\/v2\/product_tag?post=1182"}],"curies":[{"name":"wp","href":"https:\/\/api.w.org\/{rel}","templated":true}]}}