{"id":1152,"date":"2024-05-07T06:43:44","date_gmt":"2024-05-06T23:43:44","guid":{"rendered":"https:\/\/tuibanhmidep.com\/bai-viet\/shop\/in-20000-tui-banh-mi-da-nang-ma-bmd_7648-giay-tham-dau-theo-thiet-ke-rieng-biet\/"},"modified":"2024-05-07T06:43:44","modified_gmt":"2024-05-06T23:43:44","slug":"in-20000-tui-banh-mi-da-nang-ma-bmd_7648-giay-tham-dau-theo-thiet-ke-rieng-biet","status":"publish","type":"product","link":"https:\/\/tuibanhmidep.com\/bai-viet\/shop\/in-20000-tui-banh-mi-da-nang-ma-bmd_7648-giay-tham-dau-theo-thiet-ke-rieng-biet\/","title":{"rendered":"In 20000 T\u00fai B\u00e1nh M\u00ec \u0110a N\u0103ng (M\u00e3 BMD_7648) Gi\u1ea5y Th\u1ea5m D\u1ea7u &#8211; Theo Thi\u1ebft K\u1ebf Ri\u00eang Bi\u1ec7t"},"content":{"rendered":"<h2>T\u00ednh N\u0103ng N\u1ed5i B\u1eadt<\/h2>\n<p><strong>T\u00fai B\u00e1nh M\u00ec An To\u00e0n<\/strong><\/p>\n<p>T\u00fai b\u00e1nh m\u00ec \u0111\u01b0\u1ee3c l\u00e0m t\u1eeb gi\u1ea5y an to\u00e0n s\u1eed d\u1ee5ng cho th\u1ef1c ph\u1ea9m, \u0111\u1ea3m b\u1ea3o an to\u00e0n cho s\u1ee9c kh\u1ecfe khi s\u1eed d\u1ee5ng.<\/p>\n<p><strong>Ti\u1ec7n L\u1ee3i v\u00e0 D\u1ec5 S\u1eed D\u1ee5ng<\/strong><\/p>\n<p>V\u1edbi thi\u1ebft k\u1ebf kh\u00f4ng c\u00f3 quai x\u00e1ch, t\u00fai b\u00e1nh m\u00ec \u0111a n\u0103ng n\u00e0y d\u1ec5 d\u00e0ng \u0111\u1ef1ng v\u00e0 mang theo m\u1ed9t \u1ed5 b\u00e1nh m\u00ec Vi\u1ec7t Nam m\u1ed9t c\u00e1ch ti\u1ec7n l\u1ee3i.<\/p>\n<h2>Th\u00f4ng Tin Chi Ti\u1ebft<\/h2>\n<h3>K\u00edch Th\u01b0\u1edbc<\/h3>\n<p>Ngang: 9.5cm<\/p>\n<p>Cao: 24.5cm<\/p>\n<p>2 B\u00ean H\u00f4ng R\u1ed9ng: 4.5cm<\/p>\n<h3>C\u00e1c T\u00ean G\u1ecdi Kh\u00e1c<\/h3>\n<p>Bao B\u00e1nh M\u00ec, Gi\u1ea5y G\u00f3i B\u00e1nh M\u00ec, T\u00fai Gi\u1ea5y \u0110\u1ef1ng B\u00e1nh M\u00ec<\/p>\n","protected":false},"excerpt":{"rendered":"<p>K\u00edch th\u01b0\u1edbc 9.5&#215;4.5x24cm, \u0111\u1ecbnh l\u01b0\u1ee3ng gi\u1ea5y 50gsm. <\/p>\n","protected":false},"featured_media":1153,"template":"","meta":[],"product_brand":[],"product_cat":[72],"product_tag":[],"class_list":{"0":"post-1152","1":"product","2":"type-product","3":"status-publish","4":"has-post-thumbnail","6":"product_cat-san-pham-tui-banh-mi","8":"first","9":"instock","10":"virtual","11":"product-type-simple"},"_links":{"self":[{"href":"https:\/\/tuibanhmidep.com\/bai-viet\/wp-json\/wp\/v2\/product\/1152","targetHints":{"allow":["GET"]}}],"collection":[{"href":"https:\/\/tuibanhmidep.com\/bai-viet\/wp-json\/wp\/v2\/product"}],"about":[{"href":"https:\/\/tuibanhmidep.com\/bai-viet\/wp-json\/wp\/v2\/types\/product"}],"wp:featuredmedia":[{"embeddable":true,"href":"https:\/\/tuibanhmidep.com\/bai-viet\/wp-json\/wp\/v2\/media\/1153"}],"wp:attachment":[{"href":"https:\/\/tuibanhmidep.com\/bai-viet\/wp-json\/wp\/v2\/media?parent=1152"}],"wp:term":[{"taxonomy":"product_brand","embeddable":true,"href":"https:\/\/tuibanhmidep.com\/bai-viet\/wp-json\/wp\/v2\/product_brand?post=1152"},{"taxonomy":"product_cat","embeddable":true,"href":"https:\/\/tuibanhmidep.com\/bai-viet\/wp-json\/wp\/v2\/product_cat?post=1152"},{"taxonomy":"product_tag","embeddable":true,"href":"https:\/\/tuibanhmidep.com\/bai-viet\/wp-json\/wp\/v2\/product_tag?post=1152"}],"curies":[{"name":"wp","href":"https:\/\/api.w.org\/{rel}","templated":true}]}}