{"id":1146,"date":"2024-05-07T06:32:51","date_gmt":"2024-05-06T23:32:51","guid":{"rendered":"https:\/\/tuibanhmidep.com\/bai-viet\/shop\/in-90000-bao-banh-mi-than-thien-moi-truong-ma-bmd_5447-giay-mg-gia-xuong-khong-trung-gian\/"},"modified":"2024-05-07T06:32:51","modified_gmt":"2024-05-06T23:32:51","slug":"in-90000-bao-banh-mi-than-thien-moi-truong-ma-bmd_5447-giay-mg-gia-xuong-khong-trung-gian","status":"publish","type":"product","link":"https:\/\/tuibanhmidep.com\/bai-viet\/shop\/in-90000-bao-banh-mi-than-thien-moi-truong-ma-bmd_5447-giay-mg-gia-xuong-khong-trung-gian\/","title":{"rendered":"In 90000 Bao B\u00e1nh M\u00ec Th\u00e2n Thi\u1ec7n M\u00f4i Tr\u01b0\u1eddng (M\u00e3 BMD_5447) Gi\u1ea5y MG &#8211; Gi\u00e1 X\u01b0\u1edfng Kh\u00f4ng Trung Gian"},"content":{"rendered":"<h2>Bao B\u00e1nh M\u00ec Th\u00e2n Thi\u1ec7n M\u00f4i Tr\u01b0\u1eddng (M\u00e3 BMD_5447) Gi\u1ea5y MG &#8211; Gi\u00e1 X\u01b0\u1edfng Kh\u00f4ng Trung Gian<\/h2>\n<p>Trong th\u1ebf gi\u1edbi ng\u00e0y nay, nhu c\u1ea7u s\u1eed d\u1ee5ng c\u00e1c s\u1ea3n ph\u1ea9m th\u00e2n thi\u1ec7n v\u1edbi m\u00f4i tr\u01b0\u1eddng \u0111ang ng\u00e0y c\u00e0ng \u0111\u01b0\u1ee3c \u01b0a chu\u1ed9ng. \u0110\u00e1p \u1ee9ng xu h\u01b0\u1edbng n\u00e0y, t\u00fai b\u00e1nh m\u00ec th\u00e2n thi\u1ec7n m\u00f4i tr\u01b0\u1eddng mang m\u00e3 BMD_5447 \u0111\u01b0\u1ee3c s\u1ea3n xu\u1ea5t t\u1eeb gi\u1ea5y MG, m\u1ed9t lo\u1ea1i gi\u1ea5y \u0111\u01b0\u1ee3c bi\u1ebft \u0111\u1ebfn v\u1edbi t\u00ednh n\u0103ng th\u00e2n thi\u1ec7n v\u1edbi m\u00f4i tr\u01b0\u1eddng cao. Kh\u00f4ng ch\u1ec9 v\u1eady, v\u1edbi gi\u00e1 x\u01b0\u1edfng kh\u00f4ng trung gian, s\u1ea3n ph\u1ea9m n\u00e0y \u0111em l\u1ea1i gi\u00e1 tr\u1ecb kinh t\u1ebf cao cho ng\u01b0\u1eddi ti\u00eau d\u00f9ng.<\/p>\n<h3>Ch\u1ea5t Li\u1ec7u An To\u00e0n Cho Th\u1ef1c Ph\u1ea9m<\/h3>\n<p>T\u00fai b\u00e1nh m\u00ec l\u00e0m t\u1eeb gi\u1ea5y MG \u0111\u1ea3m b\u1ea3o an to\u00e0n cho s\u1ee9c kh\u1ecfe con ng\u01b0\u1eddi khi ti\u1ebfp x\u00fac v\u1edbi th\u1ef1c ph\u1ea9m. V\u1edbi quy tr\u00ecnh s\u1ea3n xu\u1ea5t chuy\u00ean nghi\u1ec7p v\u00e0 ki\u1ec3m so\u00e1t ch\u1ea5t l\u01b0\u1ee3ng nghi\u00eam ng\u1eb7t, b\u1ea1n c\u00f3 th\u1ec3 y\u00ean t\u00e2m s\u1eed d\u1ee5ng t\u00fai b\u00e1nh m\u00ec n\u00e0y \u0111\u1ec3 \u0111\u1ef1ng b\u00e1nh m\u00ec y\u00eau th\u00edch c\u1ee7a m\u00ecnh.<\/p>\n<h3>Thi\u1ebft K\u1ebf Ti\u1ec7n L\u1ee3i<\/h3>\n<p>T\u00fai b\u00e1nh m\u00ec th\u00e2n thi\u1ec7n m\u00f4i tr\u01b0\u1eddng kh\u00f4ng ch\u1ec9 an to\u00e0n m\u00e0 c\u00f2n r\u1ea5t ti\u1ec7n l\u1ee3i. V\u1edbi k\u00edch th\u01b0\u1edbc ph\u00f9 h\u1ee3p, t\u00fai c\u00f3 th\u1ec3 ch\u1ee9a \u0111\u01b0\u1ee3c m\u1ed9t \u1ed5 b\u00e1nh m\u00ec Vi\u1ec7t Nam m\u1ed9t c\u00e1ch tho\u1ea3i m\u00e1i. \u0110\u1eb7c bi\u1ec7t, thi\u1ebft k\u1ebf kh\u00f4ng quai x\u00e1ch gi\u00fap b\u1ea1n d\u1ec5 d\u00e0ng \u0111\u1ef1ng v\u00e0 mang theo b\u00e1nh m\u00ec m\u00e0 kh\u00f4ng g\u00e2y c\u1ea3m gi\u00e1c b\u1ea5t ti\u1ec7n.<\/p>\n<h3>\u0110a D\u1ea1ng T\u00ean G\u1ecdi<\/h3>\n<p>Besides being called bao b\u00e1nh m\u00ec or t\u00fai gi\u1ea5y \u0111\u1ef1ng b\u00e1nh m\u00ec, these eco-friendly bags are also known as gi\u1ea5y g\u00f3i b\u00e1nh m\u00ec. No matter what you call them, they serve the same purpose &#8211; to hold and protect your favorite Vietnamese baguette.<\/p>\n<h3>Th\u00f4ng S\u1ed1 K\u1ef9 Thu\u1eadt<\/h3>\n<p>Th\u00f4ng s\u1ed1 k\u1ef9 thu\u1eadt c\u1ee7a t\u00fai b\u00e1nh m\u00ec th\u00e2n thi\u1ec7n m\u00f4i tr\u01b0\u1eddng th\u01b0\u1eddng l\u00e0:<br \/>\n&#8211; K\u00edch th\u01b0\u1edbc ngang: 9.5cm<br \/>\n&#8211; K\u00edch th\u01b0\u1edbc cao: 24.5cm<br \/>\n&#8211; \u0110\u1ed9 r\u1ed9ng hai b\u00ean h\u00f4ng: 4.5cm<\/p>\n<h3>Gi\u00e1 X\u01b0\u1edfng Kh\u00f4ng Trung Gian<\/h3>\n<p>\u0110\u1eb7c bi\u1ec7t, t\u00fai b\u00e1nh m\u00ec th\u00e2n thi\u1ec7n m\u00f4i tr\u01b0\u1eddng n\u00e0y \u0111\u01b0\u1ee3c cung c\u1ea5p v\u1edbi gi\u00e1 x\u01b0\u1edfng kh\u00f4ng trung gian, gi\u00fap ti\u1ebft ki\u1ec7m chi ph\u00ed cho ng\u01b0\u1eddi ti\u00eau d\u00f9ng. \u0110i\u1ec1u n\u00e0y gi\u00fap s\u1ea3n ph\u1ea9m tr\u1edf n\u00ean ph\u1ed5 bi\u1ebfn v\u00e0 d\u1ec5 ti\u1ebfp c\u1eadn h\u01a1n \u0111\u1ed1i v\u1edbi m\u1ecdi ng\u01b0\u1eddi.<\/p>\n","protected":false},"excerpt":{"rendered":"<p>K\u00edch th\u01b0\u1edbc 9.5&#215;4.5x24cm, \u0111\u1ecbnh l\u01b0\u1ee3ng gi\u1ea5y 50gsm. T\u00fai b\u00e1nh m\u00ec th\u00e2n thi\u1ec7n m\u00f4i tr\u01b0\u1eddng l\u00e0 s\u1ef1 l\u1ef1a ch\u1ecdn ho\u00e0n h\u1ea3o \u0111\u1ec3 \u0111\u1ef1ng v\u00e0 b\u1ea3o qu\u1ea3n b\u00e1nh m\u00ec Vi\u1ec7t Nam ngon l\u00e0nh. V\u1edbi ch\u1ea5t li\u1ec7u gi\u1ea5y an to\u00e0n v\u00e0 thi\u1ebft k\u1ebf \u0111\u01a1n gi\u1ea3n nh\u01b0ng ti\u1ec7n l\u1ee3i, s\u1ea3n ph\u1ea9m n\u00e0y s\u1ebd l\u00e0m h\u00e0i l\u00f2ng c\u00e1c kh\u00e1ch h\u00e0ng kh\u00f3 t\u00ednh nh\u1ea5t.<\/p>\n","protected":false},"featured_media":1147,"template":"","meta":[],"product_brand":[],"product_cat":[72],"product_tag":[],"class_list":{"0":"post-1146","1":"product","2":"type-product","3":"status-publish","4":"has-post-thumbnail","6":"product_cat-san-pham-tui-banh-mi","8":"first","9":"instock","10":"virtual","11":"product-type-simple"},"_links":{"self":[{"href":"https:\/\/tuibanhmidep.com\/bai-viet\/wp-json\/wp\/v2\/product\/1146","targetHints":{"allow":["GET"]}}],"collection":[{"href":"https:\/\/tuibanhmidep.com\/bai-viet\/wp-json\/wp\/v2\/product"}],"about":[{"href":"https:\/\/tuibanhmidep.com\/bai-viet\/wp-json\/wp\/v2\/types\/product"}],"wp:featuredmedia":[{"embeddable":true,"href":"https:\/\/tuibanhmidep.com\/bai-viet\/wp-json\/wp\/v2\/media\/1147"}],"wp:attachment":[{"href":"https:\/\/tuibanhmidep.com\/bai-viet\/wp-json\/wp\/v2\/media?parent=1146"}],"wp:term":[{"taxonomy":"product_brand","embeddable":true,"href":"https:\/\/tuibanhmidep.com\/bai-viet\/wp-json\/wp\/v2\/product_brand?post=1146"},{"taxonomy":"product_cat","embeddable":true,"href":"https:\/\/tuibanhmidep.com\/bai-viet\/wp-json\/wp\/v2\/product_cat?post=1146"},{"taxonomy":"product_tag","embeddable":true,"href":"https:\/\/tuibanhmidep.com\/bai-viet\/wp-json\/wp\/v2\/product_tag?post=1146"}],"curies":[{"name":"wp","href":"https:\/\/api.w.org\/{rel}","templated":true}]}}