{"id":1116,"date":"2024-05-07T05:32:30","date_gmt":"2024-05-06T22:32:30","guid":{"rendered":"https:\/\/tuibanhmidep.com\/bai-viet\/shop\/in-30000-tui-dung-banh-mi-cach-dieu-ma-bmd_1663-giay-kraft-nhanh-chong\/"},"modified":"2024-05-07T05:32:30","modified_gmt":"2024-05-06T22:32:30","slug":"in-30000-tui-dung-banh-mi-cach-dieu-ma-bmd_1663-giay-kraft-nhanh-chong","status":"publish","type":"product","link":"https:\/\/tuibanhmidep.com\/bai-viet\/shop\/in-30000-tui-dung-banh-mi-cach-dieu-ma-bmd_1663-giay-kraft-nhanh-chong\/","title":{"rendered":"In 30000 T\u00fai \u0111\u1ef1ng b\u00e1nh m\u00ec c\u00e1ch \u0111i\u1ec7u (m\u00e3 BMD_1663) gi\u1ea5y Kraft &#8211; nhanh ch\u00f3ng"},"content":{"rendered":"<h2>T\u00fai \u0111\u1ef1ng b\u00e1nh m\u00ec c\u00e1ch \u0111i\u1ec7u gi\u1ea5y Kraft<\/h2>\n<p>T\u00fai \u0111\u1ef1ng b\u00e1nh m\u00ec c\u00e1ch \u0111i\u1ec7u (m\u00e3 BMD_1663) \u0111\u01b0\u1ee3c l\u00e0m t\u1eeb ch\u1ea5t li\u1ec7u gi\u1ea5y Kraft an to\u00e0n s\u1eed d\u1ee5ng cho th\u1ef1c ph\u1ea9m, \u0111\u1ea3m b\u1ea3o an to\u00e0n v\u00e0 ti\u1ec7n l\u1ee3i cho ng\u01b0\u1eddi s\u1eed d\u1ee5ng. V\u1edbi thi\u1ebft k\u1ebf \u0111\u1ed9c \u0111\u00e1o v\u00e0 c\u00e1ch \u0111i\u1ec7u, t\u00fai gi\u1ea5y n\u00e0y kh\u00f4ng ch\u1ec9 gi\u1eef cho b\u00e1nh m\u00ec \u0111\u01b0\u1ee3c b\u1ea3o qu\u1ea3n t\u1ed1t m\u00e0 c\u00f2n t\u1ea1o \u0111i\u1ec3m nh\u1ea5n cho s\u1ea3n ph\u1ea9m.<\/p>\n<h3>\u0110\u1eb7c \u0111i\u1ec3m c\u1ee7a t\u00fai \u0111\u1ef1ng b\u00e1nh m\u00ec c\u00e1ch \u0111i\u1ec7u (m\u00e3 BMD_1663)<\/h3>\n<p>&#8211; T\u00fai b\u00e1nh m\u00ec l\u00e0 s\u1ea3n ph\u1ea9m \u0111\u01b0\u1ee3c l\u00e0m t\u1eeb gi\u1ea5y an to\u00e0n s\u1eed d\u1ee5ng cho th\u1ef1c ph\u1ea9m, \u0111\u1ea3m b\u1ea3o an to\u00e0n cho ng\u01b0\u1eddi ti\u00eau d\u00f9ng.<\/p>\n<p>&#8211; T\u00fai b\u00e1nh m\u00ec kh\u00f4ng \u0103n \u0111\u01b0\u1ee3c, \u0111\u1ea3m b\u1ea3o v\u1ec7 sinh v\u00e0 an to\u00e0n th\u1ef1c ph\u1ea9m.<\/p>\n<p>&#8211; T\u00fai b\u00e1nh m\u00ec kh\u00f4ng c\u00f3 quai x\u00e1ch, t\u1ea1o s\u1ef1 thu\u1eadn ti\u1ec7n trong vi\u1ec7c b\u1ea3o qu\u1ea3n v\u00e0 v\u1eadn chuy\u1ec3n.<\/p>\n<p>&#8211; T\u00fai b\u00e1nh m\u00ec ch\u1ec9 \u0111\u1ef1ng \u0111\u01b0\u1ee3c 1 \u1ed5 b\u00e1nh m\u00ec Vi\u1ec7t Nam, ph\u00f9 h\u1ee3p v\u1edbi k\u00edch th\u01b0\u1edbc chu\u1ea9n c\u1ee7a b\u00e1nh m\u00ec.<\/p>\n<p>&#8211; K\u00edch th\u01b0\u1edbc c\u1ee7a t\u00fai b\u00e1nh m\u00ec th\u01b0\u1eddng l\u00e0 ngang 9.5cm, cao 24.5cm v\u00e0 2 b\u00ean h\u00f4ng r\u1ed9ng 4.5cm, ph\u00f9 h\u1ee3p v\u1edbi k\u00edch th\u01b0\u1edbc chu\u1ea9n c\u1ee7a b\u00e1nh m\u00ec.<\/p>\n<p>&#8211; T\u00fai b\u00e1nh m\u00ec c\u00f2n c\u00f3 c\u00e1c t\u00ean g\u1ecdi kh\u00e1c nh\u01b0: bao b\u00e1nh m\u00ec, gi\u1ea5y g\u00f3i b\u00e1nh m\u00ec, t\u00fai gi\u1ea5y \u0111\u1ef1ng b\u00e1nh m\u00ec, ph\u1ea3n \u00e1nh s\u1ef1 \u0111a d\u1ea1ng v\u00e0 ph\u1ed5 bi\u1ebfn c\u1ee7a s\u1ea3n ph\u1ea9m.<\/p>\n<h3>T\u00fai \u0111\u1ef1ng b\u00e1nh m\u00ec c\u00e1ch \u0111i\u1ec7u gi\u1ea5y Kraft &#8211; L\u1ef1a ch\u1ecdn nhanh ch\u00f3ng cho doanh nghi\u1ec7p<\/h3>\n<p>T\u00fai \u0111\u1ef1ng b\u00e1nh m\u00ec c\u00e1ch \u0111i\u1ec7u (m\u00e3 BMD_1663) gi\u1ea5y Kraft kh\u00f4ng ch\u1ec9 l\u00e0 l\u1ef1a ch\u1ecdn ho\u00e0n h\u1ea3o cho c\u00e1c c\u1eeda h\u00e0ng b\u00e1nh m\u00ec, qu\u00e1n \u0103n m\u00e0 c\u00f2n ph\u00f9 h\u1ee3p cho c\u00e1c doanh nghi\u1ec7p trong ng\u00e0nh c\u00f4ng nghi\u1ec7p th\u1ef1c ph\u1ea9m. V\u1edbi ch\u1ea5t l\u01b0\u1ee3ng \u0111\u1ea3m b\u1ea3o v\u00e0 thi\u1ebft k\u1ebf \u0111\u1ed9c \u0111\u00e1o, s\u1ea3n ph\u1ea9m n\u00e0y s\u1ebd l\u00e0m t\u0103ng gi\u00e1 tr\u1ecb cho th\u01b0\u01a1ng hi\u1ec7u v\u00e0 thu h\u00fat kh\u00e1ch h\u00e0ng.<\/p>\n<h3>Li\u00ean h\u1ec7 \u0111\u1eb7t h\u00e0ng<\/h3>\n<p>\u0110\u1ec3 \u0111\u1eb7t h\u00e0ng v\u00e0 bi\u1ebft th\u00eam chi ti\u1ebft v\u1ec1 t\u00fai \u0111\u1ef1ng b\u00e1nh m\u00ec c\u00e1ch \u0111i\u1ec7u gi\u1ea5y Kraft, vui l\u00f2ng li\u00ean h\u1ec7:<\/p>\n<p>&#8211; \u0110\u1ecba ch\u1ec9: [\u0110\u1ecba ch\u1ec9 c\u1ee7a b\u1ea1n]\n<p>&#8211; S\u1ed1 \u0111i\u1ec7n tho\u1ea1i: [S\u1ed1 \u0111i\u1ec7n tho\u1ea1i c\u1ee7a b\u1ea1n]\n<p>&#8211; Email: [Email c\u1ee7a b\u1ea1n]\n","protected":false},"excerpt":{"rendered":"<p>K\u00edch th\u01b0\u1edbc 9.5&#215;4.5x24cm, \u0111\u1ecbnh l\u01b0\u1ee3ng gi\u1ea5y 50gsm. T\u00fai \u0111\u1ef1ng b\u00e1nh m\u00ec l\u00e0 m\u1ed9t s\u1ea3n ph\u1ea9m kh\u00f4ng th\u1ec3 thi\u1ebfu trong ng\u00e0nh c\u00f4ng nghi\u1ec7p th\u1ef1c ph\u1ea9m, mang l\u1ea1i s\u1ef1 ti\u1ec7n l\u1ee3i v\u00e0 b\u1ea3o v\u1ec7 s\u1ea3n ph\u1ea9m trong qu\u00e1 tr\u00ecnh v\u1eadn chuy\u1ec3n v\u00e0 b\u1ea3o qu\u1ea3n.<\/p>\n","protected":false},"featured_media":1117,"template":"","meta":[],"product_brand":[],"product_cat":[72],"product_tag":[],"class_list":{"0":"post-1116","1":"product","2":"type-product","3":"status-publish","4":"has-post-thumbnail","6":"product_cat-san-pham-tui-banh-mi","8":"first","9":"instock","10":"virtual","11":"product-type-simple"},"_links":{"self":[{"href":"https:\/\/tuibanhmidep.com\/bai-viet\/wp-json\/wp\/v2\/product\/1116","targetHints":{"allow":["GET"]}}],"collection":[{"href":"https:\/\/tuibanhmidep.com\/bai-viet\/wp-json\/wp\/v2\/product"}],"about":[{"href":"https:\/\/tuibanhmidep.com\/bai-viet\/wp-json\/wp\/v2\/types\/product"}],"wp:featuredmedia":[{"embeddable":true,"href":"https:\/\/tuibanhmidep.com\/bai-viet\/wp-json\/wp\/v2\/media\/1117"}],"wp:attachment":[{"href":"https:\/\/tuibanhmidep.com\/bai-viet\/wp-json\/wp\/v2\/media?parent=1116"}],"wp:term":[{"taxonomy":"product_brand","embeddable":true,"href":"https:\/\/tuibanhmidep.com\/bai-viet\/wp-json\/wp\/v2\/product_brand?post=1116"},{"taxonomy":"product_cat","embeddable":true,"href":"https:\/\/tuibanhmidep.com\/bai-viet\/wp-json\/wp\/v2\/product_cat?post=1116"},{"taxonomy":"product_tag","embeddable":true,"href":"https:\/\/tuibanhmidep.com\/bai-viet\/wp-json\/wp\/v2\/product_tag?post=1116"}],"curies":[{"name":"wp","href":"https:\/\/api.w.org\/{rel}","templated":true}]}}