{"id":1095,"date":"2024-05-06T20:55:04","date_gmt":"2024-05-06T13:55:04","guid":{"rendered":"https:\/\/tuibanhmidep.com\/bai-viet\/shop\/in-70000-tui-dung-banh-mi-tien-loi-ma-bmd_8724-giay-tham-dau-sieu-hieu-qua\/"},"modified":"2024-05-06T20:55:04","modified_gmt":"2024-05-06T13:55:04","slug":"in-70000-tui-dung-banh-mi-tien-loi-ma-bmd_8724-giay-tham-dau-sieu-hieu-qua","status":"publish","type":"product","link":"https:\/\/tuibanhmidep.com\/bai-viet\/shop\/in-70000-tui-dung-banh-mi-tien-loi-ma-bmd_8724-giay-tham-dau-sieu-hieu-qua\/","title":{"rendered":"In 70000 T\u00fai \u0110\u1ef1ng B\u00e1nh M\u00ec Ti\u1ec7n L\u1ee3i (M\u00e3 BMD_8724) &#8211; Gi\u1ea5y Th\u1ea5m D\u1ea7u Si\u00eau Hi\u1ec7u Qu\u1ea3"},"content":{"rendered":"<h2>T\u00ednh N\u0103ng V\u01b0\u1ee3t Tr\u1ed9i<\/h2>\n<p><strong>T\u00fai b\u00e1nh m\u00ec l\u00e0 m\u1ed9t ph\u1ea7n kh\u00f4ng th\u1ec3 thi\u1ebfu trong vi\u1ec7c \u0111\u00f3ng g\u00f3i v\u00e0 v\u1eadn chuy\u1ec3n b\u00e1nh m\u00ec m\u1ed9t c\u00e1ch an to\u00e0n v\u00e0 ti\u1ec7n l\u1ee3i.<\/strong> S\u1ea3n ph\u1ea9m \u0111\u01b0\u1ee3c l\u00e0m t\u1eeb ch\u1ea5t li\u1ec7u gi\u1ea5y an to\u00e0n s\u1eed d\u1ee5ng cho th\u1ef1c ph\u1ea9m, \u0111\u1ea3m b\u1ea3o an to\u00e0n cho s\u1ee9c kh\u1ecfe c\u1ee7a ng\u01b0\u1eddi ti\u00eau d\u00f9ng. V\u1edbi kh\u1ea3 n\u0103ng th\u1ea5m d\u1ea7u si\u00eau hi\u1ec7u qu\u1ea3, t\u00fai gi\u00fap b\u1ea3o qu\u1ea3n b\u00e1nh m\u00ec lu\u00f4n gi\u00f2n ngon v\u00e0 kh\u00f4ng b\u1ecb ng\u1ea5m d\u1ea7u, \u0111\u1ed3ng th\u1eddi gi\u1eef cho tay b\u1ea1n lu\u00f4n s\u1ea1ch s\u1ebd khi th\u01b0\u1edfng th\u1ee9c b\u00e1nh m\u00ec.<\/p>\n<h3>Thi\u1ebft K\u1ebf Ti\u1ec7n L\u1ee3i<\/h3>\n<p>T\u00fai \u0111\u1ef1ng b\u00e1nh m\u00ec kh\u00f4ng ch\u1ec9 l\u00e0 l\u1ef1a ch\u1ecdn an to\u00e0n m\u00e0 c\u00f2n mang l\u1ea1i s\u1ef1 ti\u1ec7n l\u1ee3i cho ng\u01b0\u1eddi s\u1eed d\u1ee5ng. V\u1edbi k\u00edch th\u01b0\u1edbc ph\u00f9 h\u1ee3p, t\u00fai b\u00e1nh m\u00ec ch\u1ec9 \u0111\u1ef1ng \u0111\u01b0\u1ee3c m\u1ed9t \u1ed5 b\u00e1nh m\u00ec Vi\u1ec7t Nam, gi\u00fap b\u1ea3o qu\u1ea3n b\u00e1nh m\u00ec m\u1ed9t c\u00e1ch t\u1ed1t nh\u1ea5t. Kh\u00f4ng c\u00f3 quai x\u00e1ch, t\u00fai gi\u00fap b\u00e1nh m\u00ec \u0111\u01b0\u1ee3c b\u1ea3o qu\u1ea3n m\u1ed9t c\u00e1ch an to\u00e0n m\u00e0 kh\u00f4ng l\u00e0m bi\u1ebfn d\u1ea1ng h\u00ecnh d\u00e1ng c\u1ee7a s\u1ea3n ph\u1ea9m.<\/p>\n<h3>\u0110a D\u1ea1ng T\u00ean G\u1ecdi<\/h3>\n<p>B\u00ean c\u1ea1nh c\u00e1i t\u00ean &#8220;t\u00fai \u0111\u1ef1ng b\u00e1nh m\u00ec&#8221;, s\u1ea3n ph\u1ea9m c\u00f2n c\u00f3 c\u00e1c t\u00ean g\u1ecdi kh\u00e1c nh\u01b0 &#8220;bao b\u00e1nh m\u00ec&#8221;, &#8220;gi\u1ea5y g\u00f3i b\u00e1nh m\u00ec&#8221; hay &#8220;t\u00fai gi\u1ea5y \u0111\u1ef1ng b\u00e1nh m\u00ec&#8221;. \u0110i\u1ec1u n\u00e0y th\u1ec3 hi\u1ec7n s\u1ef1 \u0111a d\u1ea1ng v\u00e0 phong ph\u00fa trong c\u00e1ch g\u1ecdi c\u1ee7a ng\u01b0\u1eddi ti\u00eau d\u00f9ng, nh\u01b0ng \u0111\u1ec1u ch\u1ec9 v\u1ec1 m\u1ed9t s\u1ea3n ph\u1ea9m ch\u1ea5t l\u01b0\u1ee3ng v\u00e0 ti\u1ec7n l\u1ee3i cho vi\u1ec7c \u0111\u00f3ng g\u00f3i b\u00e1nh m\u00ec.<\/p>\n<h2>Ph\u00f9 H\u1ee3p V\u1edbi Nhu C\u1ea7u S\u1eed D\u1ee5ng<\/h2>\n<p>V\u1edbi nh\u1eefng \u0111\u1eb7c \u0111i\u1ec3m v\u01b0\u1ee3t tr\u1ed9i v\u00e0 thi\u1ebft k\u1ebf ti\u1ec7n l\u1ee3i, t\u00fai \u0111\u1ef1ng b\u00e1nh m\u00ec m\u00e3 BMD_8724 l\u00e0 s\u1ef1 l\u1ef1a ch\u1ecdn ho\u00e0n h\u1ea3o cho c\u00e1c c\u1eeda h\u00e0ng b\u00e1nh m\u00ec, qu\u00e1n \u0103n nhanh v\u00e0 ng\u01b0\u1eddi ti\u00eau d\u00f9ng c\u00e1 nh\u00e2n. S\u1ea3n ph\u1ea9m kh\u00f4ng ch\u1ec9 mang l\u1ea1i s\u1ef1 ti\u1ec7n l\u1ee3i trong vi\u1ec7c b\u1ea3o qu\u1ea3n v\u00e0 v\u1eadn chuy\u1ec3n b\u00e1nh m\u00ec m\u00e0 c\u00f2n \u0111\u1ea3m b\u1ea3o an to\u00e0n v\u1ec7 sinh th\u1ef1c ph\u1ea9m cho ng\u01b0\u1eddi ti\u00eau d\u00f9ng.<\/p>\n","protected":false},"excerpt":{"rendered":"<p>K\u00edch th\u01b0\u1edbc 9.5&#215;4.5x24cm, \u0111\u1ecbnh l\u01b0\u1ee3ng gi\u1ea5y 50gsm. T\u00fai \u0111\u1ef1ng b\u00e1nh m\u00ec ti\u1ec7n l\u1ee3i (m\u00e3 BMD_8724) l\u00e0 gi\u1ea3i ph\u00e1p ho\u00e0n h\u1ea3o cho vi\u1ec7c \u0111\u00f3ng g\u00f3i v\u00e0 b\u1ea3o qu\u1ea3n b\u00e1nh m\u00ec m\u1ed9t c\u00e1ch an to\u00e0n v\u00e0 ti\u1ec7n l\u1ee3i.<\/p>\n","protected":false},"featured_media":1096,"template":"","meta":[],"product_brand":[],"product_cat":[72],"product_tag":[],"class_list":{"0":"post-1095","1":"product","2":"type-product","3":"status-publish","4":"has-post-thumbnail","6":"product_cat-san-pham-tui-banh-mi","8":"first","9":"instock","10":"virtual","11":"product-type-simple"},"_links":{"self":[{"href":"https:\/\/tuibanhmidep.com\/bai-viet\/wp-json\/wp\/v2\/product\/1095","targetHints":{"allow":["GET"]}}],"collection":[{"href":"https:\/\/tuibanhmidep.com\/bai-viet\/wp-json\/wp\/v2\/product"}],"about":[{"href":"https:\/\/tuibanhmidep.com\/bai-viet\/wp-json\/wp\/v2\/types\/product"}],"wp:featuredmedia":[{"embeddable":true,"href":"https:\/\/tuibanhmidep.com\/bai-viet\/wp-json\/wp\/v2\/media\/1096"}],"wp:attachment":[{"href":"https:\/\/tuibanhmidep.com\/bai-viet\/wp-json\/wp\/v2\/media?parent=1095"}],"wp:term":[{"taxonomy":"product_brand","embeddable":true,"href":"https:\/\/tuibanhmidep.com\/bai-viet\/wp-json\/wp\/v2\/product_brand?post=1095"},{"taxonomy":"product_cat","embeddable":true,"href":"https:\/\/tuibanhmidep.com\/bai-viet\/wp-json\/wp\/v2\/product_cat?post=1095"},{"taxonomy":"product_tag","embeddable":true,"href":"https:\/\/tuibanhmidep.com\/bai-viet\/wp-json\/wp\/v2\/product_tag?post=1095"}],"curies":[{"name":"wp","href":"https:\/\/api.w.org\/{rel}","templated":true}]}}