{"id":1089,"date":"2024-05-06T20:43:25","date_gmt":"2024-05-06T13:43:25","guid":{"rendered":"https:\/\/tuibanhmidep.com\/bai-viet\/shop\/in-40000-tui-giay-banh-mi-eco-friendly-ma-bmd_2488-giay-thuc-pham-gia-re-toi-da\/"},"modified":"2024-05-06T20:43:25","modified_gmt":"2024-05-06T13:43:25","slug":"in-40000-tui-giay-banh-mi-eco-friendly-ma-bmd_2488-giay-thuc-pham-gia-re-toi-da","status":"publish","type":"product","link":"https:\/\/tuibanhmidep.com\/bai-viet\/shop\/in-40000-tui-giay-banh-mi-eco-friendly-ma-bmd_2488-giay-thuc-pham-gia-re-toi-da\/","title":{"rendered":"In 40000 T\u00fai Gi\u1ea5y B\u00e1nh M\u00ec Eco-Friendly (M\u00e3 BMD_2488) &#8211; Gi\u1ea5y Th\u1ef1c Ph\u1ea9m &#8211; Gi\u00e1 R\u1ebb T\u1ed1i \u0110a"},"content":{"rendered":"<h2>T\u00fai Gi\u1ea5y B\u00e1nh M\u00ec Eco-Friendly (M\u00e3 BMD_2488)<\/h2>\n<p>T\u00fai gi\u1ea5y b\u00e1nh m\u00ec eco-friendly m\u00e3 BMD_2488 l\u00e0 l\u1ef1a ch\u1ecdn ho\u00e0n h\u1ea3o cho vi\u1ec7c \u0111\u1ef1ng b\u00e1nh m\u00ec Vi\u1ec7t Nam c\u1ee7a b\u1ea1n. V\u1edbi ch\u1ea5t li\u1ec7u gi\u1ea5y th\u1ef1c ph\u1ea9m an to\u00e0n, t\u00fai gi\u1ea5y n\u00e0y kh\u00f4ng ch\u1ec9 \u0111\u1ea3m b\u1ea3o s\u1ef1 s\u1ea1ch s\u1ebd v\u00e0 an to\u00e0n cho th\u1ef1c ph\u1ea9m m\u00e0 c\u00f2n ph\u1ea3n \u00e1nh cam k\u1ebft c\u1ee7a b\u1ea1n trong vi\u1ec7c b\u1ea3o v\u1ec7 m\u00f4i tr\u01b0\u1eddng.<\/p>\n<h3>\u0110\u1eb7c \u0110i\u1ec3m Ch\u00ednh<\/h3>\n<ul>\n<li>T\u00fai gi\u1ea5y b\u00e1nh m\u00ec l\u00e0m t\u1eeb gi\u1ea5y an to\u00e0n s\u1eed d\u1ee5ng cho th\u1ef1c ph\u1ea9m, kh\u00f4ng g\u00e2y h\u1ea1i cho s\u1ee9c kh\u1ecfe khi ti\u1ebfp x\u00fac v\u1edbi th\u1ef1c ph\u1ea9m.<\/li>\n<li>Kh\u00f4ng \u0103n \u0111\u01b0\u1ee3c, \u0111\u1ea3m b\u1ea3o an to\u00e0n cho ng\u01b0\u1eddi ti\u00eau d\u00f9ng.<\/li>\n<li>Kh\u00f4ng c\u00f3 quai x\u00e1ch, th\u00edch h\u1ee3p cho vi\u1ec7c \u0111\u1ef1ng v\u00e0 b\u1ea3o qu\u1ea3n b\u00e1nh m\u00ec.<\/li>\n<li>Ch\u1ec9 \u0111\u1ef1ng \u0111\u01b0\u1ee3c 1 \u1ed5 b\u00e1nh m\u00ec Vi\u1ec7t Nam, ph\u00f9 h\u1ee3p v\u1edbi k\u00edch th\u01b0\u1edbc chu\u1ea9n.<\/li>\n<li>K\u00edch th\u01b0\u1edbc ngang 9.5cm, cao 24.5cm v\u00e0 2 b\u00ean h\u00f4ng r\u1ed9ng 4.5cm, ph\u00f9 h\u1ee3p v\u1edbi \u0111a s\u1ed1 lo\u1ea1i b\u00e1nh m\u00ec tr\u00ean th\u1ecb tr\u01b0\u1eddng.<\/li>\n<li>C\u00f3 c\u00e1c t\u00ean g\u1ecdi kh\u00e1c nh\u01b0: bao b\u00e1nh m\u00ec, gi\u1ea5y g\u00f3i b\u00e1nh m\u00ec, t\u00fai gi\u1ea5y \u0111\u1ef1ng b\u00e1nh m\u00ec.<\/li>\n<\/ul>\n<h3>Gi\u00e1 R\u1ebb T\u1ed1i \u0110a<\/h3>\n<p>Kh\u00f4ng ch\u1ec9 l\u00e0 s\u1ea3n ph\u1ea9m ch\u1ea5t l\u01b0\u1ee3ng v\u1edbi ch\u1ea5t li\u1ec7u gi\u1ea5y th\u1ef1c ph\u1ea9m an to\u00e0n, t\u00fai gi\u1ea5y b\u00e1nh m\u00ec eco-friendly m\u00e3 BMD_2488 c\u00f2n mang \u0111\u1ebfn s\u1ef1 ti\u1ec7n l\u1ee3i v\u1edbi m\u1ee9c gi\u00e1 h\u1ee3p l\u00fd. V\u1edbi cam k\u1ebft gi\u00e1 r\u1ebb t\u1ed1i \u0111a, b\u1ea1n c\u00f3 th\u1ec3 y\u00ean t\u00e2m v\u1ec1 chi ph\u00ed m\u00e0 v\u1eabn \u0111\u1ea3m b\u1ea3o \u0111\u01b0\u1ee3c ch\u1ea5t l\u01b0\u1ee3ng s\u1ea3n ph\u1ea9m.<\/p>\n<h3>\u1ee8ng D\u1ee5ng<\/h3>\n<p>T\u00fai gi\u1ea5y \u0111\u1ef1ng b\u00e1nh m\u00ec kh\u00f4ng ch\u1ec9 d\u00e0nh cho c\u00e1c c\u1eeda h\u00e0ng b\u00e1nh m\u00ec, qu\u00e1n \u0103n m\u00e0 c\u00f2n ph\u00f9 h\u1ee3p cho c\u00e1c s\u1ef1 ki\u1ec7n picnic, ti\u1ec7c ngo\u00e0i tr\u1eddi, ho\u1eb7c mang \u0111i l\u00e0m cho nh\u1eefng b\u1eefa tr\u01b0a nhanh g\u1ecdn v\u00e0 ti\u1ec7n l\u1ee3i.<\/p>\n","protected":false},"excerpt":{"rendered":"<p>K\u00edch th\u01b0\u1edbc 9.5&#215;4.5x24cm, \u0111\u1ecbnh l\u01b0\u1ee3ng gi\u1ea5y 50gsm. T\u00fai gi\u1ea5y \u0111\u1ef1ng b\u00e1nh m\u00ec, s\u1ea3n ph\u1ea9m kh\u00f4ng ch\u1ec9 \u0111\u1ea3m b\u1ea3o an to\u00e0n v\u1ec7 sinh th\u1ef1c ph\u1ea9m m\u00e0 c\u00f2n g\u00f3p ph\u1ea7n v\u00e0o vi\u1ec7c b\u1ea3o v\u1ec7 m\u00f4i tr\u01b0\u1eddng v\u1edbi ch\u1ea5t li\u1ec7u eco-friendly.<\/p>\n","protected":false},"featured_media":1090,"template":"","meta":[],"product_brand":[],"product_cat":[72],"product_tag":[],"class_list":{"0":"post-1089","1":"product","2":"type-product","3":"status-publish","4":"has-post-thumbnail","6":"product_cat-san-pham-tui-banh-mi","8":"first","9":"instock","10":"virtual","11":"product-type-simple"},"_links":{"self":[{"href":"https:\/\/tuibanhmidep.com\/bai-viet\/wp-json\/wp\/v2\/product\/1089","targetHints":{"allow":["GET"]}}],"collection":[{"href":"https:\/\/tuibanhmidep.com\/bai-viet\/wp-json\/wp\/v2\/product"}],"about":[{"href":"https:\/\/tuibanhmidep.com\/bai-viet\/wp-json\/wp\/v2\/types\/product"}],"wp:featuredmedia":[{"embeddable":true,"href":"https:\/\/tuibanhmidep.com\/bai-viet\/wp-json\/wp\/v2\/media\/1090"}],"wp:attachment":[{"href":"https:\/\/tuibanhmidep.com\/bai-viet\/wp-json\/wp\/v2\/media?parent=1089"}],"wp:term":[{"taxonomy":"product_brand","embeddable":true,"href":"https:\/\/tuibanhmidep.com\/bai-viet\/wp-json\/wp\/v2\/product_brand?post=1089"},{"taxonomy":"product_cat","embeddable":true,"href":"https:\/\/tuibanhmidep.com\/bai-viet\/wp-json\/wp\/v2\/product_cat?post=1089"},{"taxonomy":"product_tag","embeddable":true,"href":"https:\/\/tuibanhmidep.com\/bai-viet\/wp-json\/wp\/v2\/product_tag?post=1089"}],"curies":[{"name":"wp","href":"https:\/\/api.w.org\/{rel}","templated":true}]}}