{"id":1071,"date":"2024-05-06T20:09:59","date_gmt":"2024-05-06T13:09:59","guid":{"rendered":"https:\/\/tuibanhmidep.com\/bai-viet\/shop\/in-10000-tui-banh-mi-ma-bmd_669-giay-tham-dau-sieu-hieu-qua-theo-yeu-cau-dac-biet\/"},"modified":"2024-05-06T20:10:00","modified_gmt":"2024-05-06T13:10:00","slug":"in-10000-tui-banh-mi-ma-bmd_669-giay-tham-dau-sieu-hieu-qua-theo-yeu-cau-dac-biet","status":"publish","type":"product","link":"https:\/\/tuibanhmidep.com\/bai-viet\/shop\/in-10000-tui-banh-mi-ma-bmd_669-giay-tham-dau-sieu-hieu-qua-theo-yeu-cau-dac-biet\/","title":{"rendered":"In 10000 T\u00fai B\u00e1nh M\u00ec (M\u00e3 BMD_669) Gi\u1ea5y Th\u1ea5m D\u1ea7u Si\u00eau Hi\u1ec7u Qu\u1ea3 &#8211; Theo Y\u00eau C\u1ea7u \u0110\u1eb7c Bi\u1ec7t"},"content":{"rendered":"<h2>Gi\u1edbi Thi\u1ec7u V\u1ec1 T\u00fai B\u00e1nh M\u00ec Gi\u1ea5y BMD_669<\/h2>\n<p>T\u00fai b\u00e1nh m\u00ec gi\u1ea5y BMD_669 l\u00e0 m\u1ed9t gi\u1ea3i ph\u00e1p \u0111a n\u0103ng cho vi\u1ec7c \u0111\u1ef1ng b\u00e1nh m\u00ec m\u1ed9t c\u00e1ch ti\u1ec7n l\u1ee3i v\u00e0 an to\u00e0n. V\u1edbi kh\u1ea3 n\u0103ng th\u1ea5m d\u1ea7u si\u00eau hi\u1ec7u qu\u1ea3, s\u1ea3n ph\u1ea9m n\u00e0y gi\u00fap b\u1ea3o qu\u1ea3n b\u00e1nh m\u00ec lu\u00f4n gi\u00f2n ngon v\u00e0 kh\u00f4ng b\u1ecb \u01b0\u1edbt nhem, \u0111\u1ea3m b\u1ea3o ch\u1ea5t l\u01b0\u1ee3ng th\u1ef1c ph\u1ea9m.<\/p>\n<h3>Th\u00f4ng Tin Quan Tr\u1ecdng V\u1ec1 T\u00fai B\u00e1nh M\u00ec Gi\u1ea5y<\/h3>\n<p><strong>Ch\u1ea5t Li\u1ec7u An To\u00e0n:<\/strong> T\u00fai b\u00e1nh m\u00ec gi\u1ea5y BMD_669 \u0111\u01b0\u1ee3c l\u00e0m t\u1eeb gi\u1ea5y an to\u00e0n s\u1eed d\u1ee5ng cho th\u1ef1c ph\u1ea9m, \u0111\u1ea3m b\u1ea3o an to\u00e0n cho s\u1ee9c kh\u1ecfe c\u1ee7a ng\u01b0\u1eddi s\u1eed d\u1ee5ng.<\/p>\n<p><strong>Kh\u00f4ng \u0102n \u0110\u01b0\u1ee3c:<\/strong> V\u1edbi ch\u1ea5t li\u1ec7u gi\u1ea5y an to\u00e0n, t\u00fai b\u00e1nh m\u00ec n\u00e0y kh\u00f4ng g\u00e2y h\u1ea1i khi ti\u1ebfp x\u00fac v\u1edbi th\u1ef1c ph\u1ea9m, tuy nhi\u00ean, n\u00f3 kh\u00f4ng ph\u00f9 h\u1ee3p \u0111\u1ec3 \u0103n.<\/p>\n<p><strong>Kh\u00f4ng Quai X\u00e1ch:<\/strong> T\u00fai b\u00e1nh m\u00ec gi\u1ea5y BMD_669 \u0111\u01b0\u1ee3c thi\u1ebft k\u1ebf kh\u00f4ng c\u00f3 quai x\u00e1ch, gi\u00fap gi\u1eef cho b\u00e1nh m\u00ec \u0111\u01b0\u1ee3c b\u1ea3o qu\u1ea3n m\u1ed9t c\u00e1ch ch\u1eafc ch\u1eafn.<\/p>\n<p><strong>Ch\u1ec9 \u0110\u1ef1ng \u0110\u01b0\u1ee3c 1 \u1ed4 B\u00e1nh M\u00ec Vi\u1ec7t Nam:<\/strong> V\u1edbi k\u00edch th\u01b0\u1edbc ph\u1ed5 bi\u1ebfn, t\u00fai b\u00e1nh m\u00ec n\u00e0y ch\u1ec9 \u0111\u1ef1ng \u0111\u01b0\u1ee3c m\u1ed9t \u1ed5 b\u00e1nh m\u00ec Vi\u1ec7t Nam th\u00f4ng th\u01b0\u1eddng.<\/p>\n<p><strong>K\u00edch Th\u01b0\u1edbc:<\/strong> T\u00fai b\u00e1nh m\u00ec gi\u1ea5y BMD_669 th\u01b0\u1eddng c\u00f3 k\u00edch th\u01b0\u1edbc ngang 9.5cm, cao 24.5cm v\u00e0 2 b\u00ean h\u00f4ng r\u1ed9ng 4.5cm, ph\u00f9 h\u1ee3p cho nhi\u1ec1u lo\u1ea1i b\u00e1nh m\u00ec.<\/p>\n<p><strong>T\u00ean G\u1ecdi Kh\u00e1c:<\/strong> Ngo\u00e0i t\u00ean g\u1ecdi ch\u00ednh l\u00e0 t\u00fai b\u00e1nh m\u00ec, s\u1ea3n ph\u1ea9m n\u00e0y c\u00f2n \u0111\u01b0\u1ee3c bi\u1ebft \u0111\u1ebfn v\u1edbi c\u00e1c t\u00ean g\u1ecdi kh\u00e1c nh\u01b0 bao b\u00e1nh m\u00ec, gi\u1ea5y g\u00f3i b\u00e1nh m\u00ec, t\u00fai gi\u1ea5y \u0111\u1ef1ng b\u00e1nh m\u00ec.<\/p>\n<h3>L\u1ee3i \u00cdch c\u1ee7a T\u00fai B\u00e1nh M\u00ec Gi\u1ea5y BMD_669<\/h3>\n<p>T\u00fai b\u00e1nh m\u00ec gi\u1ea5y BMD_669 kh\u00f4ng ch\u1ec9 l\u00e0 m\u1ed9t s\u1ea3n ph\u1ea9m \u0111\u01a1n thu\u1ea7n \u0111\u1ec3 \u0111\u1ef1ng b\u00e1nh m\u00ec m\u00e0 c\u00f2n l\u00e0 m\u1ed9t c\u00f4ng c\u1ee5 gi\u00fap n\u00e2ng cao tr\u1ea3i nghi\u1ec7m c\u1ee7a ng\u01b0\u1eddi ti\u00eau d\u00f9ng:<\/p>\n<ul>\n<li>Gi\u1eef cho b\u00e1nh m\u00ec lu\u00f4n gi\u00f2n ngon v\u00e0 kh\u00f4ng b\u1ecb \u01b0\u1edbt nhem nh\u1edd kh\u1ea3 n\u0103ng th\u1ea5m d\u1ea7u si\u00eau hi\u1ec7u qu\u1ea3.<\/li>\n<li>Ti\u1ec7n l\u1ee3i cho vi\u1ec7c mang b\u00e1nh m\u00ec \u0111i xa ho\u1eb7c mang \u0111i picnic, d\u00e3 ngo\u1ea1i.<\/li>\n<li>Thi\u1ebft k\u1ebf kh\u00f4ng quai x\u00e1ch gi\u00fap b\u1ea3o qu\u1ea3n b\u00e1nh m\u00ec m\u1ed9t c\u00e1ch an to\u00e0n v\u00e0 ch\u1eafc ch\u1eafn.<\/li>\n<li>S\u1ea3n ph\u1ea9m ph\u00f9 h\u1ee3p cho nhi\u1ec1u lo\u1ea1i b\u00e1nh m\u00ec v\u00e0 d\u1ec5 d\u00e0ng s\u1eed d\u1ee5ng.<\/li>\n<\/ul>\n<h3>\u0110\u00e1p \u1ee8ng Y\u00eau C\u1ea7u \u0110\u1eb7c Bi\u1ec7t<\/h3>\n<p>V\u1edbi m\u00e3 s\u1ea3n ph\u1ea9m BMD_669, t\u00fai b\u00e1nh m\u00ec gi\u1ea5y n\u00e0y cam k\u1ebft \u0111\u00e1p \u1ee9ng m\u1ecdi y\u00eau c\u1ea7u \u0111\u1eb7c bi\u1ec7t c\u1ee7a kh\u00e1ch h\u00e0ng. Cho d\u00f9 \u0111\u00f3 l\u00e0 y\u00eau c\u1ea7u v\u1ec1 ch\u1ea5t l\u01b0\u1ee3ng, k\u00edch th\u01b0\u1edbc, ho\u1eb7c s\u1ed1 l\u01b0\u1ee3ng, ch\u00fang t\u00f4i lu\u00f4n s\u1eb5n l\u00f2ng ph\u1ee5c v\u1ee5 v\u00e0 \u0111\u1ea3m b\u1ea3o s\u1ef1 h\u00e0i l\u00f2ng t\u1ed1i \u0111a.<\/p>\n","protected":false},"excerpt":{"rendered":"<p>K\u00edch th\u01b0\u1edbc 9.5&#215;4.5x24cm, \u0111\u1ecbnh l\u01b0\u1ee3ng gi\u1ea5y 50gsm. T\u00fai b\u00e1nh m\u00ec l\u00e0 gi\u1ea3i ph\u00e1p l\u00fd t\u01b0\u1edfng cho vi\u1ec7c \u0111\u1ef1ng v\u00e0 b\u1ea3o qu\u1ea3n b\u00e1nh m\u00ec m\u1ed9t c\u00e1ch an to\u00e0n v\u00e0 ti\u1ec7n l\u1ee3i. V\u1edbi m\u00e3 s\u1ea3n ph\u1ea9m BMD_669, t\u00fai b\u00e1nh m\u00ec gi\u1ea5y th\u1ea5m d\u1ea7u n\u00e0y h\u1ee9a h\u1eb9n mang l\u1ea1i hi\u1ec7u qu\u1ea3 v\u01b0\u1ee3t tr\u1ed9i, \u0111\u1eb7c bi\u1ec7t l\u00e0 \u0111\u00e1p \u1ee9ng c\u00e1c y\u00eau c\u1ea7u \u0111\u1eb7c bi\u1ec7t c\u1ee7a kh\u00e1ch h\u00e0ng.<\/p>\n","protected":false},"featured_media":1072,"template":"","meta":[],"product_brand":[],"product_cat":[72],"product_tag":[],"class_list":{"0":"post-1071","1":"product","2":"type-product","3":"status-publish","4":"has-post-thumbnail","6":"product_cat-san-pham-tui-banh-mi","8":"first","9":"instock","10":"virtual","11":"product-type-simple"},"_links":{"self":[{"href":"https:\/\/tuibanhmidep.com\/bai-viet\/wp-json\/wp\/v2\/product\/1071","targetHints":{"allow":["GET"]}}],"collection":[{"href":"https:\/\/tuibanhmidep.com\/bai-viet\/wp-json\/wp\/v2\/product"}],"about":[{"href":"https:\/\/tuibanhmidep.com\/bai-viet\/wp-json\/wp\/v2\/types\/product"}],"wp:featuredmedia":[{"embeddable":true,"href":"https:\/\/tuibanhmidep.com\/bai-viet\/wp-json\/wp\/v2\/media\/1072"}],"wp:attachment":[{"href":"https:\/\/tuibanhmidep.com\/bai-viet\/wp-json\/wp\/v2\/media?parent=1071"}],"wp:term":[{"taxonomy":"product_brand","embeddable":true,"href":"https:\/\/tuibanhmidep.com\/bai-viet\/wp-json\/wp\/v2\/product_brand?post=1071"},{"taxonomy":"product_cat","embeddable":true,"href":"https:\/\/tuibanhmidep.com\/bai-viet\/wp-json\/wp\/v2\/product_cat?post=1071"},{"taxonomy":"product_tag","embeddable":true,"href":"https:\/\/tuibanhmidep.com\/bai-viet\/wp-json\/wp\/v2\/product_tag?post=1071"}],"curies":[{"name":"wp","href":"https:\/\/api.w.org\/{rel}","templated":true}]}}