{"id":1059,"date":"2024-05-06T19:47:15","date_gmt":"2024-05-06T12:47:15","guid":{"rendered":"https:\/\/tuibanhmidep.com\/bai-viet\/shop\/in-30000-bao-banh-mi-than-thien-moi-truong-ma-bmd_5189-giay-mg-gia-goc-tu-nha-may\/"},"modified":"2024-05-06T19:47:15","modified_gmt":"2024-05-06T12:47:15","slug":"in-30000-bao-banh-mi-than-thien-moi-truong-ma-bmd_5189-giay-mg-gia-goc-tu-nha-may","status":"publish","type":"product","link":"https:\/\/tuibanhmidep.com\/bai-viet\/shop\/in-30000-bao-banh-mi-than-thien-moi-truong-ma-bmd_5189-giay-mg-gia-goc-tu-nha-may\/","title":{"rendered":"In 30000 Bao B\u00e1nh M\u00ec Th\u00e2n Thi\u1ec7n M\u00f4i Tr\u01b0\u1eddng (M\u00e3 BMD_5189) Gi\u1ea5y MG &#8211; Gi\u00e1 G\u1ed1c t\u1eeb Nh\u00e0 M\u00e1y"},"content":{"rendered":"<h2>Bao B\u00e1nh M\u00ec Th\u00e2n Thi\u1ec7n M\u00f4i Tr\u01b0\u1eddng: Gi\u1ea3i Ph\u00e1p L\u00fd T\u01b0\u1edfng Cho B\u00e1nh M\u00ec Vi\u1ec7t Nam<\/h2>\n<p>Bao b\u00e1nh m\u00ec th\u00e2n thi\u1ec7n m\u00f4i tr\u01b0\u1eddng (m\u00e3 BMD_5189) gi\u1ea5y MG l\u00e0 s\u1ef1 l\u1ef1a ch\u1ecdn ho\u00e0n h\u1ea3o cho vi\u1ec7c \u0111\u1ef1ng b\u00e1nh m\u00ec t\u1ea1i c\u00e1c qu\u00e1n \u0103n, c\u1eeda h\u00e0ng b\u00e1nh m\u00ec, hay \u0111\u01a1n gi\u1ea3n l\u00e0 \u0111\u1ec3 mang \u0111i. V\u1edbi ch\u1ea5t li\u1ec7u gi\u1ea5y MG an to\u00e0n v\u00e0 kh\u00f4ng \u0111\u1ed9c h\u1ea1i, t\u00fai b\u00e1nh m\u00ec n\u00e0y \u0111\u1ea3m b\u1ea3o s\u1ef1 an to\u00e0n cho th\u1ef1c ph\u1ea9m, \u0111\u1ed3ng th\u1eddi gi\u1eef cho b\u00e1nh m\u00ec lu\u00f4n t\u01b0\u01a1i ngon.<\/p>\n<h3>An To\u00e0n Cho S\u1ee9c Kh\u1ecfe v\u00e0 M\u00f4i Tr\u01b0\u1eddng<\/h3>\n<p>T\u00fai b\u00e1nh m\u00ec th\u00e2n thi\u1ec7n m\u00f4i tr\u01b0\u1eddng \u0111\u01b0\u1ee3c l\u00e0m t\u1eeb gi\u1ea5y MG, m\u1ed9t lo\u1ea1i gi\u1ea5y an to\u00e0n cho s\u1ee9c kh\u1ecfe v\u00e0 kh\u00f4ng g\u00e2y h\u1ea1i cho m\u00f4i tr\u01b0\u1eddng khi ph\u00e2n h\u1ee7y. \u0110i\u1ec1u n\u00e0y \u0111\u1ea3m b\u1ea3o r\u1eb1ng khi s\u1eed d\u1ee5ng t\u00fai b\u00e1nh m\u00ec n\u00e0y, b\u1ea1n kh\u00f4ng ch\u1ec9 b\u1ea3o v\u1ec7 s\u1ee9c kh\u1ecfe c\u1ee7a m\u00ecnh m\u00e0 c\u00f2n \u0111\u00f3ng g\u00f3p v\u00e0o vi\u1ec7c b\u1ea3o v\u1ec7 m\u00f4i tr\u01b0\u1eddng xanh s\u1ea1ch.<\/p>\n<h3>Ti\u1ec7n L\u1ee3i v\u00e0 Th\u00e2n Thi\u1ec7n M\u00f4i Tr\u01b0\u1eddng<\/h3>\n<p>T\u00fai b\u00e1nh m\u00ec th\u00e2n thi\u1ec7n m\u00f4i tr\u01b0\u1eddng kh\u00f4ng ch\u1ec9 l\u00e0 l\u1ef1a ch\u1ecdn an to\u00e0n m\u00e0 c\u00f2n r\u1ea5t ti\u1ec7n l\u1ee3i. V\u1edbi k\u00edch th\u01b0\u1edbc ph\u00f9 h\u1ee3p, t\u00fai b\u00e1nh m\u00ec n\u00e0y ch\u1ec9 \u0111\u1ef1ng \u0111\u01b0\u1ee3c m\u1ed9t \u1ed5 b\u00e1nh m\u00ec Vi\u1ec7t Nam, gi\u00fap b\u1ea3o qu\u1ea3n b\u00e1nh m\u00ec m\u1ed9t c\u00e1ch t\u1ed1t nh\u1ea5t. \u0110\u1eb7c bi\u1ec7t, kh\u00f4ng c\u00f3 quai x\u00e1ch gi\u00fap t\u00fai b\u00e1nh m\u00ec tr\u1edf n\u00ean g\u1ecdn nh\u1eb9 v\u00e0 d\u1ec5 d\u00e0ng mang theo.<\/p>\n<h3>Th\u00f4ng Tin K\u1ef9 Thu\u1eadt<\/h3>\n<p>&#8211; K\u00edch th\u01b0\u1edbc: Ngang 9.5cm, Cao 24.5cm, 2 b\u00ean h\u00f4ng r\u1ed9ng 4.5cm<br \/>\n&#8211; Ch\u1ea5t li\u1ec7u: Gi\u1ea5y MG kh\u00f4ng \u0111\u1ed9c h\u1ea1i, kh\u00f4ng \u0103n \u0111\u01b0\u1ee3c<br \/>\n&#8211; M\u00e3 s\u1ea3n ph\u1ea9m: BMD_5189<\/p>\n<h3>T\u1eeb Ng\u1eef \u0110a D\u1ea1ng<\/h3>\n<p>Ngo\u00e0i t\u00ean g\u1ecdi ch\u00ednh l\u00e0 bao b\u00e1nh m\u00ec, t\u00fai gi\u1ea5y \u0111\u1ef1ng b\u00e1nh m\u00ec n\u00e0y c\u00f2n c\u00f3 th\u1ec3 \u0111\u01b0\u1ee3c g\u1ecdi l\u00e0 gi\u1ea5y g\u00f3i b\u00e1nh m\u00ec, ph\u1ea3n \u00e1nh t\u00ednh linh ho\u1ea1t v\u00e0 \u0111a d\u1ea1ng trong vi\u1ec7c s\u1eed d\u1ee5ng.<\/p>\n<h3>Gi\u00e1 G\u1ed1c T\u1eeb Nh\u00e0 M\u00e1y<\/h3>\n<p>V\u1edbi gi\u00e1 g\u1ed1c t\u1eeb nh\u00e0 m\u00e1y, t\u00fai b\u00e1nh m\u00ec th\u00e2n thi\u1ec7n m\u00f4i tr\u01b0\u1eddng (m\u00e3 BMD_5189) gi\u1ea5y MG kh\u00f4ng ch\u1ec9 \u0111\u1ea3m b\u1ea3o ch\u1ea5t l\u01b0\u1ee3ng m\u00e0 c\u00f2n mang l\u1ea1i s\u1ef1 ti\u1ebft ki\u1ec7m cho ng\u01b0\u1eddi ti\u00eau d\u00f9ng.<\/p>\n","protected":false},"excerpt":{"rendered":"<p>K\u00edch th\u01b0\u1edbc 9.5&#215;4.5x24cm, \u0111\u1ecbnh l\u01b0\u1ee3ng gi\u1ea5y 50gsm. Bao b\u00e1nh m\u00ec th\u00e2n thi\u1ec7n m\u00f4i tr\u01b0\u1eddng l\u00e0 gi\u1ea3i ph\u00e1p an to\u00e0n v\u00e0 ti\u1ec7n l\u1ee3i cho vi\u1ec7c \u0111\u1ef1ng b\u00e1nh m\u00ec, \u0111\u01b0\u1ee3c l\u00e0m t\u1eeb gi\u1ea5y MG kh\u00f4ng \u0111\u1ed9c h\u1ea1i, kh\u00f4ng \u0103n \u0111\u01b0\u1ee3c, v\u00e0 kh\u00f4ng c\u00f3 quai x\u00e1ch.<\/p>\n","protected":false},"featured_media":1060,"template":"","meta":[],"product_brand":[],"product_cat":[72],"product_tag":[],"class_list":{"0":"post-1059","1":"product","2":"type-product","3":"status-publish","4":"has-post-thumbnail","6":"product_cat-san-pham-tui-banh-mi","8":"first","9":"instock","10":"virtual","11":"product-type-simple"},"_links":{"self":[{"href":"https:\/\/tuibanhmidep.com\/bai-viet\/wp-json\/wp\/v2\/product\/1059","targetHints":{"allow":["GET"]}}],"collection":[{"href":"https:\/\/tuibanhmidep.com\/bai-viet\/wp-json\/wp\/v2\/product"}],"about":[{"href":"https:\/\/tuibanhmidep.com\/bai-viet\/wp-json\/wp\/v2\/types\/product"}],"wp:featuredmedia":[{"embeddable":true,"href":"https:\/\/tuibanhmidep.com\/bai-viet\/wp-json\/wp\/v2\/media\/1060"}],"wp:attachment":[{"href":"https:\/\/tuibanhmidep.com\/bai-viet\/wp-json\/wp\/v2\/media?parent=1059"}],"wp:term":[{"taxonomy":"product_brand","embeddable":true,"href":"https:\/\/tuibanhmidep.com\/bai-viet\/wp-json\/wp\/v2\/product_brand?post=1059"},{"taxonomy":"product_cat","embeddable":true,"href":"https:\/\/tuibanhmidep.com\/bai-viet\/wp-json\/wp\/v2\/product_cat?post=1059"},{"taxonomy":"product_tag","embeddable":true,"href":"https:\/\/tuibanhmidep.com\/bai-viet\/wp-json\/wp\/v2\/product_tag?post=1059"}],"curies":[{"name":"wp","href":"https:\/\/api.w.org\/{rel}","templated":true}]}}