{"id":1053,"date":"2024-05-06T19:34:49","date_gmt":"2024-05-06T12:34:49","guid":{"rendered":"https:\/\/tuibanhmidep.com\/bai-viet\/shop\/in-30000-bao-banh-mi-ma-bmd_7270-giay-mg-gia-tot-nhat-thi-truong\/"},"modified":"2024-05-06T19:34:49","modified_gmt":"2024-05-06T12:34:49","slug":"in-30000-bao-banh-mi-ma-bmd_7270-giay-mg-gia-tot-nhat-thi-truong","status":"publish","type":"product","link":"https:\/\/tuibanhmidep.com\/bai-viet\/shop\/in-30000-bao-banh-mi-ma-bmd_7270-giay-mg-gia-tot-nhat-thi-truong\/","title":{"rendered":"In 30000 Bao B\u00e1nh M\u00ec (M\u00e3 BMD_7270) Gi\u1ea5y MG &#8211; Gi\u00e1 T\u1ed1t Nh\u1ea5t Th\u1ecb Tr\u01b0\u1eddng"},"content":{"rendered":"<h2>Bao B\u00e1nh M\u00ec (M\u00e3 BMD_7270) Gi\u1ea5y MG &#8211; Gi\u00e1 T\u1ed1t Nh\u1ea5t Th\u1ecb Tr\u01b0\u1eddng<\/h2>\n<p>\u0110\u1ec3 \u0111\u1ea3m b\u1ea3o b\u00e1nh m\u00ec c\u1ee7a b\u1ea1n \u0111\u01b0\u1ee3c b\u1ea3o qu\u1ea3n v\u00e0 v\u1eadn chuy\u1ec3n m\u1ed9t c\u00e1ch an to\u00e0n v\u00e0 ti\u1ec7n l\u1ee3i, bao b\u00e1nh m\u00ec (m\u00e3 BMD_7270) gi\u1ea5y MG l\u00e0 s\u1ef1 l\u1ef1a ch\u1ecdn ho\u00e0n h\u1ea3o. V\u1edbi gi\u00e1 t\u1ed1t nh\u1ea5t tr\u00ean th\u1ecb tr\u01b0\u1eddng, s\u1ea3n ph\u1ea9m n\u00e0y kh\u00f4ng ch\u1ec9 \u0111\u1ea3m b\u1ea3o ch\u1ea5t l\u01b0\u1ee3ng m\u00e0 c\u00f2n mang l\u1ea1i s\u1ef1 ti\u1ec7n l\u1ee3i cho vi\u1ec7c \u0111\u00f3ng g\u00f3i v\u00e0 di chuy\u1ec3n b\u00e1nh m\u00ec.<\/p>\n<h3>\u0110\u1eb7c \u0110i\u1ec3m C\u1ee7a Bao B\u00e1nh M\u00ec (M\u00e3 BMD_7270) Gi\u1ea5y MG<\/h3>\n<ul>\n<li>T\u00fai b\u00e1nh m\u00ec \u0111\u01b0\u1ee3c l\u00e0m t\u1eeb gi\u1ea5y an to\u00e0n s\u1eed d\u1ee5ng cho th\u1ef1c ph\u1ea9m, \u0111\u1ea3m b\u1ea3o an to\u00e0n cho s\u1ee9c kh\u1ecfe c\u1ee7a ng\u01b0\u1eddi ti\u00eau d\u00f9ng.<\/li>\n<li>Kh\u00f4ng \u0103n \u0111\u01b0\u1ee3c, \u0111\u1ea3m b\u1ea3o v\u1ec7 sinh cho b\u00e1nh m\u00ec b\u00ean trong.<\/li>\n<li>Kh\u00f4ng c\u00f3 quai x\u00e1ch, gi\u00fap gi\u1eef cho b\u00e1nh m\u00ec \u0111\u01b0\u1ee3c b\u1ea3o qu\u1ea3n m\u1ed9t c\u00e1ch ch\u1eafc ch\u1eafn v\u00e0 kh\u00f4ng b\u1ecb bi\u1ebfn d\u1ea1ng khi v\u1eadn chuy\u1ec3n.<\/li>\n<li>Ch\u1ec9 \u0111\u1ef1ng \u0111\u01b0\u1ee3c m\u1ed9t \u1ed5 b\u00e1nh m\u00ec Vi\u1ec7t Nam, ph\u00f9 h\u1ee3p v\u1edbi k\u00edch th\u01b0\u1edbc chu\u1ea9n c\u1ee7a b\u00e1nh m\u00ec truy\u1ec1n th\u1ed1ng.<\/li>\n<li>K\u00edch th\u01b0\u1edbc ph\u1ed5 bi\u1ebfn: ngang 9.5cm, cao 24.5cm v\u00e0 c\u00f3 2 b\u00ean h\u00f4ng r\u1ed9ng 4.5cm, ph\u00f9 h\u1ee3p cho \u0111a s\u1ed1 lo\u1ea1i b\u00e1nh m\u00ec.<\/li>\n<li>C\u00f3 nhi\u1ec1u t\u00ean g\u1ecdi kh\u00e1c nhau nh\u01b0 bao b\u00e1nh m\u00ec, gi\u1ea5y g\u00f3i b\u00e1nh m\u00ec, t\u00fai gi\u1ea5y \u0111\u1ef1ng b\u00e1nh m\u00ec, t\u1ea1o s\u1ef1 linh ho\u1ea1t trong vi\u1ec7c giao ti\u1ebfp v\u00e0 ti\u1ebfp c\u1eadn v\u1edbi kh\u00e1ch h\u00e0ng.<\/li>\n<\/ul>\n<h3>L\u1ee3i \u00cdch Khi S\u1eed D\u1ee5ng Bao B\u00e1nh M\u00ec (M\u00e3 BMD_7270) Gi\u1ea5y MG<\/h3>\n<p>S\u1eed d\u1ee5ng bao b\u00e1nh m\u00ec gi\u1ea5y MG kh\u00f4ng ch\u1ec9 gi\u00fap b\u1ea3o qu\u1ea3n b\u00e1nh m\u00ec m\u1ed9t c\u00e1ch an to\u00e0n m\u00e0 c\u00f2n t\u1ea1o s\u1ef1 chuy\u00ean nghi\u1ec7p v\u00e0 g\u1ecdn g\u00e0ng cho c\u1eeda h\u00e0ng b\u00e1nh m\u00ec c\u1ee7a b\u1ea1n. V\u1edbi gi\u00e1 c\u1ea3 h\u1ee3p l\u00fd v\u00e0 ch\u1ea5t l\u01b0\u1ee3ng \u0111\u1ea3m b\u1ea3o, s\u1ea3n ph\u1ea9m n\u00e0y s\u1ebd l\u00e0 s\u1ef1 l\u1ef1a ch\u1ecdn ho\u00e0n h\u1ea3o cho nhu c\u1ea7u \u0111\u00f3ng g\u00f3i v\u00e0 b\u1ea3o qu\u1ea3n b\u00e1nh m\u00ec c\u1ee7a b\u1ea1n.<\/p>\n","protected":false},"excerpt":{"rendered":"<p>K\u00edch th\u01b0\u1edbc 9.5&#215;4.5x24cm, \u0111\u1ecbnh l\u01b0\u1ee3ng gi\u1ea5y 50gsm. T\u00fai b\u00e1nh m\u00ec, hay c\u00f2n \u0111\u01b0\u1ee3c g\u1ecdi l\u00e0 bao b\u00e1nh m\u00ec, l\u00e0 m\u1ed9t s\u1ea3n ph\u1ea9m kh\u00f4ng th\u1ec3 thi\u1ebfu trong vi\u1ec7c \u0111\u00f3ng g\u00f3i b\u00e1nh m\u00ec ngon v\u00e0 s\u1ea1ch s\u1ebd. Ch\u00fang \u0111\u01b0\u1ee3c l\u00e0m t\u1eeb gi\u1ea5y an to\u00e0n s\u1eed d\u1ee5ng cho th\u1ef1c ph\u1ea9m, \u0111\u1ea3m b\u1ea3o an to\u00e0n cho s\u1ee9c kh\u1ecfe c\u1ee7a ng\u01b0\u1eddi ti\u00eau d\u00f9ng.<\/p>\n","protected":false},"featured_media":1054,"template":"","meta":[],"product_brand":[],"product_cat":[72],"product_tag":[],"class_list":{"0":"post-1053","1":"product","2":"type-product","3":"status-publish","4":"has-post-thumbnail","6":"product_cat-san-pham-tui-banh-mi","8":"first","9":"instock","10":"virtual","11":"product-type-simple"},"_links":{"self":[{"href":"https:\/\/tuibanhmidep.com\/bai-viet\/wp-json\/wp\/v2\/product\/1053","targetHints":{"allow":["GET"]}}],"collection":[{"href":"https:\/\/tuibanhmidep.com\/bai-viet\/wp-json\/wp\/v2\/product"}],"about":[{"href":"https:\/\/tuibanhmidep.com\/bai-viet\/wp-json\/wp\/v2\/types\/product"}],"wp:featuredmedia":[{"embeddable":true,"href":"https:\/\/tuibanhmidep.com\/bai-viet\/wp-json\/wp\/v2\/media\/1054"}],"wp:attachment":[{"href":"https:\/\/tuibanhmidep.com\/bai-viet\/wp-json\/wp\/v2\/media?parent=1053"}],"wp:term":[{"taxonomy":"product_brand","embeddable":true,"href":"https:\/\/tuibanhmidep.com\/bai-viet\/wp-json\/wp\/v2\/product_brand?post=1053"},{"taxonomy":"product_cat","embeddable":true,"href":"https:\/\/tuibanhmidep.com\/bai-viet\/wp-json\/wp\/v2\/product_cat?post=1053"},{"taxonomy":"product_tag","embeddable":true,"href":"https:\/\/tuibanhmidep.com\/bai-viet\/wp-json\/wp\/v2\/product_tag?post=1053"}],"curies":[{"name":"wp","href":"https:\/\/api.w.org\/{rel}","templated":true}]}}