{"id":1017,"date":"2024-05-06T18:27:35","date_gmt":"2024-05-06T11:27:35","guid":{"rendered":"https:\/\/tuibanhmidep.com\/bai-viet\/shop\/in-70000-tui-banh-mi-da-nang-ma-bmd_51100-giay-giay-thuc-pham-cao-cap-theo-yeu-cau\/"},"modified":"2024-05-06T18:27:35","modified_gmt":"2024-05-06T11:27:35","slug":"in-70000-tui-banh-mi-da-nang-ma-bmd_51100-giay-giay-thuc-pham-cao-cap-theo-yeu-cau","status":"publish","type":"product","link":"https:\/\/tuibanhmidep.com\/bai-viet\/shop\/in-70000-tui-banh-mi-da-nang-ma-bmd_51100-giay-giay-thuc-pham-cao-cap-theo-yeu-cau\/","title":{"rendered":"In 70000 t\u00fai b\u00e1nh m\u00ec \u0111a n\u0103ng (m\u00e3 BMD_51100) gi\u1ea5y gi\u1ea5y th\u1ef1c ph\u1ea9m cao c\u1ea5p &#8211; theo y\u00eau c\u1ea7u"},"content":{"rendered":"<h2>T\u00ednh n\u0103ng c\u1ee7a t\u00fai b\u00e1nh m\u00ec \u0111a n\u0103ng (m\u00e3 BMD_51100)<\/h2>\n<ul>\n<li><strong>Ch\u1ea5t li\u1ec7u cao c\u1ea5p:<\/strong> \u0110\u01b0\u1ee3c s\u1ea3n xu\u1ea5t t\u1eeb lo\u1ea1i gi\u1ea5y an to\u00e0n cho th\u1ef1c ph\u1ea9m, t\u00fai b\u00e1nh m\u00ec BMD_51100 kh\u00f4ng ch\u1ec9 \u0111\u1ea3m b\u1ea3o an to\u00e0n v\u1ec7 sinh m\u00e0 c\u00f2n th\u00e2n thi\u1ec7n v\u1edbi m\u00f4i tr\u01b0\u1eddng.<\/li>\n<li><strong>K\u00edch th\u01b0\u1edbc l\u00fd t\u01b0\u1edfng:<\/strong> T\u00fai c\u00f3 k\u00edch th\u01b0\u1edbc ngang 9.5cm, cao 24.5cm, v\u00e0 2 b\u00ean h\u00f4ng r\u1ed9ng 4.5cm, ph\u00f9 h\u1ee3p cho m\u1ed9t \u1ed5 b\u00e1nh m\u00ec Vi\u1ec7t Nam. \u0110\u1eb7c \u0111i\u1ec3m n\u00e0y gi\u00fap b\u00e1nh m\u00ec \u0111\u01b0\u1ee3c b\u1ea3o qu\u1ea3n nguy\u00ean v\u1eb9n, tr\u00e1nh b\u1ecb h\u01b0 h\u1ecfng trong qu\u00e1 tr\u00ecnh v\u1eadn chuy\u1ec3n.<\/li>\n<li><strong>Kh\u00f4ng c\u00f3 quai x\u00e1ch:<\/strong> Thi\u1ebft k\u1ebf \u0111\u01a1n gi\u1ea3n, kh\u00f4ng c\u00f3 quai x\u00e1ch, t\u1ea1o s\u1ef1 g\u1ecdn nh\u1eb9 v\u00e0 d\u1ec5 d\u00e0ng trong vi\u1ec7c \u0111\u00f3ng g\u00f3i v\u00e0 v\u1eadn chuy\u1ec3n.<\/li>\n<li><strong>\u0110a d\u1ee5ng:<\/strong> T\u00fai b\u00e1nh m\u00ec BMD_51100 c\u00f3 th\u1ec3 s\u1eed d\u1ee5ng cho nhi\u1ec1u m\u1ee5c \u0111\u00edch kh\u00e1c nhau, kh\u00f4ng ch\u1ec9 d\u00e0nh ri\u00eang cho b\u00e1nh m\u00ec, m\u00e0 c\u00f2n ph\u00f9 h\u1ee3p \u0111\u1ec3 \u0111\u00f3ng g\u00f3i c\u00e1c lo\u1ea1i th\u1ef1c ph\u1ea9m kh\u00e1c nh\u01b0 b\u00e1nh ng\u1ecdt hay \u0111\u1ed3 \u0103n nhanh.<\/li>\n<li><strong>Kh\u00f4ng \u0103n \u0111\u01b0\u1ee3c:<\/strong> T\u00fai b\u00e1nh m\u00ec \u0111\u01b0\u1ee3c l\u00e0m t\u1eeb gi\u1ea5y n\u00ean kh\u00f4ng \u0103n \u0111\u01b0\u1ee3c. Tuy nhi\u00ean, v\u1edbi ch\u1ea5t l\u01b0\u1ee3ng gi\u1ea5y an to\u00e0n th\u1ef1c ph\u1ea9m, t\u00fai \u0111\u1ea3m b\u1ea3o s\u1ef1 s\u1ea1ch s\u1ebd v\u00e0 gi\u1eef nguy\u00ean h\u01b0\u01a1ng v\u1ecb c\u1ee7a b\u00e1nh m\u00ec.<\/li>\n<\/ul>\n<h2>\u1ee8ng d\u1ee5ng c\u1ee7a t\u00fai b\u00e1nh m\u00ec \u0111a n\u0103ng<\/h2>\n<ul>\n<li><strong>B\u00e1nh m\u00ec:<\/strong> T\u00fai b\u00e1nh m\u00ec BMD_51100 \u0111\u01b0\u1ee3c thi\u1ebft k\u1ebf \u0111\u1ec3 \u0111\u1ef1ng m\u1ed9t \u1ed5 b\u00e1nh m\u00ec Vi\u1ec7t Nam, \u0111\u00e1p \u1ee9ng m\u1ecdi nhu c\u1ea7u t\u1eeb c\u1eeda h\u00e0ng b\u00e1nh m\u00ec truy\u1ec1n th\u1ed1ng \u0111\u1ebfn chu\u1ed7i nh\u00e0 h\u00e0ng \u0103n nhanh hi\u1ec7n \u0111\u1ea1i.<\/li>\n<li><strong>\u0110\u1ed3 \u0103n nhanh:<\/strong> C\u00e1c lo\u1ea1i th\u1ef1c ph\u1ea9m nh\u01b0 b\u00e1nh ng\u1ecdt, \u0111\u1ed3 \u0103n nhanh c\u0169ng c\u00f3 th\u1ec3 s\u1eed d\u1ee5ng t\u00fai n\u00e0y \u0111\u1ec3 \u0111\u00f3ng g\u00f3i nh\u1edd thi\u1ebft k\u1ebf th\u00f4ng minh v\u00e0 ch\u1ea5t li\u1ec7u an to\u00e0n.<\/li>\n<\/ul>\n<h2>T\u1ea1i sao n\u00ean ch\u1ecdn t\u00fai b\u00e1nh m\u00ec \u0111a n\u0103ng BMD_51100?<\/h2>\n<ul>\n<li><strong>Ti\u1ec7n l\u1ee3i:<\/strong> T\u00fai \u0111\u01b0\u1ee3c thi\u1ebft k\u1ebf v\u1eeba v\u1eb7n cho b\u00e1nh m\u00ec Vi\u1ec7t Nam, kh\u00f4ng c\u1ea7n ph\u1ea3i \u0111i\u1ec1u ch\u1ec9nh nhi\u1ec1u trong qu\u00e1 tr\u00ecnh \u0111\u00f3ng g\u00f3i.<\/li>\n<li><strong>An to\u00e0n:<\/strong> Ch\u1ea5t li\u1ec7u gi\u1ea5y cao c\u1ea5p \u0111\u00e1p \u1ee9ng c\u00e1c ti\u00eau chu\u1ea9n v\u1ec7 sinh, b\u1ea3o v\u1ec7 s\u1ee9c kh\u1ecfe ng\u01b0\u1eddi d\u00f9ng.<\/li>\n<li><strong>Th\u00e2n thi\u1ec7n v\u1edbi m\u00f4i tr\u01b0\u1eddng:<\/strong> Gi\u1ea5y l\u00e0m t\u00fai c\u00f3 th\u1ec3 t\u00e1i ch\u1ebf, gi\u00fap gi\u1ea3m thi\u1ec3u l\u01b0\u1ee3ng r\u00e1c th\u1ea3i nh\u1ef1a kh\u00f3 ph\u00e2n h\u1ee7y.<\/li>\n<li><strong>\u0110a n\u0103ng:<\/strong> T\u00fai c\u00f3 th\u1ec3 \u0111\u01b0\u1ee3c s\u1eed d\u1ee5ng trong nhi\u1ec1u t\u00ecnh hu\u1ed1ng, t\u1eeb \u0111\u00f3ng g\u00f3i b\u00e1nh m\u00ec \u0111\u1ebfn b\u1ea3o qu\u1ea3n \u0111\u1ed3 \u0103n nhanh.<\/li>\n<\/ul>\n","protected":false},"excerpt":{"rendered":"<p>K\u00edch th\u01b0\u1edbc 9.5&#215;4.5x24cm, \u0111\u1ecbnh l\u01b0\u1ee3ng gi\u1ea5y 50gsm. <\/p>\n","protected":false},"featured_media":1018,"template":"","meta":[],"product_brand":[],"product_cat":[72],"product_tag":[],"class_list":{"0":"post-1017","1":"product","2":"type-product","3":"status-publish","4":"has-post-thumbnail","6":"product_cat-san-pham-tui-banh-mi","8":"first","9":"instock","10":"virtual","11":"product-type-simple"},"_links":{"self":[{"href":"https:\/\/tuibanhmidep.com\/bai-viet\/wp-json\/wp\/v2\/product\/1017","targetHints":{"allow":["GET"]}}],"collection":[{"href":"https:\/\/tuibanhmidep.com\/bai-viet\/wp-json\/wp\/v2\/product"}],"about":[{"href":"https:\/\/tuibanhmidep.com\/bai-viet\/wp-json\/wp\/v2\/types\/product"}],"wp:featuredmedia":[{"embeddable":true,"href":"https:\/\/tuibanhmidep.com\/bai-viet\/wp-json\/wp\/v2\/media\/1018"}],"wp:attachment":[{"href":"https:\/\/tuibanhmidep.com\/bai-viet\/wp-json\/wp\/v2\/media?parent=1017"}],"wp:term":[{"taxonomy":"product_brand","embeddable":true,"href":"https:\/\/tuibanhmidep.com\/bai-viet\/wp-json\/wp\/v2\/product_brand?post=1017"},{"taxonomy":"product_cat","embeddable":true,"href":"https:\/\/tuibanhmidep.com\/bai-viet\/wp-json\/wp\/v2\/product_cat?post=1017"},{"taxonomy":"product_tag","embeddable":true,"href":"https:\/\/tuibanhmidep.com\/bai-viet\/wp-json\/wp\/v2\/product_tag?post=1017"}],"curies":[{"name":"wp","href":"https:\/\/api.w.org\/{rel}","templated":true}]}}